{"id":952,"date":"2025-03-17T19:56:10","date_gmt":"2025-03-17T19:56:10","guid":{"rendered":"https:\/\/camingredients.com\/?post_type=product&#038;p=952"},"modified":"2026-03-22T14:38:47","modified_gmt":"2026-03-22T14:38:47","slug":"sodium-bicarbonate","status":"publish","type":"product","link":"https:\/\/camingredients.com\/fr\/produit\/sodium-bicarbonate\/","title":{"rendered":"Bicarbonate de Sodium"},"content":{"rendered":"","protected":false},"excerpt":{"rendered":"<p><span style=\"font-weight: 400;\">Le bicarbonate de sodium est un alcalin doux avec un pH de 8,5. Il est g\u00e9n\u00e9ralement s\u00fbr et peut \u00eatre conserv\u00e9 \u00e0 temp\u00e9rature ambiante et sous pression normale. Non toxique, il est \u00e9galement connu sous le nom de bicarbonate de soude. C\u2019est une poudre ou un solide cristallin blanc aux nombreuses utilisations : agent levant, aliment pour animaux, produit de nettoyage, adoucisseur d\u2019eau, ajusteur de pH, reconstituant d\u2019\u00e9lectrolytes, nettoyant topique et d\u00e9sodorisant.<\/span><\/p>\n<h3>Pays d\u2019origine : Chine<\/h3>\n<p>Conservation: <span style=\"font-weight: 400;\">\u00c0 conserver dans un contenant bien ferm\u00e9, \u00e0 l\u2019abri de l\u2019humidit\u00e9.<\/span><\/p>","protected":false},"featured_media":1294,"template":"","meta":{"_acf_changed":false,"site-sidebar-layout":"default","site-content-layout":"","ast-site-content-layout":"default","site-content-style":"default","site-sidebar-style":"default","ast-global-header-display":"","ast-banner-title-visibility":"","ast-main-header-display":"","ast-hfb-above-header-display":"","ast-hfb-below-header-display":"","ast-hfb-mobile-header-display":"","site-post-title":"","ast-breadcrumbs-content":"","ast-featured-img":"","footer-sml-layout":"","ast-disable-related-posts":"","theme-transparent-header-meta":"default","adv-header-id-meta":"","stick-header-meta":"","header-above-stick-meta":"","header-main-stick-meta":"","header-below-stick-meta":"","astra-migrate-meta-layouts":"set","ast-page-background-enabled":"default","ast-page-background-meta":{"desktop":{"background-color":"var(--ast-global-color-5)","background-image":"","background-repeat":"repeat","background-position":"center center","background-size":"auto","background-attachment":"scroll","background-type":"","background-media":"","overlay-type":"","overlay-color":"","overlay-opacity":"","overlay-gradient":""},"tablet":{"background-color":"","background-image":"","background-repeat":"repeat","background-position":"center center","background-size":"auto","background-attachment":"scroll","background-type":"","background-media":"","overlay-type":"","overlay-color":"","overlay-opacity":"","overlay-gradient":""},"mobile":{"background-color":"","background-image":"","background-repeat":"repeat","background-position":"center center","background-size":"auto","background-attachment":"scroll","background-type":"","background-media":"","overlay-type":"","overlay-color":"","overlay-opacity":"","overlay-gradient":""}},"ast-content-background-meta":{"desktop":{"background-color":"var(--ast-global-color-4)","background-image":"","background-repeat":"repeat","background-position":"center center","background-size":"auto","background-attachment":"scroll","background-type":"","background-media":"","overlay-type":"","overlay-color":"","overlay-opacity":"","overlay-gradient":""},"tablet":{"background-color":"var(--ast-global-color-4)","background-image":"","background-repeat":"repeat","background-position":"center center","background-size":"auto","background-attachment":"scroll","background-type":"","background-media":"","overlay-type":"","overlay-color":"","overlay-opacity":"","overlay-gradient":""},"mobile":{"background-color":"var(--ast-global-color-4)","background-image":"","background-repeat":"repeat","background-position":"center center","background-size":"auto","background-attachment":"scroll","background-type":"","background-media":"","overlay-type":"","overlay-color":"","overlay-opacity":"","overlay-gradient":""}}},"product_brand":[],"product_cat":[17],"product_tag":[42],"class_list":{"0":"post-952","1":"product","2":"type-product","3":"status-publish","4":"has-post-thumbnail","6":"product_cat-uncategorised","7":"product_tag-usp","8":"desktop-align-center","9":"tablet-align-left","10":"mobile-align-left","12":"first","13":"instock","14":"taxable","15":"shipping-taxable","16":"purchasable","17":"product-type-variable","18":"has-default-attributes"},"acf":[],"yoast_head":"<!-- This site is optimized with the Yoast SEO plugin v27.3 - https:\/\/yoast.com\/product\/yoast-seo-wordpress\/ -->\n<title>Sodium Bicarbonate - CAM Ingredients<\/title>\n<meta name=\"robots\" content=\"index, follow, max-snippet:-1, max-image-preview:large, max-video-preview:-1\" \/>\n<link rel=\"canonical\" href=\"https:\/\/camingredients.com\/fr\/produit\/sodium-bicarbonate\/\" \/>\n<meta property=\"og:locale\" content=\"fr_CA\" \/>\n<meta property=\"og:type\" content=\"article\" \/>\n<meta property=\"og:title\" content=\"Sodium Bicarbonate - CAM Ingredients\" \/>\n<meta property=\"og:description\" content=\"Sodium bicarbonate is a mild alkali with a pH of 8.5. It&#039;s generally safe and can be stored at room temperature and pressure. It&#039;s also not toxic and it is also known as baking soda, is a white, crystalline powder or solid with many uses as a Baking agent, Animal feed, Cleaning product, Water softening, pH adjustment, Electrolyte replenishier, Topical cleansing and Deodorizer. Country of Origin: China Storage: Store in a well-closed container away from moisture\" \/>\n<meta property=\"og:url\" content=\"https:\/\/camingredients.com\/fr\/produit\/sodium-bicarbonate\/\" \/>\n<meta property=\"og:site_name\" content=\"CAM Ingredients\" \/>\n<meta property=\"article:modified_time\" content=\"2026-03-22T14:38:47+00:00\" \/>\n<meta property=\"og:image\" content=\"https:\/\/camingredients.com\/wp-content\/uploads\/2025\/03\/Sodium-Bicarbonate.png\" \/>\n\t<meta property=\"og:image:width\" content=\"1024\" \/>\n\t<meta property=\"og:image:height\" content=\"1024\" \/>\n\t<meta property=\"og:image:type\" content=\"image\/png\" \/>\n<meta name=\"twitter:card\" content=\"summary_large_image\" \/>\n<meta name=\"twitter:label1\" content=\"Estimation du temps de lecture\" \/>\n\t<meta name=\"twitter:data1\" content=\"1 minute\" \/>\n<script type=\"application\/ld+json\" class=\"yoast-schema-graph\">{\"@context\":\"https:\\\/\\\/schema.org\",\"@graph\":[{\"@type\":\"WebPage\",\"@id\":\"https:\\\/\\\/camingredients.com\\\/product\\\/sodium-bicarbonate\\\/\",\"url\":\"https:\\\/\\\/camingredients.com\\\/product\\\/sodium-bicarbonate\\\/\",\"name\":\"Sodium Bicarbonate - CAM Ingredients\",\"isPartOf\":{\"@id\":\"https:\\\/\\\/camingredients.com\\\/#website\"},\"primaryImageOfPage\":{\"@id\":\"https:\\\/\\\/camingredients.com\\\/product\\\/sodium-bicarbonate\\\/#primaryimage\"},\"image\":{\"@id\":\"https:\\\/\\\/camingredients.com\\\/product\\\/sodium-bicarbonate\\\/#primaryimage\"},\"thumbnailUrl\":\"https:\\\/\\\/camingredients.com\\\/wp-content\\\/uploads\\\/2025\\\/03\\\/Sodium-Bicarbonate.png\",\"datePublished\":\"2025-03-17T19:56:10+00:00\",\"dateModified\":\"2026-03-22T14:38:47+00:00\",\"breadcrumb\":{\"@id\":\"https:\\\/\\\/camingredients.com\\\/product\\\/sodium-bicarbonate\\\/#breadcrumb\"},\"inLanguage\":\"fr-CA\",\"potentialAction\":[{\"@type\":\"ReadAction\",\"target\":[\"https:\\\/\\\/camingredients.com\\\/product\\\/sodium-bicarbonate\\\/\"]}]},{\"@type\":\"ImageObject\",\"inLanguage\":\"fr-CA\",\"@id\":\"https:\\\/\\\/camingredients.com\\\/product\\\/sodium-bicarbonate\\\/#primaryimage\",\"url\":\"https:\\\/\\\/camingredients.com\\\/wp-content\\\/uploads\\\/2025\\\/03\\\/Sodium-Bicarbonate.png\",\"contentUrl\":\"https:\\\/\\\/camingredients.com\\\/wp-content\\\/uploads\\\/2025\\\/03\\\/Sodium-Bicarbonate.png\",\"width\":1024,\"height\":1024},{\"@type\":\"BreadcrumbList\",\"@id\":\"https:\\\/\\\/camingredients.com\\\/product\\\/sodium-bicarbonate\\\/#breadcrumb\",\"itemListElement\":[{\"@type\":\"ListItem\",\"position\":1,\"name\":\"Home\",\"item\":\"https:\\\/\\\/camingredients.com\\\/\"},{\"@type\":\"ListItem\",\"position\":2,\"name\":\"Ingredients\",\"item\":\"https:\\\/\\\/camingredients.com\\\/ingredients\\\/\"},{\"@type\":\"ListItem\",\"position\":3,\"name\":\"Sodium Bicarbonate\"}]},{\"@type\":\"WebSite\",\"@id\":\"https:\\\/\\\/camingredients.com\\\/#website\",\"url\":\"https:\\\/\\\/camingredients.com\\\/\",\"name\":\"CAM Ingredients\",\"description\":\"Ingredients to enhance human health and wellbeing\",\"publisher\":{\"@id\":\"https:\\\/\\\/camingredients.com\\\/#organization\"},\"potentialAction\":[{\"@type\":\"SearchAction\",\"target\":{\"@type\":\"EntryPoint\",\"urlTemplate\":\"https:\\\/\\\/camingredients.com\\\/?s={search_term_string}\"},\"query-input\":{\"@type\":\"PropertyValueSpecification\",\"valueRequired\":true,\"valueName\":\"search_term_string\"}}],\"inLanguage\":\"fr-CA\"},{\"@type\":\"Organization\",\"@id\":\"https:\\\/\\\/camingredients.com\\\/#organization\",\"name\":\"CAM Ingredients\",\"url\":\"https:\\\/\\\/camingredients.com\\\/\",\"logo\":{\"@type\":\"ImageObject\",\"inLanguage\":\"fr-CA\",\"@id\":\"https:\\\/\\\/camingredients.com\\\/#\\\/schema\\\/logo\\\/image\\\/\",\"url\":\"http:\\\/\\\/camingredients.com\\\/wp-content\\\/uploads\\\/2025\\\/01\\\/Logo-CAM-Ingredients-WIDE.png\",\"contentUrl\":\"http:\\\/\\\/camingredients.com\\\/wp-content\\\/uploads\\\/2025\\\/01\\\/Logo-CAM-Ingredients-WIDE.png\",\"width\":354,\"height\":150,\"caption\":\"CAM Ingredients\"},\"image\":{\"@id\":\"https:\\\/\\\/camingredients.com\\\/#\\\/schema\\\/logo\\\/image\\\/\"}}]}<\/script>\n<!-- \/ Yoast SEO plugin. -->","yoast_head_json":{"title":"Sodium Bicarbonate - CAM Ingredients","robots":{"index":"index","follow":"follow","max-snippet":"max-snippet:-1","max-image-preview":"max-image-preview:large","max-video-preview":"max-video-preview:-1"},"canonical":"https:\/\/camingredients.com\/fr\/produit\/sodium-bicarbonate\/","og_locale":"fr_CA","og_type":"article","og_title":"Sodium Bicarbonate - CAM Ingredients","og_description":"Sodium bicarbonate is a mild alkali with a pH of 8.5. It's generally safe and can be stored at room temperature and pressure. It's also not toxic and it is also known as baking soda, is a white, crystalline powder or solid with many uses as a Baking agent, Animal feed, Cleaning product, Water softening, pH adjustment, Electrolyte replenishier, Topical cleansing and Deodorizer. Country of Origin: China Storage: Store in a well-closed container away from moisture","og_url":"https:\/\/camingredients.com\/fr\/produit\/sodium-bicarbonate\/","og_site_name":"CAM Ingredients","article_modified_time":"2026-03-22T14:38:47+00:00","og_image":[{"width":1024,"height":1024,"url":"https:\/\/camingredients.com\/wp-content\/uploads\/2025\/03\/Sodium-Bicarbonate.png","type":"image\/png"}],"twitter_card":"summary_large_image","twitter_misc":{"Estimation du temps de lecture":"1 minute"},"schema":{"@context":"https:\/\/schema.org","@graph":[{"@type":"WebPage","@id":"https:\/\/camingredients.com\/product\/sodium-bicarbonate\/","url":"https:\/\/camingredients.com\/product\/sodium-bicarbonate\/","name":"Sodium Bicarbonate - CAM Ingredients","isPartOf":{"@id":"https:\/\/camingredients.com\/#website"},"primaryImageOfPage":{"@id":"https:\/\/camingredients.com\/product\/sodium-bicarbonate\/#primaryimage"},"image":{"@id":"https:\/\/camingredients.com\/product\/sodium-bicarbonate\/#primaryimage"},"thumbnailUrl":"https:\/\/camingredients.com\/wp-content\/uploads\/2025\/03\/Sodium-Bicarbonate.png","datePublished":"2025-03-17T19:56:10+00:00","dateModified":"2026-03-22T14:38:47+00:00","breadcrumb":{"@id":"https:\/\/camingredients.com\/product\/sodium-bicarbonate\/#breadcrumb"},"inLanguage":"fr-CA","potentialAction":[{"@type":"ReadAction","target":["https:\/\/camingredients.com\/product\/sodium-bicarbonate\/"]}]},{"@type":"ImageObject","inLanguage":"fr-CA","@id":"https:\/\/camingredients.com\/product\/sodium-bicarbonate\/#primaryimage","url":"https:\/\/camingredients.com\/wp-content\/uploads\/2025\/03\/Sodium-Bicarbonate.png","contentUrl":"https:\/\/camingredients.com\/wp-content\/uploads\/2025\/03\/Sodium-Bicarbonate.png","width":1024,"height":1024},{"@type":"BreadcrumbList","@id":"https:\/\/camingredients.com\/product\/sodium-bicarbonate\/#breadcrumb","itemListElement":[{"@type":"ListItem","position":1,"name":"Home","item":"https:\/\/camingredients.com\/"},{"@type":"ListItem","position":2,"name":"Ingredients","item":"https:\/\/camingredients.com\/ingredients\/"},{"@type":"ListItem","position":3,"name":"Sodium Bicarbonate"}]},{"@type":"WebSite","@id":"https:\/\/camingredients.com\/#website","url":"https:\/\/camingredients.com\/","name":"CAM Ingredients","description":"Ingredients to enhance human health and wellbeing","publisher":{"@id":"https:\/\/camingredients.com\/#organization"},"potentialAction":[{"@type":"SearchAction","target":{"@type":"EntryPoint","urlTemplate":"https:\/\/camingredients.com\/?s={search_term_string}"},"query-input":{"@type":"PropertyValueSpecification","valueRequired":true,"valueName":"search_term_string"}}],"inLanguage":"fr-CA"},{"@type":"Organization","@id":"https:\/\/camingredients.com\/#organization","name":"CAM Ingredients","url":"https:\/\/camingredients.com\/","logo":{"@type":"ImageObject","inLanguage":"fr-CA","@id":"https:\/\/camingredients.com\/#\/schema\/logo\/image\/","url":"http:\/\/camingredients.com\/wp-content\/uploads\/2025\/01\/Logo-CAM-Ingredients-WIDE.png","contentUrl":"http:\/\/camingredients.com\/wp-content\/uploads\/2025\/01\/Logo-CAM-Ingredients-WIDE.png","width":354,"height":150,"caption":"CAM Ingredients"},"image":{"@id":"https:\/\/camingredients.com\/#\/schema\/logo\/image\/"}}]}},"jetpack_sharing_enabled":true,"_links":{"self":[{"href":"https:\/\/camingredients.com\/fr\/wp-json\/wp\/v2\/product\/952","targetHints":{"allow":["GET"]}}],"collection":[{"href":"https:\/\/camingredients.com\/fr\/wp-json\/wp\/v2\/product"}],"about":[{"href":"https:\/\/camingredients.com\/fr\/wp-json\/wp\/v2\/types\/product"}],"wp:featuredmedia":[{"embeddable":true,"href":"https:\/\/camingredients.com\/fr\/wp-json\/wp\/v2\/media\/1294"}],"wp:attachment":[{"href":"https:\/\/camingredients.com\/fr\/wp-json\/wp\/v2\/media?parent=952"}],"wp:term":[{"taxonomy":"product_brand","embeddable":true,"href":"https:\/\/camingredients.com\/fr\/wp-json\/wp\/v2\/product_brand?post=952"},{"taxonomy":"product_cat","embeddable":true,"href":"https:\/\/camingredients.com\/fr\/wp-json\/wp\/v2\/product_cat?post=952"},{"taxonomy":"product_tag","embeddable":true,"href":"https:\/\/camingredients.com\/fr\/wp-json\/wp\/v2\/product_tag?post=952"}],"curies":[{"name":"wp","href":"https:\/\/api.w.org\/{rel}","templated":true}]}}