{"id":736,"date":"2025-03-12T17:56:56","date_gmt":"2025-03-12T17:56:56","guid":{"rendered":"https:\/\/camingredients.com\/?post_type=product&#038;p=736"},"modified":"2026-03-22T14:54:59","modified_gmt":"2026-03-22T14:54:59","slug":"xanthan-gum","status":"publish","type":"product","link":"https:\/\/camingredients.com\/fr\/produit\/xanthan-gum\/","title":{"rendered":"Gomme Xanthane"},"content":{"rendered":"","protected":false},"excerpt":{"rendered":"<p><span style=\"font-weight: 400;\">La gomme xanthane est une poudre blanche ou jaune p\u00e2le poss\u00e9dant d\u2019excellentes propri\u00e9t\u00e9s \u00e9paississantes, suspendantes, \u00e9mulsifiantes et de solubilit\u00e9 dans l\u2019eau, ainsi qu\u2019une bonne stabilit\u00e9 thermique et en milieu acide-base, ce qui en fait un ingr\u00e9dient largement utilis\u00e9 dans divers produits alimentaires.<\/span><\/p>\n<p><span style=\"font-weight: 400;\">La gomme xanthane est une poudre sans gluten utilis\u00e9e comme additif alimentaire pour lier les ingr\u00e9dients, apporter structure et humidit\u00e9, ainsi que pour \u00e9paissir et augmenter la viscosit\u00e9. Elle est couramment utilis\u00e9e dans les produits de boulangerie, les sauces, les condiments et les aliments surgel\u00e9s.<\/span><\/p>\n<h3>Pays d\u2019origine : Chine<\/h3>\n<p>Conservation: <span style=\"font-weight: 400;\">\u00c0 conserver dans un contenant bien ferm\u00e9, \u00e0 l\u2019abri de l\u2019humidit\u00e9.<\/span><\/p>","protected":false},"featured_media":1289,"template":"","meta":{"_acf_changed":false,"site-sidebar-layout":"default","site-content-layout":"","ast-site-content-layout":"default","site-content-style":"default","site-sidebar-style":"default","ast-global-header-display":"","ast-banner-title-visibility":"","ast-main-header-display":"","ast-hfb-above-header-display":"","ast-hfb-below-header-display":"","ast-hfb-mobile-header-display":"","site-post-title":"","ast-breadcrumbs-content":"","ast-featured-img":"","footer-sml-layout":"","ast-disable-related-posts":"","theme-transparent-header-meta":"default","adv-header-id-meta":"","stick-header-meta":"","header-above-stick-meta":"","header-main-stick-meta":"","header-below-stick-meta":"","astra-migrate-meta-layouts":"set","ast-page-background-enabled":"default","ast-page-background-meta":{"desktop":{"background-color":"var(--ast-global-color-5)","background-image":"","background-repeat":"repeat","background-position":"center center","background-size":"auto","background-attachment":"scroll","background-type":"","background-media":"","overlay-type":"","overlay-color":"","overlay-opacity":"","overlay-gradient":""},"tablet":{"background-color":"","background-image":"","background-repeat":"repeat","background-position":"center center","background-size":"auto","background-attachment":"scroll","background-type":"","background-media":"","overlay-type":"","overlay-color":"","overlay-opacity":"","overlay-gradient":""},"mobile":{"background-color":"","background-image":"","background-repeat":"repeat","background-position":"center center","background-size":"auto","background-attachment":"scroll","background-type":"","background-media":"","overlay-type":"","overlay-color":"","overlay-opacity":"","overlay-gradient":""}},"ast-content-background-meta":{"desktop":{"background-color":"var(--ast-global-color-4)","background-image":"","background-repeat":"repeat","background-position":"center center","background-size":"auto","background-attachment":"scroll","background-type":"","background-media":"","overlay-type":"","overlay-color":"","overlay-opacity":"","overlay-gradient":""},"tablet":{"background-color":"var(--ast-global-color-4)","background-image":"","background-repeat":"repeat","background-position":"center center","background-size":"auto","background-attachment":"scroll","background-type":"","background-media":"","overlay-type":"","overlay-color":"","overlay-opacity":"","overlay-gradient":""},"mobile":{"background-color":"var(--ast-global-color-4)","background-image":"","background-repeat":"repeat","background-position":"center center","background-size":"auto","background-attachment":"scroll","background-type":"","background-media":"","overlay-type":"","overlay-color":"","overlay-opacity":"","overlay-gradient":""}}},"product_brand":[],"product_cat":[17],"product_tag":[43],"class_list":{"0":"post-736","1":"product","2":"type-product","3":"status-publish","4":"has-post-thumbnail","6":"product_cat-uncategorised","7":"product_tag-fcc","8":"desktop-align-center","9":"tablet-align-left","10":"mobile-align-left","12":"first","13":"instock","14":"taxable","15":"shipping-taxable","16":"purchasable","17":"product-type-variable","18":"has-default-attributes"},"acf":[],"yoast_head":"<!-- This site is optimized with the Yoast SEO plugin v27.3 - https:\/\/yoast.com\/product\/yoast-seo-wordpress\/ -->\n<title>Xanthan Gum - CAM Ingredients<\/title>\n<meta name=\"robots\" content=\"index, follow, max-snippet:-1, max-image-preview:large, max-video-preview:-1\" \/>\n<link rel=\"canonical\" href=\"https:\/\/camingredients.com\/fr\/produit\/xanthan-gum\/\" \/>\n<meta property=\"og:locale\" content=\"fr_CA\" \/>\n<meta property=\"og:type\" content=\"article\" \/>\n<meta property=\"og:title\" content=\"Xanthan Gum - CAM Ingredients\" \/>\n<meta property=\"og:description\" content=\"Xanthan gum is a white or light yellow powder with excellent thickening, suspending, emulsifying, and water solubility properties, as well as good thermal and acid-base stability, making it a widely used ingredient in various food products.  Xanthan gum is a gluten-free powder used as a food additive to bind ingredients, add structure and moisture, as well as to thicken and increase viscosity. It is commonly used in bakery products, sauces, condiments, and frozen foods. Country of Origin: China Storage: Store in a well-closed container away from moisture\" \/>\n<meta property=\"og:url\" content=\"https:\/\/camingredients.com\/fr\/produit\/xanthan-gum\/\" \/>\n<meta property=\"og:site_name\" content=\"CAM Ingredients\" \/>\n<meta property=\"article:modified_time\" content=\"2026-03-22T14:54:59+00:00\" \/>\n<meta property=\"og:image\" content=\"https:\/\/camingredients.com\/wp-content\/uploads\/2025\/03\/Xantam-Gum.png\" \/>\n\t<meta property=\"og:image:width\" content=\"1024\" \/>\n\t<meta property=\"og:image:height\" content=\"1024\" \/>\n\t<meta property=\"og:image:type\" content=\"image\/png\" \/>\n<meta name=\"twitter:card\" content=\"summary_large_image\" \/>\n<meta name=\"twitter:label1\" content=\"Estimation du temps de lecture\" \/>\n\t<meta name=\"twitter:data1\" content=\"1 minute\" \/>\n<script type=\"application\/ld+json\" class=\"yoast-schema-graph\">{\"@context\":\"https:\\\/\\\/schema.org\",\"@graph\":[{\"@type\":\"WebPage\",\"@id\":\"https:\\\/\\\/camingredients.com\\\/product\\\/xanthan-gum\\\/\",\"url\":\"https:\\\/\\\/camingredients.com\\\/product\\\/xanthan-gum\\\/\",\"name\":\"Xanthan Gum - CAM Ingredients\",\"isPartOf\":{\"@id\":\"https:\\\/\\\/camingredients.com\\\/#website\"},\"primaryImageOfPage\":{\"@id\":\"https:\\\/\\\/camingredients.com\\\/product\\\/xanthan-gum\\\/#primaryimage\"},\"image\":{\"@id\":\"https:\\\/\\\/camingredients.com\\\/product\\\/xanthan-gum\\\/#primaryimage\"},\"thumbnailUrl\":\"https:\\\/\\\/camingredients.com\\\/wp-content\\\/uploads\\\/2025\\\/03\\\/Xantam-Gum.png\",\"datePublished\":\"2025-03-12T17:56:56+00:00\",\"dateModified\":\"2026-03-22T14:54:59+00:00\",\"breadcrumb\":{\"@id\":\"https:\\\/\\\/camingredients.com\\\/product\\\/xanthan-gum\\\/#breadcrumb\"},\"inLanguage\":\"fr-CA\",\"potentialAction\":[{\"@type\":\"ReadAction\",\"target\":[\"https:\\\/\\\/camingredients.com\\\/product\\\/xanthan-gum\\\/\"]}]},{\"@type\":\"ImageObject\",\"inLanguage\":\"fr-CA\",\"@id\":\"https:\\\/\\\/camingredients.com\\\/product\\\/xanthan-gum\\\/#primaryimage\",\"url\":\"https:\\\/\\\/camingredients.com\\\/wp-content\\\/uploads\\\/2025\\\/03\\\/Xantam-Gum.png\",\"contentUrl\":\"https:\\\/\\\/camingredients.com\\\/wp-content\\\/uploads\\\/2025\\\/03\\\/Xantam-Gum.png\",\"width\":1024,\"height\":1024},{\"@type\":\"BreadcrumbList\",\"@id\":\"https:\\\/\\\/camingredients.com\\\/product\\\/xanthan-gum\\\/#breadcrumb\",\"itemListElement\":[{\"@type\":\"ListItem\",\"position\":1,\"name\":\"Home\",\"item\":\"https:\\\/\\\/camingredients.com\\\/\"},{\"@type\":\"ListItem\",\"position\":2,\"name\":\"Ingredients\",\"item\":\"https:\\\/\\\/camingredients.com\\\/ingredients\\\/\"},{\"@type\":\"ListItem\",\"position\":3,\"name\":\"Xanthan Gum\"}]},{\"@type\":\"WebSite\",\"@id\":\"https:\\\/\\\/camingredients.com\\\/#website\",\"url\":\"https:\\\/\\\/camingredients.com\\\/\",\"name\":\"CAM Ingredients\",\"description\":\"Ingredients to enhance human health and wellbeing\",\"publisher\":{\"@id\":\"https:\\\/\\\/camingredients.com\\\/#organization\"},\"potentialAction\":[{\"@type\":\"SearchAction\",\"target\":{\"@type\":\"EntryPoint\",\"urlTemplate\":\"https:\\\/\\\/camingredients.com\\\/?s={search_term_string}\"},\"query-input\":{\"@type\":\"PropertyValueSpecification\",\"valueRequired\":true,\"valueName\":\"search_term_string\"}}],\"inLanguage\":\"fr-CA\"},{\"@type\":\"Organization\",\"@id\":\"https:\\\/\\\/camingredients.com\\\/#organization\",\"name\":\"CAM Ingredients\",\"url\":\"https:\\\/\\\/camingredients.com\\\/\",\"logo\":{\"@type\":\"ImageObject\",\"inLanguage\":\"fr-CA\",\"@id\":\"https:\\\/\\\/camingredients.com\\\/#\\\/schema\\\/logo\\\/image\\\/\",\"url\":\"http:\\\/\\\/camingredients.com\\\/wp-content\\\/uploads\\\/2025\\\/01\\\/Logo-CAM-Ingredients-WIDE.png\",\"contentUrl\":\"http:\\\/\\\/camingredients.com\\\/wp-content\\\/uploads\\\/2025\\\/01\\\/Logo-CAM-Ingredients-WIDE.png\",\"width\":354,\"height\":150,\"caption\":\"CAM Ingredients\"},\"image\":{\"@id\":\"https:\\\/\\\/camingredients.com\\\/#\\\/schema\\\/logo\\\/image\\\/\"}}]}<\/script>\n<!-- \/ Yoast SEO plugin. -->","yoast_head_json":{"title":"Xanthan Gum - CAM Ingredients","robots":{"index":"index","follow":"follow","max-snippet":"max-snippet:-1","max-image-preview":"max-image-preview:large","max-video-preview":"max-video-preview:-1"},"canonical":"https:\/\/camingredients.com\/fr\/produit\/xanthan-gum\/","og_locale":"fr_CA","og_type":"article","og_title":"Xanthan Gum - CAM Ingredients","og_description":"Xanthan gum is a white or light yellow powder with excellent thickening, suspending, emulsifying, and water solubility properties, as well as good thermal and acid-base stability, making it a widely used ingredient in various food products.  Xanthan gum is a gluten-free powder used as a food additive to bind ingredients, add structure and moisture, as well as to thicken and increase viscosity. It is commonly used in bakery products, sauces, condiments, and frozen foods. Country of Origin: China Storage: Store in a well-closed container away from moisture","og_url":"https:\/\/camingredients.com\/fr\/produit\/xanthan-gum\/","og_site_name":"CAM Ingredients","article_modified_time":"2026-03-22T14:54:59+00:00","og_image":[{"width":1024,"height":1024,"url":"https:\/\/camingredients.com\/wp-content\/uploads\/2025\/03\/Xantam-Gum.png","type":"image\/png"}],"twitter_card":"summary_large_image","twitter_misc":{"Estimation du temps de lecture":"1 minute"},"schema":{"@context":"https:\/\/schema.org","@graph":[{"@type":"WebPage","@id":"https:\/\/camingredients.com\/product\/xanthan-gum\/","url":"https:\/\/camingredients.com\/product\/xanthan-gum\/","name":"Xanthan Gum - CAM Ingredients","isPartOf":{"@id":"https:\/\/camingredients.com\/#website"},"primaryImageOfPage":{"@id":"https:\/\/camingredients.com\/product\/xanthan-gum\/#primaryimage"},"image":{"@id":"https:\/\/camingredients.com\/product\/xanthan-gum\/#primaryimage"},"thumbnailUrl":"https:\/\/camingredients.com\/wp-content\/uploads\/2025\/03\/Xantam-Gum.png","datePublished":"2025-03-12T17:56:56+00:00","dateModified":"2026-03-22T14:54:59+00:00","breadcrumb":{"@id":"https:\/\/camingredients.com\/product\/xanthan-gum\/#breadcrumb"},"inLanguage":"fr-CA","potentialAction":[{"@type":"ReadAction","target":["https:\/\/camingredients.com\/product\/xanthan-gum\/"]}]},{"@type":"ImageObject","inLanguage":"fr-CA","@id":"https:\/\/camingredients.com\/product\/xanthan-gum\/#primaryimage","url":"https:\/\/camingredients.com\/wp-content\/uploads\/2025\/03\/Xantam-Gum.png","contentUrl":"https:\/\/camingredients.com\/wp-content\/uploads\/2025\/03\/Xantam-Gum.png","width":1024,"height":1024},{"@type":"BreadcrumbList","@id":"https:\/\/camingredients.com\/product\/xanthan-gum\/#breadcrumb","itemListElement":[{"@type":"ListItem","position":1,"name":"Home","item":"https:\/\/camingredients.com\/"},{"@type":"ListItem","position":2,"name":"Ingredients","item":"https:\/\/camingredients.com\/ingredients\/"},{"@type":"ListItem","position":3,"name":"Xanthan Gum"}]},{"@type":"WebSite","@id":"https:\/\/camingredients.com\/#website","url":"https:\/\/camingredients.com\/","name":"CAM Ingredients","description":"Ingredients to enhance human health and wellbeing","publisher":{"@id":"https:\/\/camingredients.com\/#organization"},"potentialAction":[{"@type":"SearchAction","target":{"@type":"EntryPoint","urlTemplate":"https:\/\/camingredients.com\/?s={search_term_string}"},"query-input":{"@type":"PropertyValueSpecification","valueRequired":true,"valueName":"search_term_string"}}],"inLanguage":"fr-CA"},{"@type":"Organization","@id":"https:\/\/camingredients.com\/#organization","name":"CAM Ingredients","url":"https:\/\/camingredients.com\/","logo":{"@type":"ImageObject","inLanguage":"fr-CA","@id":"https:\/\/camingredients.com\/#\/schema\/logo\/image\/","url":"http:\/\/camingredients.com\/wp-content\/uploads\/2025\/01\/Logo-CAM-Ingredients-WIDE.png","contentUrl":"http:\/\/camingredients.com\/wp-content\/uploads\/2025\/01\/Logo-CAM-Ingredients-WIDE.png","width":354,"height":150,"caption":"CAM Ingredients"},"image":{"@id":"https:\/\/camingredients.com\/#\/schema\/logo\/image\/"}}]}},"jetpack_sharing_enabled":true,"_links":{"self":[{"href":"https:\/\/camingredients.com\/fr\/wp-json\/wp\/v2\/product\/736","targetHints":{"allow":["GET"]}}],"collection":[{"href":"https:\/\/camingredients.com\/fr\/wp-json\/wp\/v2\/product"}],"about":[{"href":"https:\/\/camingredients.com\/fr\/wp-json\/wp\/v2\/types\/product"}],"wp:featuredmedia":[{"embeddable":true,"href":"https:\/\/camingredients.com\/fr\/wp-json\/wp\/v2\/media\/1289"}],"wp:attachment":[{"href":"https:\/\/camingredients.com\/fr\/wp-json\/wp\/v2\/media?parent=736"}],"wp:term":[{"taxonomy":"product_brand","embeddable":true,"href":"https:\/\/camingredients.com\/fr\/wp-json\/wp\/v2\/product_brand?post=736"},{"taxonomy":"product_cat","embeddable":true,"href":"https:\/\/camingredients.com\/fr\/wp-json\/wp\/v2\/product_cat?post=736"},{"taxonomy":"product_tag","embeddable":true,"href":"https:\/\/camingredients.com\/fr\/wp-json\/wp\/v2\/product_tag?post=736"}],"curies":[{"name":"wp","href":"https:\/\/api.w.org\/{rel}","templated":true}]}}