{"id":724,"date":"2025-03-12T17:50:21","date_gmt":"2025-03-12T17:50:21","guid":{"rendered":"https:\/\/camingredients.com\/?post_type=product&#038;p=724"},"modified":"2026-03-22T14:56:26","modified_gmt":"2026-03-22T14:56:26","slug":"whey-protein-concentrate-80-instant","status":"publish","type":"product","link":"https:\/\/camingredients.com\/fr\/produit\/whey-protein-concentrate-80-instant\/","title":{"rendered":"Concentr\u00e9 de Prot\u00e9ines de Lactos\u00e9rum 80 % Instantan\u00e9"},"content":{"rendered":"","protected":false},"excerpt":{"rendered":"<p><span style=\"font-weight: 400;\">La prot\u00e9ine de lactos\u00e9rum concentr\u00e9e instantan\u00e9e (WPC Instantan\u00e9) se pr\u00e9sente sous forme de poudre homog\u00e8ne, fluide, de couleur cr\u00e8me \u00e0 jaune, sans odeur ni go\u00fbt perceptible.\n\nLe WPC (Whey Protein Concentrate) est obtenu \u00e0 partir de lactos\u00e9rum doux, produit par un proc\u00e9d\u00e9 avanc\u00e9 d\u2019ultrafiltration \u00e0 tr\u00e8s basse temp\u00e9rature.<\/span><\/p>\n<p><span style=\"font-weight: 400;\">Le concentr\u00e9 de prot\u00e9ines de lactos\u00e9rum est une famille d\u2019ingr\u00e9dients laitiers en poudre utilis\u00e9e pour apporter des prot\u00e9ines de lactos\u00e9rum concentr\u00e9es dans divers produits alimentaires. Il est fabriqu\u00e9 en \u00e9liminant une partie des constituants non prot\u00e9iques du lactos\u00e9rum pasteuris\u00e9, issu du processus de fabrication du fromage.<\/span><\/p>\n<h3>Pays d\u2019origine : \u00c9tats-Unis<\/h3>\n<p>Conservation: <span style=\"font-weight: 400;\">\u00c0 conserver dans un contenant bien ferm\u00e9, \u00e0 l\u2019abri de l\u2019humidit\u00e9.<\/span><\/p>","protected":false},"featured_media":1326,"template":"","meta":{"_acf_changed":false,"site-sidebar-layout":"default","site-content-layout":"","ast-site-content-layout":"default","site-content-style":"default","site-sidebar-style":"default","ast-global-header-display":"","ast-banner-title-visibility":"","ast-main-header-display":"","ast-hfb-above-header-display":"","ast-hfb-below-header-display":"","ast-hfb-mobile-header-display":"","site-post-title":"","ast-breadcrumbs-content":"","ast-featured-img":"","footer-sml-layout":"","ast-disable-related-posts":"","theme-transparent-header-meta":"default","adv-header-id-meta":"","stick-header-meta":"","header-above-stick-meta":"","header-main-stick-meta":"","header-below-stick-meta":"","astra-migrate-meta-layouts":"set","ast-page-background-enabled":"default","ast-page-background-meta":{"desktop":{"background-color":"var(--ast-global-color-5)","background-image":"","background-repeat":"repeat","background-position":"center center","background-size":"auto","background-attachment":"scroll","background-type":"","background-media":"","overlay-type":"","overlay-color":"","overlay-opacity":"","overlay-gradient":""},"tablet":{"background-color":"","background-image":"","background-repeat":"repeat","background-position":"center center","background-size":"auto","background-attachment":"scroll","background-type":"","background-media":"","overlay-type":"","overlay-color":"","overlay-opacity":"","overlay-gradient":""},"mobile":{"background-color":"","background-image":"","background-repeat":"repeat","background-position":"center center","background-size":"auto","background-attachment":"scroll","background-type":"","background-media":"","overlay-type":"","overlay-color":"","overlay-opacity":"","overlay-gradient":""}},"ast-content-background-meta":{"desktop":{"background-color":"var(--ast-global-color-4)","background-image":"","background-repeat":"repeat","background-position":"center center","background-size":"auto","background-attachment":"scroll","background-type":"","background-media":"","overlay-type":"","overlay-color":"","overlay-opacity":"","overlay-gradient":""},"tablet":{"background-color":"var(--ast-global-color-4)","background-image":"","background-repeat":"repeat","background-position":"center center","background-size":"auto","background-attachment":"scroll","background-type":"","background-media":"","overlay-type":"","overlay-color":"","overlay-opacity":"","overlay-gradient":""},"mobile":{"background-color":"var(--ast-global-color-4)","background-image":"","background-repeat":"repeat","background-position":"center center","background-size":"auto","background-attachment":"scroll","background-type":"","background-media":"","overlay-type":"","overlay-color":"","overlay-opacity":"","overlay-gradient":""}}},"product_brand":[],"product_cat":[17],"product_tag":[43],"class_list":{"0":"post-724","1":"product","2":"type-product","3":"status-publish","4":"has-post-thumbnail","6":"product_cat-uncategorised","7":"product_tag-fcc","8":"desktop-align-center","9":"tablet-align-left","10":"mobile-align-left","12":"first","13":"instock","14":"taxable","15":"shipping-taxable","16":"purchasable","17":"product-type-variable","18":"has-default-attributes"},"acf":[],"yoast_head":"<!-- This site is optimized with the Yoast SEO plugin v27.3 - https:\/\/yoast.com\/product\/yoast-seo-wordpress\/ -->\n<title>Whey Protein Concentrate 80% Instant - CAM Ingredients<\/title>\n<meta name=\"robots\" content=\"index, follow, max-snippet:-1, max-image-preview:large, max-video-preview:-1\" \/>\n<link rel=\"canonical\" href=\"https:\/\/camingredients.com\/fr\/produit\/whey-protein-concentrate-80-instant\/\" \/>\n<meta property=\"og:locale\" content=\"fr_CA\" \/>\n<meta property=\"og:type\" content=\"article\" \/>\n<meta property=\"og:title\" content=\"Whey Protein Concentrate 80% Instant - CAM Ingredients\" \/>\n<meta property=\"og:description\" content=\"Whey Protein Concentrate Instant is in the form of a free-flowing, homogeneous powder of cream to yellow color, with no discernible odor or taste. Whey Protein Concentrate (WPC) is obtained by producing sweet whey that is produced through an advanced ultrafiltration process at very low temperatures.  Whey protein concentrate (WPC) is a family of dry dairy ingredients used to add concentrated whey protein to food products. WPC is produced by removing a certain percentage of non-protein constituents from pasteurized whey derived from cheese processing. Country of Origin: USA Storage: Store in a well-closed container away from moisture\" \/>\n<meta property=\"og:url\" content=\"https:\/\/camingredients.com\/fr\/produit\/whey-protein-concentrate-80-instant\/\" \/>\n<meta property=\"og:site_name\" content=\"CAM Ingredients\" \/>\n<meta property=\"article:modified_time\" content=\"2026-03-22T14:56:26+00:00\" \/>\n<meta property=\"og:image\" content=\"https:\/\/camingredients.com\/wp-content\/uploads\/2025\/03\/Whey-Protein-80-Final.png\" \/>\n\t<meta property=\"og:image:width\" content=\"1024\" \/>\n\t<meta property=\"og:image:height\" content=\"1024\" \/>\n\t<meta property=\"og:image:type\" content=\"image\/png\" \/>\n<meta name=\"twitter:card\" content=\"summary_large_image\" \/>\n<meta name=\"twitter:label1\" content=\"Estimation du temps de lecture\" \/>\n\t<meta name=\"twitter:data1\" content=\"1 minute\" \/>\n<script type=\"application\/ld+json\" class=\"yoast-schema-graph\">{\"@context\":\"https:\\\/\\\/schema.org\",\"@graph\":[{\"@type\":\"WebPage\",\"@id\":\"https:\\\/\\\/camingredients.com\\\/product\\\/whey-protein-concentrate-80-instant\\\/\",\"url\":\"https:\\\/\\\/camingredients.com\\\/product\\\/whey-protein-concentrate-80-instant\\\/\",\"name\":\"Whey Protein Concentrate 80% Instant - CAM Ingredients\",\"isPartOf\":{\"@id\":\"https:\\\/\\\/camingredients.com\\\/#website\"},\"primaryImageOfPage\":{\"@id\":\"https:\\\/\\\/camingredients.com\\\/product\\\/whey-protein-concentrate-80-instant\\\/#primaryimage\"},\"image\":{\"@id\":\"https:\\\/\\\/camingredients.com\\\/product\\\/whey-protein-concentrate-80-instant\\\/#primaryimage\"},\"thumbnailUrl\":\"https:\\\/\\\/camingredients.com\\\/wp-content\\\/uploads\\\/2025\\\/03\\\/Whey-Protein-80-Final.png\",\"datePublished\":\"2025-03-12T17:50:21+00:00\",\"dateModified\":\"2026-03-22T14:56:26+00:00\",\"breadcrumb\":{\"@id\":\"https:\\\/\\\/camingredients.com\\\/product\\\/whey-protein-concentrate-80-instant\\\/#breadcrumb\"},\"inLanguage\":\"fr-CA\",\"potentialAction\":[{\"@type\":\"ReadAction\",\"target\":[\"https:\\\/\\\/camingredients.com\\\/product\\\/whey-protein-concentrate-80-instant\\\/\"]}]},{\"@type\":\"ImageObject\",\"inLanguage\":\"fr-CA\",\"@id\":\"https:\\\/\\\/camingredients.com\\\/product\\\/whey-protein-concentrate-80-instant\\\/#primaryimage\",\"url\":\"https:\\\/\\\/camingredients.com\\\/wp-content\\\/uploads\\\/2025\\\/03\\\/Whey-Protein-80-Final.png\",\"contentUrl\":\"https:\\\/\\\/camingredients.com\\\/wp-content\\\/uploads\\\/2025\\\/03\\\/Whey-Protein-80-Final.png\",\"width\":1024,\"height\":1024},{\"@type\":\"BreadcrumbList\",\"@id\":\"https:\\\/\\\/camingredients.com\\\/product\\\/whey-protein-concentrate-80-instant\\\/#breadcrumb\",\"itemListElement\":[{\"@type\":\"ListItem\",\"position\":1,\"name\":\"Home\",\"item\":\"https:\\\/\\\/camingredients.com\\\/\"},{\"@type\":\"ListItem\",\"position\":2,\"name\":\"Ingredients\",\"item\":\"https:\\\/\\\/camingredients.com\\\/ingredients\\\/\"},{\"@type\":\"ListItem\",\"position\":3,\"name\":\"Whey Protein Concentrate 80% Instant\"}]},{\"@type\":\"WebSite\",\"@id\":\"https:\\\/\\\/camingredients.com\\\/#website\",\"url\":\"https:\\\/\\\/camingredients.com\\\/\",\"name\":\"CAM Ingredients\",\"description\":\"Ingredients to enhance human health and wellbeing\",\"publisher\":{\"@id\":\"https:\\\/\\\/camingredients.com\\\/#organization\"},\"potentialAction\":[{\"@type\":\"SearchAction\",\"target\":{\"@type\":\"EntryPoint\",\"urlTemplate\":\"https:\\\/\\\/camingredients.com\\\/?s={search_term_string}\"},\"query-input\":{\"@type\":\"PropertyValueSpecification\",\"valueRequired\":true,\"valueName\":\"search_term_string\"}}],\"inLanguage\":\"fr-CA\"},{\"@type\":\"Organization\",\"@id\":\"https:\\\/\\\/camingredients.com\\\/#organization\",\"name\":\"CAM Ingredients\",\"url\":\"https:\\\/\\\/camingredients.com\\\/\",\"logo\":{\"@type\":\"ImageObject\",\"inLanguage\":\"fr-CA\",\"@id\":\"https:\\\/\\\/camingredients.com\\\/#\\\/schema\\\/logo\\\/image\\\/\",\"url\":\"http:\\\/\\\/camingredients.com\\\/wp-content\\\/uploads\\\/2025\\\/01\\\/Logo-CAM-Ingredients-WIDE.png\",\"contentUrl\":\"http:\\\/\\\/camingredients.com\\\/wp-content\\\/uploads\\\/2025\\\/01\\\/Logo-CAM-Ingredients-WIDE.png\",\"width\":354,\"height\":150,\"caption\":\"CAM Ingredients\"},\"image\":{\"@id\":\"https:\\\/\\\/camingredients.com\\\/#\\\/schema\\\/logo\\\/image\\\/\"}}]}<\/script>\n<!-- \/ Yoast SEO plugin. -->","yoast_head_json":{"title":"Whey Protein Concentrate 80% Instant - CAM Ingredients","robots":{"index":"index","follow":"follow","max-snippet":"max-snippet:-1","max-image-preview":"max-image-preview:large","max-video-preview":"max-video-preview:-1"},"canonical":"https:\/\/camingredients.com\/fr\/produit\/whey-protein-concentrate-80-instant\/","og_locale":"fr_CA","og_type":"article","og_title":"Whey Protein Concentrate 80% Instant - CAM Ingredients","og_description":"Whey Protein Concentrate Instant is in the form of a free-flowing, homogeneous powder of cream to yellow color, with no discernible odor or taste. Whey Protein Concentrate (WPC) is obtained by producing sweet whey that is produced through an advanced ultrafiltration process at very low temperatures.  Whey protein concentrate (WPC) is a family of dry dairy ingredients used to add concentrated whey protein to food products. WPC is produced by removing a certain percentage of non-protein constituents from pasteurized whey derived from cheese processing. Country of Origin: USA Storage: Store in a well-closed container away from moisture","og_url":"https:\/\/camingredients.com\/fr\/produit\/whey-protein-concentrate-80-instant\/","og_site_name":"CAM Ingredients","article_modified_time":"2026-03-22T14:56:26+00:00","og_image":[{"width":1024,"height":1024,"url":"https:\/\/camingredients.com\/wp-content\/uploads\/2025\/03\/Whey-Protein-80-Final.png","type":"image\/png"}],"twitter_card":"summary_large_image","twitter_misc":{"Estimation du temps de lecture":"1 minute"},"schema":{"@context":"https:\/\/schema.org","@graph":[{"@type":"WebPage","@id":"https:\/\/camingredients.com\/product\/whey-protein-concentrate-80-instant\/","url":"https:\/\/camingredients.com\/product\/whey-protein-concentrate-80-instant\/","name":"Whey Protein Concentrate 80% Instant - CAM Ingredients","isPartOf":{"@id":"https:\/\/camingredients.com\/#website"},"primaryImageOfPage":{"@id":"https:\/\/camingredients.com\/product\/whey-protein-concentrate-80-instant\/#primaryimage"},"image":{"@id":"https:\/\/camingredients.com\/product\/whey-protein-concentrate-80-instant\/#primaryimage"},"thumbnailUrl":"https:\/\/camingredients.com\/wp-content\/uploads\/2025\/03\/Whey-Protein-80-Final.png","datePublished":"2025-03-12T17:50:21+00:00","dateModified":"2026-03-22T14:56:26+00:00","breadcrumb":{"@id":"https:\/\/camingredients.com\/product\/whey-protein-concentrate-80-instant\/#breadcrumb"},"inLanguage":"fr-CA","potentialAction":[{"@type":"ReadAction","target":["https:\/\/camingredients.com\/product\/whey-protein-concentrate-80-instant\/"]}]},{"@type":"ImageObject","inLanguage":"fr-CA","@id":"https:\/\/camingredients.com\/product\/whey-protein-concentrate-80-instant\/#primaryimage","url":"https:\/\/camingredients.com\/wp-content\/uploads\/2025\/03\/Whey-Protein-80-Final.png","contentUrl":"https:\/\/camingredients.com\/wp-content\/uploads\/2025\/03\/Whey-Protein-80-Final.png","width":1024,"height":1024},{"@type":"BreadcrumbList","@id":"https:\/\/camingredients.com\/product\/whey-protein-concentrate-80-instant\/#breadcrumb","itemListElement":[{"@type":"ListItem","position":1,"name":"Home","item":"https:\/\/camingredients.com\/"},{"@type":"ListItem","position":2,"name":"Ingredients","item":"https:\/\/camingredients.com\/ingredients\/"},{"@type":"ListItem","position":3,"name":"Whey Protein Concentrate 80% Instant"}]},{"@type":"WebSite","@id":"https:\/\/camingredients.com\/#website","url":"https:\/\/camingredients.com\/","name":"CAM Ingredients","description":"Ingredients to enhance human health and wellbeing","publisher":{"@id":"https:\/\/camingredients.com\/#organization"},"potentialAction":[{"@type":"SearchAction","target":{"@type":"EntryPoint","urlTemplate":"https:\/\/camingredients.com\/?s={search_term_string}"},"query-input":{"@type":"PropertyValueSpecification","valueRequired":true,"valueName":"search_term_string"}}],"inLanguage":"fr-CA"},{"@type":"Organization","@id":"https:\/\/camingredients.com\/#organization","name":"CAM Ingredients","url":"https:\/\/camingredients.com\/","logo":{"@type":"ImageObject","inLanguage":"fr-CA","@id":"https:\/\/camingredients.com\/#\/schema\/logo\/image\/","url":"http:\/\/camingredients.com\/wp-content\/uploads\/2025\/01\/Logo-CAM-Ingredients-WIDE.png","contentUrl":"http:\/\/camingredients.com\/wp-content\/uploads\/2025\/01\/Logo-CAM-Ingredients-WIDE.png","width":354,"height":150,"caption":"CAM Ingredients"},"image":{"@id":"https:\/\/camingredients.com\/#\/schema\/logo\/image\/"}}]}},"jetpack_sharing_enabled":true,"_links":{"self":[{"href":"https:\/\/camingredients.com\/fr\/wp-json\/wp\/v2\/product\/724","targetHints":{"allow":["GET"]}}],"collection":[{"href":"https:\/\/camingredients.com\/fr\/wp-json\/wp\/v2\/product"}],"about":[{"href":"https:\/\/camingredients.com\/fr\/wp-json\/wp\/v2\/types\/product"}],"wp:featuredmedia":[{"embeddable":true,"href":"https:\/\/camingredients.com\/fr\/wp-json\/wp\/v2\/media\/1326"}],"wp:attachment":[{"href":"https:\/\/camingredients.com\/fr\/wp-json\/wp\/v2\/media?parent=724"}],"wp:term":[{"taxonomy":"product_brand","embeddable":true,"href":"https:\/\/camingredients.com\/fr\/wp-json\/wp\/v2\/product_brand?post=724"},{"taxonomy":"product_cat","embeddable":true,"href":"https:\/\/camingredients.com\/fr\/wp-json\/wp\/v2\/product_cat?post=724"},{"taxonomy":"product_tag","embeddable":true,"href":"https:\/\/camingredients.com\/fr\/wp-json\/wp\/v2\/product_tag?post=724"}],"curies":[{"name":"wp","href":"https:\/\/api.w.org\/{rel}","templated":true}]}}