{"id":706,"date":"2025-03-12T17:35:27","date_gmt":"2025-03-12T17:35:27","guid":{"rendered":"https:\/\/camingredients.com\/?post_type=product&#038;p=706"},"modified":"2026-03-22T14:58:37","modified_gmt":"2026-03-22T14:58:37","slug":"inulin","status":"publish","type":"product","link":"https:\/\/camingredients.com\/fr\/produit\/inulin\/","title":{"rendered":"Inuline"},"content":{"rendered":"","protected":false},"excerpt":{"rendered":"<p><span style=\"font-weight: 400;\">L\u2019inuline est un type de pr\u00e9biotique. Elle n\u2019est ni dig\u00e9r\u00e9e ni absorb\u00e9e dans l\u2019estomac. Elle reste dans l\u2019intestin et aide certaines bact\u00e9ries b\u00e9n\u00e9fiques \u00e0 se d\u00e9velopper. L\u2019inuline est une substance riche en amidon que l\u2019on trouve dans une grande vari\u00e9t\u00e9 de fruits, l\u00e9gumes et herbes, notamment le bl\u00e9, les oignons, les bananes, les poireaux, les artichauts et les asperges.<\/span><\/p>\n<p><span style=\"font-weight: 400;\">L\u2019inuline est une fibre soluble, l\u2019un des trois types de fibres alimentaires, avec les fibres insolubles et l\u2019amidon r\u00e9sistant. Les fibres solubles se dissolvent dans l\u2019eau pour former une substance g\u00e9latineuse. <\/span><\/p>\n<h3>Pays d\u2019origine : Chine<\/h3>\n<p>Conservation: <span style=\"font-weight: 400;\">\u00c0 conserver dans un contenant bien ferm\u00e9, \u00e0 l\u2019abri de l\u2019humidit\u00e9.<\/span><\/p>","protected":false},"featured_media":1291,"template":"","meta":{"_acf_changed":false,"site-sidebar-layout":"default","site-content-layout":"","ast-site-content-layout":"default","site-content-style":"default","site-sidebar-style":"default","ast-global-header-display":"","ast-banner-title-visibility":"","ast-main-header-display":"","ast-hfb-above-header-display":"","ast-hfb-below-header-display":"","ast-hfb-mobile-header-display":"","site-post-title":"","ast-breadcrumbs-content":"","ast-featured-img":"","footer-sml-layout":"","ast-disable-related-posts":"","theme-transparent-header-meta":"default","adv-header-id-meta":"","stick-header-meta":"","header-above-stick-meta":"","header-main-stick-meta":"","header-below-stick-meta":"","astra-migrate-meta-layouts":"set","ast-page-background-enabled":"default","ast-page-background-meta":{"desktop":{"background-color":"var(--ast-global-color-5)","background-image":"","background-repeat":"repeat","background-position":"center center","background-size":"auto","background-attachment":"scroll","background-type":"","background-media":"","overlay-type":"","overlay-color":"","overlay-opacity":"","overlay-gradient":""},"tablet":{"background-color":"","background-image":"","background-repeat":"repeat","background-position":"center center","background-size":"auto","background-attachment":"scroll","background-type":"","background-media":"","overlay-type":"","overlay-color":"","overlay-opacity":"","overlay-gradient":""},"mobile":{"background-color":"","background-image":"","background-repeat":"repeat","background-position":"center center","background-size":"auto","background-attachment":"scroll","background-type":"","background-media":"","overlay-type":"","overlay-color":"","overlay-opacity":"","overlay-gradient":""}},"ast-content-background-meta":{"desktop":{"background-color":"var(--ast-global-color-4)","background-image":"","background-repeat":"repeat","background-position":"center center","background-size":"auto","background-attachment":"scroll","background-type":"","background-media":"","overlay-type":"","overlay-color":"","overlay-opacity":"","overlay-gradient":""},"tablet":{"background-color":"var(--ast-global-color-4)","background-image":"","background-repeat":"repeat","background-position":"center center","background-size":"auto","background-attachment":"scroll","background-type":"","background-media":"","overlay-type":"","overlay-color":"","overlay-opacity":"","overlay-gradient":""},"mobile":{"background-color":"var(--ast-global-color-4)","background-image":"","background-repeat":"repeat","background-position":"center center","background-size":"auto","background-attachment":"scroll","background-type":"","background-media":"","overlay-type":"","overlay-color":"","overlay-opacity":"","overlay-gradient":""}}},"product_brand":[],"product_cat":[17],"product_tag":[43,42],"class_list":{"0":"post-706","1":"product","2":"type-product","3":"status-publish","4":"has-post-thumbnail","6":"product_cat-uncategorised","7":"product_tag-fcc","8":"product_tag-usp","9":"desktop-align-center","10":"tablet-align-left","11":"mobile-align-left","13":"first","14":"instock","15":"taxable","16":"shipping-taxable","17":"purchasable","18":"product-type-variable","19":"has-default-attributes"},"acf":[],"yoast_head":"<!-- This site is optimized with the Yoast SEO plugin v27.3 - https:\/\/yoast.com\/product\/yoast-seo-wordpress\/ -->\n<title>Inulin - CAM Ingredients<\/title>\n<meta name=\"robots\" content=\"index, follow, max-snippet:-1, max-image-preview:large, max-video-preview:-1\" \/>\n<link rel=\"canonical\" href=\"https:\/\/camingredients.com\/fr\/produit\/inulin\/\" \/>\n<meta property=\"og:locale\" content=\"fr_CA\" \/>\n<meta property=\"og:type\" content=\"article\" \/>\n<meta property=\"og:title\" content=\"Inulin - CAM Ingredients\" \/>\n<meta property=\"og:description\" content=\"Inulin is a type of prebiotic. It&#039;s not digested or absorbed in the stomach. It stays in the bowel and helps certain beneficial bacteria to grow. Inulin is a starchy substance found in a wide variety of fruits, vegetables, and herbs, including wheat, onions, bananas, leeks, artichokes, and asparagus.  Inulin is a soluble fiber, one of three types of dietary fiber including soluble, insoluble and resistant starch. Soluble fiber dissolves in water to form a gelatinous material.  Country of Origin: China Storage: Store in a well-closed container away from moisture\" \/>\n<meta property=\"og:url\" content=\"https:\/\/camingredients.com\/fr\/produit\/inulin\/\" \/>\n<meta property=\"og:site_name\" content=\"CAM Ingredients\" \/>\n<meta property=\"article:modified_time\" content=\"2026-03-22T14:58:37+00:00\" \/>\n<meta property=\"og:image\" content=\"https:\/\/camingredients.com\/wp-content\/uploads\/2025\/03\/Inulin-1.png\" \/>\n\t<meta property=\"og:image:width\" content=\"1024\" \/>\n\t<meta property=\"og:image:height\" content=\"1024\" \/>\n\t<meta property=\"og:image:type\" content=\"image\/png\" \/>\n<meta name=\"twitter:card\" content=\"summary_large_image\" \/>\n<meta name=\"twitter:label1\" content=\"Estimation du temps de lecture\" \/>\n\t<meta name=\"twitter:data1\" content=\"1 minute\" \/>\n<script type=\"application\/ld+json\" class=\"yoast-schema-graph\">{\"@context\":\"https:\\\/\\\/schema.org\",\"@graph\":[{\"@type\":\"WebPage\",\"@id\":\"https:\\\/\\\/camingredients.com\\\/product\\\/inulin\\\/\",\"url\":\"https:\\\/\\\/camingredients.com\\\/product\\\/inulin\\\/\",\"name\":\"Inulin - CAM Ingredients\",\"isPartOf\":{\"@id\":\"https:\\\/\\\/camingredients.com\\\/#website\"},\"primaryImageOfPage\":{\"@id\":\"https:\\\/\\\/camingredients.com\\\/product\\\/inulin\\\/#primaryimage\"},\"image\":{\"@id\":\"https:\\\/\\\/camingredients.com\\\/product\\\/inulin\\\/#primaryimage\"},\"thumbnailUrl\":\"https:\\\/\\\/camingredients.com\\\/wp-content\\\/uploads\\\/2025\\\/03\\\/Inulin-1.png\",\"datePublished\":\"2025-03-12T17:35:27+00:00\",\"dateModified\":\"2026-03-22T14:58:37+00:00\",\"breadcrumb\":{\"@id\":\"https:\\\/\\\/camingredients.com\\\/product\\\/inulin\\\/#breadcrumb\"},\"inLanguage\":\"fr-CA\",\"potentialAction\":[{\"@type\":\"ReadAction\",\"target\":[\"https:\\\/\\\/camingredients.com\\\/product\\\/inulin\\\/\"]}]},{\"@type\":\"ImageObject\",\"inLanguage\":\"fr-CA\",\"@id\":\"https:\\\/\\\/camingredients.com\\\/product\\\/inulin\\\/#primaryimage\",\"url\":\"https:\\\/\\\/camingredients.com\\\/wp-content\\\/uploads\\\/2025\\\/03\\\/Inulin-1.png\",\"contentUrl\":\"https:\\\/\\\/camingredients.com\\\/wp-content\\\/uploads\\\/2025\\\/03\\\/Inulin-1.png\",\"width\":1024,\"height\":1024},{\"@type\":\"BreadcrumbList\",\"@id\":\"https:\\\/\\\/camingredients.com\\\/product\\\/inulin\\\/#breadcrumb\",\"itemListElement\":[{\"@type\":\"ListItem\",\"position\":1,\"name\":\"Home\",\"item\":\"https:\\\/\\\/camingredients.com\\\/\"},{\"@type\":\"ListItem\",\"position\":2,\"name\":\"Ingredients\",\"item\":\"https:\\\/\\\/camingredients.com\\\/ingredients\\\/\"},{\"@type\":\"ListItem\",\"position\":3,\"name\":\"Inulin\"}]},{\"@type\":\"WebSite\",\"@id\":\"https:\\\/\\\/camingredients.com\\\/#website\",\"url\":\"https:\\\/\\\/camingredients.com\\\/\",\"name\":\"CAM Ingredients\",\"description\":\"Ingredients to enhance human health and wellbeing\",\"publisher\":{\"@id\":\"https:\\\/\\\/camingredients.com\\\/#organization\"},\"potentialAction\":[{\"@type\":\"SearchAction\",\"target\":{\"@type\":\"EntryPoint\",\"urlTemplate\":\"https:\\\/\\\/camingredients.com\\\/?s={search_term_string}\"},\"query-input\":{\"@type\":\"PropertyValueSpecification\",\"valueRequired\":true,\"valueName\":\"search_term_string\"}}],\"inLanguage\":\"fr-CA\"},{\"@type\":\"Organization\",\"@id\":\"https:\\\/\\\/camingredients.com\\\/#organization\",\"name\":\"CAM Ingredients\",\"url\":\"https:\\\/\\\/camingredients.com\\\/\",\"logo\":{\"@type\":\"ImageObject\",\"inLanguage\":\"fr-CA\",\"@id\":\"https:\\\/\\\/camingredients.com\\\/#\\\/schema\\\/logo\\\/image\\\/\",\"url\":\"http:\\\/\\\/camingredients.com\\\/wp-content\\\/uploads\\\/2025\\\/01\\\/Logo-CAM-Ingredients-WIDE.png\",\"contentUrl\":\"http:\\\/\\\/camingredients.com\\\/wp-content\\\/uploads\\\/2025\\\/01\\\/Logo-CAM-Ingredients-WIDE.png\",\"width\":354,\"height\":150,\"caption\":\"CAM Ingredients\"},\"image\":{\"@id\":\"https:\\\/\\\/camingredients.com\\\/#\\\/schema\\\/logo\\\/image\\\/\"}}]}<\/script>\n<!-- \/ Yoast SEO plugin. -->","yoast_head_json":{"title":"Inulin - CAM Ingredients","robots":{"index":"index","follow":"follow","max-snippet":"max-snippet:-1","max-image-preview":"max-image-preview:large","max-video-preview":"max-video-preview:-1"},"canonical":"https:\/\/camingredients.com\/fr\/produit\/inulin\/","og_locale":"fr_CA","og_type":"article","og_title":"Inulin - CAM Ingredients","og_description":"Inulin is a type of prebiotic. It's not digested or absorbed in the stomach. It stays in the bowel and helps certain beneficial bacteria to grow. Inulin is a starchy substance found in a wide variety of fruits, vegetables, and herbs, including wheat, onions, bananas, leeks, artichokes, and asparagus.  Inulin is a soluble fiber, one of three types of dietary fiber including soluble, insoluble and resistant starch. Soluble fiber dissolves in water to form a gelatinous material.  Country of Origin: China Storage: Store in a well-closed container away from moisture","og_url":"https:\/\/camingredients.com\/fr\/produit\/inulin\/","og_site_name":"CAM Ingredients","article_modified_time":"2026-03-22T14:58:37+00:00","og_image":[{"width":1024,"height":1024,"url":"https:\/\/camingredients.com\/wp-content\/uploads\/2025\/03\/Inulin-1.png","type":"image\/png"}],"twitter_card":"summary_large_image","twitter_misc":{"Estimation du temps de lecture":"1 minute"},"schema":{"@context":"https:\/\/schema.org","@graph":[{"@type":"WebPage","@id":"https:\/\/camingredients.com\/product\/inulin\/","url":"https:\/\/camingredients.com\/product\/inulin\/","name":"Inulin - CAM Ingredients","isPartOf":{"@id":"https:\/\/camingredients.com\/#website"},"primaryImageOfPage":{"@id":"https:\/\/camingredients.com\/product\/inulin\/#primaryimage"},"image":{"@id":"https:\/\/camingredients.com\/product\/inulin\/#primaryimage"},"thumbnailUrl":"https:\/\/camingredients.com\/wp-content\/uploads\/2025\/03\/Inulin-1.png","datePublished":"2025-03-12T17:35:27+00:00","dateModified":"2026-03-22T14:58:37+00:00","breadcrumb":{"@id":"https:\/\/camingredients.com\/product\/inulin\/#breadcrumb"},"inLanguage":"fr-CA","potentialAction":[{"@type":"ReadAction","target":["https:\/\/camingredients.com\/product\/inulin\/"]}]},{"@type":"ImageObject","inLanguage":"fr-CA","@id":"https:\/\/camingredients.com\/product\/inulin\/#primaryimage","url":"https:\/\/camingredients.com\/wp-content\/uploads\/2025\/03\/Inulin-1.png","contentUrl":"https:\/\/camingredients.com\/wp-content\/uploads\/2025\/03\/Inulin-1.png","width":1024,"height":1024},{"@type":"BreadcrumbList","@id":"https:\/\/camingredients.com\/product\/inulin\/#breadcrumb","itemListElement":[{"@type":"ListItem","position":1,"name":"Home","item":"https:\/\/camingredients.com\/"},{"@type":"ListItem","position":2,"name":"Ingredients","item":"https:\/\/camingredients.com\/ingredients\/"},{"@type":"ListItem","position":3,"name":"Inulin"}]},{"@type":"WebSite","@id":"https:\/\/camingredients.com\/#website","url":"https:\/\/camingredients.com\/","name":"CAM Ingredients","description":"Ingredients to enhance human health and wellbeing","publisher":{"@id":"https:\/\/camingredients.com\/#organization"},"potentialAction":[{"@type":"SearchAction","target":{"@type":"EntryPoint","urlTemplate":"https:\/\/camingredients.com\/?s={search_term_string}"},"query-input":{"@type":"PropertyValueSpecification","valueRequired":true,"valueName":"search_term_string"}}],"inLanguage":"fr-CA"},{"@type":"Organization","@id":"https:\/\/camingredients.com\/#organization","name":"CAM Ingredients","url":"https:\/\/camingredients.com\/","logo":{"@type":"ImageObject","inLanguage":"fr-CA","@id":"https:\/\/camingredients.com\/#\/schema\/logo\/image\/","url":"http:\/\/camingredients.com\/wp-content\/uploads\/2025\/01\/Logo-CAM-Ingredients-WIDE.png","contentUrl":"http:\/\/camingredients.com\/wp-content\/uploads\/2025\/01\/Logo-CAM-Ingredients-WIDE.png","width":354,"height":150,"caption":"CAM Ingredients"},"image":{"@id":"https:\/\/camingredients.com\/#\/schema\/logo\/image\/"}}]}},"jetpack_sharing_enabled":true,"_links":{"self":[{"href":"https:\/\/camingredients.com\/fr\/wp-json\/wp\/v2\/product\/706","targetHints":{"allow":["GET"]}}],"collection":[{"href":"https:\/\/camingredients.com\/fr\/wp-json\/wp\/v2\/product"}],"about":[{"href":"https:\/\/camingredients.com\/fr\/wp-json\/wp\/v2\/types\/product"}],"wp:featuredmedia":[{"embeddable":true,"href":"https:\/\/camingredients.com\/fr\/wp-json\/wp\/v2\/media\/1291"}],"wp:attachment":[{"href":"https:\/\/camingredients.com\/fr\/wp-json\/wp\/v2\/media?parent=706"}],"wp:term":[{"taxonomy":"product_brand","embeddable":true,"href":"https:\/\/camingredients.com\/fr\/wp-json\/wp\/v2\/product_brand?post=706"},{"taxonomy":"product_cat","embeddable":true,"href":"https:\/\/camingredients.com\/fr\/wp-json\/wp\/v2\/product_cat?post=706"},{"taxonomy":"product_tag","embeddable":true,"href":"https:\/\/camingredients.com\/fr\/wp-json\/wp\/v2\/product_tag?post=706"}],"curies":[{"name":"wp","href":"https:\/\/api.w.org\/{rel}","templated":true}]}}