{"id":695,"date":"2025-03-12T17:19:30","date_gmt":"2025-03-12T17:19:30","guid":{"rendered":"https:\/\/camingredients.com\/?post_type=product&#038;p=695"},"modified":"2026-03-22T15:00:20","modified_gmt":"2026-03-22T15:00:20","slug":"croscarmellose-sodium","status":"publish","type":"product","link":"https:\/\/camingredients.com\/fr\/produit\/croscarmellose-sodium\/","title":{"rendered":"CCS - Croscarmellose Sodium"},"content":{"rendered":"","protected":false},"excerpt":{"rendered":"<p><span style=\"font-weight: 400;\">La croscarmellose sodique est une poudre blanche, inodore et fibreuse utilis\u00e9e comme agent d\u00e9sint\u00e9grant dans les produits pharmaceutiques et non pharmaceutiques.<\/span><\/p>\n<p><span style=\"font-weight: 400;\">La croscarmellose sodique est un polym\u00e8re r\u00e9ticul\u00e9 de carboxym\u00e9thylcellulose sodique (CMC). Elle est insoluble dans l\u2019eau, mais gonfle rapidement au contact de celle-ci.<\/span><\/p>\n<p><span style=\"font-weight: 400;\">Les propri\u00e9t\u00e9s de la croscarmellose sodique sont hydrophiles, absorbantes et pr\u00e9sentent une excellente capacit\u00e9 \u00e0 entra\u00eener l\u2019eau. Elle est \u00e9galement relativement fluide.<\/span><\/p>\n<p><span style=\"font-weight: 400;\">La croscarmellose sodique est utilis\u00e9e comme agent d\u00e9sint\u00e9grant dans les formulations pharmaceutiques orales, telles que les comprim\u00e9s, les capsules et les granul\u00e9s. Elle aide les comprim\u00e9s \u00e0 se d\u00e9composer dans le tractus intestinal apr\u00e8s ingestion, ce qui am\u00e9liore la biodisponibilit\u00e9 du m\u00e9dicament en facilitant sa dissolution.<\/span><\/p>\n<p><span style=\"font-weight: 400;\">La croscarmellose sodique est \u00e9galement utilis\u00e9e dans l\u2019industrie textile et papeti\u00e8re, comme insecticide, ainsi que dans les op\u00e9rations de forage de puits de p\u00e9trole. En biom\u00e9decine, elle a \u00e9t\u00e9 utilis\u00e9e pour pr\u00e9venir les adh\u00e9rences cicatricielles \u00e9pidurales et les adh\u00e9rences des tissus mous apr\u00e8s une chirurgie.<\/span><\/p>\n<h3>Pays d\u2019origine : Chine<\/h3>\n<p>Conservation: <span style=\"font-weight: 400;\">\u00c0 conserver dans un contenant bien ferm\u00e9, \u00e0 l\u2019abri de l\u2019humidit\u00e9.<\/span><\/p>","protected":false},"featured_media":1285,"template":"","meta":{"_acf_changed":false,"site-sidebar-layout":"default","site-content-layout":"","ast-site-content-layout":"default","site-content-style":"default","site-sidebar-style":"default","ast-global-header-display":"","ast-banner-title-visibility":"","ast-main-header-display":"","ast-hfb-above-header-display":"","ast-hfb-below-header-display":"","ast-hfb-mobile-header-display":"","site-post-title":"","ast-breadcrumbs-content":"","ast-featured-img":"","footer-sml-layout":"","ast-disable-related-posts":"","theme-transparent-header-meta":"default","adv-header-id-meta":"","stick-header-meta":"","header-above-stick-meta":"","header-main-stick-meta":"","header-below-stick-meta":"","astra-migrate-meta-layouts":"set","ast-page-background-enabled":"default","ast-page-background-meta":{"desktop":{"background-color":"var(--ast-global-color-5)","background-image":"","background-repeat":"repeat","background-position":"center center","background-size":"auto","background-attachment":"scroll","background-type":"","background-media":"","overlay-type":"","overlay-color":"","overlay-opacity":"","overlay-gradient":""},"tablet":{"background-color":"","background-image":"","background-repeat":"repeat","background-position":"center center","background-size":"auto","background-attachment":"scroll","background-type":"","background-media":"","overlay-type":"","overlay-color":"","overlay-opacity":"","overlay-gradient":""},"mobile":{"background-color":"","background-image":"","background-repeat":"repeat","background-position":"center center","background-size":"auto","background-attachment":"scroll","background-type":"","background-media":"","overlay-type":"","overlay-color":"","overlay-opacity":"","overlay-gradient":""}},"ast-content-background-meta":{"desktop":{"background-color":"var(--ast-global-color-4)","background-image":"","background-repeat":"repeat","background-position":"center center","background-size":"auto","background-attachment":"scroll","background-type":"","background-media":"","overlay-type":"","overlay-color":"","overlay-opacity":"","overlay-gradient":""},"tablet":{"background-color":"var(--ast-global-color-4)","background-image":"","background-repeat":"repeat","background-position":"center center","background-size":"auto","background-attachment":"scroll","background-type":"","background-media":"","overlay-type":"","overlay-color":"","overlay-opacity":"","overlay-gradient":""},"mobile":{"background-color":"var(--ast-global-color-4)","background-image":"","background-repeat":"repeat","background-position":"center center","background-size":"auto","background-attachment":"scroll","background-type":"","background-media":"","overlay-type":"","overlay-color":"","overlay-opacity":"","overlay-gradient":""}}},"product_brand":[],"product_cat":[17],"product_tag":[42],"class_list":{"0":"post-695","1":"product","2":"type-product","3":"status-publish","4":"has-post-thumbnail","6":"product_cat-uncategorised","7":"product_tag-usp","8":"desktop-align-center","9":"tablet-align-left","10":"mobile-align-left","12":"first","13":"instock","14":"taxable","15":"shipping-taxable","16":"purchasable","17":"product-type-variable","18":"has-default-attributes"},"acf":[],"yoast_head":"<!-- This site is optimized with the Yoast SEO plugin v27.3 - https:\/\/yoast.com\/product\/yoast-seo-wordpress\/ -->\n<title>CCS \u2013 Croscarmellose Sodium - CAM Ingredients<\/title>\n<meta name=\"robots\" content=\"index, follow, max-snippet:-1, max-image-preview:large, max-video-preview:-1\" \/>\n<link rel=\"canonical\" href=\"https:\/\/camingredients.com\/fr\/produit\/croscarmellose-sodium\/\" \/>\n<meta property=\"og:locale\" content=\"fr_CA\" \/>\n<meta property=\"og:type\" content=\"article\" \/>\n<meta property=\"og:title\" content=\"CCS \u2013 Croscarmellose Sodium - CAM Ingredients\" \/>\n<meta property=\"og:description\" content=\"Croscarmellose sodium is a white, odorless, fibrous powder that is used as a disintegrant in pharmaceutical and non-pharmaceutical products:  Croscarmellose sodium is a cross-linked polymer of carboxymethylcellulose sodium (CMC). It is insoluble in water but swells rapidly when it comes into contact with it.  Properties of Croscarmellose sodium are hydrophilic, absorbent, and have excellent water-wicking capabilities. It is also relatively free flowing.  The usage of Croscarmellose sodium is used as a disintegrant in oral pharmaceutical formulations, such as tablets, capsules, and granules. It helps tablets break down in the intestinal tract after being taken orally. This improves the bioavailability of the drug by allowing it to dissolve better.  Also, Croscarmellose sodium is also used in the textile and paper industry, as an insecticide, and in oil-well drilling operations. In biomedicine, it has been used to prevent epidural scar adhesions and postsurgical soft tissue adhesions. Country of Origin: China Storage: Store in a well-closed container away from moisture\" \/>\n<meta property=\"og:url\" content=\"https:\/\/camingredients.com\/fr\/produit\/croscarmellose-sodium\/\" \/>\n<meta property=\"og:site_name\" content=\"CAM Ingredients\" \/>\n<meta property=\"article:modified_time\" content=\"2026-03-22T15:00:20+00:00\" \/>\n<meta property=\"og:image\" content=\"https:\/\/camingredients.com\/wp-content\/uploads\/2025\/03\/Crosscarmellose-Sodium.png\" \/>\n\t<meta property=\"og:image:width\" content=\"1024\" \/>\n\t<meta property=\"og:image:height\" content=\"1024\" \/>\n\t<meta property=\"og:image:type\" content=\"image\/png\" \/>\n<meta name=\"twitter:card\" content=\"summary_large_image\" \/>\n<meta name=\"twitter:label1\" content=\"Estimation du temps de lecture\" \/>\n\t<meta name=\"twitter:data1\" content=\"1 minute\" \/>\n<script type=\"application\/ld+json\" class=\"yoast-schema-graph\">{\"@context\":\"https:\\\/\\\/schema.org\",\"@graph\":[{\"@type\":\"WebPage\",\"@id\":\"https:\\\/\\\/camingredients.com\\\/product\\\/croscarmellose-sodium\\\/\",\"url\":\"https:\\\/\\\/camingredients.com\\\/product\\\/croscarmellose-sodium\\\/\",\"name\":\"CCS \u2013 Croscarmellose Sodium - CAM Ingredients\",\"isPartOf\":{\"@id\":\"https:\\\/\\\/camingredients.com\\\/#website\"},\"primaryImageOfPage\":{\"@id\":\"https:\\\/\\\/camingredients.com\\\/product\\\/croscarmellose-sodium\\\/#primaryimage\"},\"image\":{\"@id\":\"https:\\\/\\\/camingredients.com\\\/product\\\/croscarmellose-sodium\\\/#primaryimage\"},\"thumbnailUrl\":\"https:\\\/\\\/camingredients.com\\\/wp-content\\\/uploads\\\/2025\\\/03\\\/Crosscarmellose-Sodium.png\",\"datePublished\":\"2025-03-12T17:19:30+00:00\",\"dateModified\":\"2026-03-22T15:00:20+00:00\",\"breadcrumb\":{\"@id\":\"https:\\\/\\\/camingredients.com\\\/product\\\/croscarmellose-sodium\\\/#breadcrumb\"},\"inLanguage\":\"fr-CA\",\"potentialAction\":[{\"@type\":\"ReadAction\",\"target\":[\"https:\\\/\\\/camingredients.com\\\/product\\\/croscarmellose-sodium\\\/\"]}]},{\"@type\":\"ImageObject\",\"inLanguage\":\"fr-CA\",\"@id\":\"https:\\\/\\\/camingredients.com\\\/product\\\/croscarmellose-sodium\\\/#primaryimage\",\"url\":\"https:\\\/\\\/camingredients.com\\\/wp-content\\\/uploads\\\/2025\\\/03\\\/Crosscarmellose-Sodium.png\",\"contentUrl\":\"https:\\\/\\\/camingredients.com\\\/wp-content\\\/uploads\\\/2025\\\/03\\\/Crosscarmellose-Sodium.png\",\"width\":1024,\"height\":1024},{\"@type\":\"BreadcrumbList\",\"@id\":\"https:\\\/\\\/camingredients.com\\\/product\\\/croscarmellose-sodium\\\/#breadcrumb\",\"itemListElement\":[{\"@type\":\"ListItem\",\"position\":1,\"name\":\"Home\",\"item\":\"https:\\\/\\\/camingredients.com\\\/\"},{\"@type\":\"ListItem\",\"position\":2,\"name\":\"Ingredients\",\"item\":\"https:\\\/\\\/camingredients.com\\\/ingredients\\\/\"},{\"@type\":\"ListItem\",\"position\":3,\"name\":\"CCS \u2013 Croscarmellose Sodium\"}]},{\"@type\":\"WebSite\",\"@id\":\"https:\\\/\\\/camingredients.com\\\/#website\",\"url\":\"https:\\\/\\\/camingredients.com\\\/\",\"name\":\"CAM Ingredients\",\"description\":\"Ingredients to enhance human health and wellbeing\",\"publisher\":{\"@id\":\"https:\\\/\\\/camingredients.com\\\/#organization\"},\"potentialAction\":[{\"@type\":\"SearchAction\",\"target\":{\"@type\":\"EntryPoint\",\"urlTemplate\":\"https:\\\/\\\/camingredients.com\\\/?s={search_term_string}\"},\"query-input\":{\"@type\":\"PropertyValueSpecification\",\"valueRequired\":true,\"valueName\":\"search_term_string\"}}],\"inLanguage\":\"fr-CA\"},{\"@type\":\"Organization\",\"@id\":\"https:\\\/\\\/camingredients.com\\\/#organization\",\"name\":\"CAM Ingredients\",\"url\":\"https:\\\/\\\/camingredients.com\\\/\",\"logo\":{\"@type\":\"ImageObject\",\"inLanguage\":\"fr-CA\",\"@id\":\"https:\\\/\\\/camingredients.com\\\/#\\\/schema\\\/logo\\\/image\\\/\",\"url\":\"http:\\\/\\\/camingredients.com\\\/wp-content\\\/uploads\\\/2025\\\/01\\\/Logo-CAM-Ingredients-WIDE.png\",\"contentUrl\":\"http:\\\/\\\/camingredients.com\\\/wp-content\\\/uploads\\\/2025\\\/01\\\/Logo-CAM-Ingredients-WIDE.png\",\"width\":354,\"height\":150,\"caption\":\"CAM Ingredients\"},\"image\":{\"@id\":\"https:\\\/\\\/camingredients.com\\\/#\\\/schema\\\/logo\\\/image\\\/\"}}]}<\/script>\n<!-- \/ Yoast SEO plugin. -->","yoast_head_json":{"title":"CCS \u2013 Croscarmellose Sodium - CAM Ingredients","robots":{"index":"index","follow":"follow","max-snippet":"max-snippet:-1","max-image-preview":"max-image-preview:large","max-video-preview":"max-video-preview:-1"},"canonical":"https:\/\/camingredients.com\/fr\/produit\/croscarmellose-sodium\/","og_locale":"fr_CA","og_type":"article","og_title":"CCS \u2013 Croscarmellose Sodium - CAM Ingredients","og_description":"Croscarmellose sodium is a white, odorless, fibrous powder that is used as a disintegrant in pharmaceutical and non-pharmaceutical products:  Croscarmellose sodium is a cross-linked polymer of carboxymethylcellulose sodium (CMC). It is insoluble in water but swells rapidly when it comes into contact with it.  Properties of Croscarmellose sodium are hydrophilic, absorbent, and have excellent water-wicking capabilities. It is also relatively free flowing.  The usage of Croscarmellose sodium is used as a disintegrant in oral pharmaceutical formulations, such as tablets, capsules, and granules. It helps tablets break down in the intestinal tract after being taken orally. This improves the bioavailability of the drug by allowing it to dissolve better.  Also, Croscarmellose sodium is also used in the textile and paper industry, as an insecticide, and in oil-well drilling operations. In biomedicine, it has been used to prevent epidural scar adhesions and postsurgical soft tissue adhesions. Country of Origin: China Storage: Store in a well-closed container away from moisture","og_url":"https:\/\/camingredients.com\/fr\/produit\/croscarmellose-sodium\/","og_site_name":"CAM Ingredients","article_modified_time":"2026-03-22T15:00:20+00:00","og_image":[{"width":1024,"height":1024,"url":"https:\/\/camingredients.com\/wp-content\/uploads\/2025\/03\/Crosscarmellose-Sodium.png","type":"image\/png"}],"twitter_card":"summary_large_image","twitter_misc":{"Estimation du temps de lecture":"1 minute"},"schema":{"@context":"https:\/\/schema.org","@graph":[{"@type":"WebPage","@id":"https:\/\/camingredients.com\/product\/croscarmellose-sodium\/","url":"https:\/\/camingredients.com\/product\/croscarmellose-sodium\/","name":"CCS \u2013 Croscarmellose Sodium - CAM Ingredients","isPartOf":{"@id":"https:\/\/camingredients.com\/#website"},"primaryImageOfPage":{"@id":"https:\/\/camingredients.com\/product\/croscarmellose-sodium\/#primaryimage"},"image":{"@id":"https:\/\/camingredients.com\/product\/croscarmellose-sodium\/#primaryimage"},"thumbnailUrl":"https:\/\/camingredients.com\/wp-content\/uploads\/2025\/03\/Crosscarmellose-Sodium.png","datePublished":"2025-03-12T17:19:30+00:00","dateModified":"2026-03-22T15:00:20+00:00","breadcrumb":{"@id":"https:\/\/camingredients.com\/product\/croscarmellose-sodium\/#breadcrumb"},"inLanguage":"fr-CA","potentialAction":[{"@type":"ReadAction","target":["https:\/\/camingredients.com\/product\/croscarmellose-sodium\/"]}]},{"@type":"ImageObject","inLanguage":"fr-CA","@id":"https:\/\/camingredients.com\/product\/croscarmellose-sodium\/#primaryimage","url":"https:\/\/camingredients.com\/wp-content\/uploads\/2025\/03\/Crosscarmellose-Sodium.png","contentUrl":"https:\/\/camingredients.com\/wp-content\/uploads\/2025\/03\/Crosscarmellose-Sodium.png","width":1024,"height":1024},{"@type":"BreadcrumbList","@id":"https:\/\/camingredients.com\/product\/croscarmellose-sodium\/#breadcrumb","itemListElement":[{"@type":"ListItem","position":1,"name":"Home","item":"https:\/\/camingredients.com\/"},{"@type":"ListItem","position":2,"name":"Ingredients","item":"https:\/\/camingredients.com\/ingredients\/"},{"@type":"ListItem","position":3,"name":"CCS \u2013 Croscarmellose Sodium"}]},{"@type":"WebSite","@id":"https:\/\/camingredients.com\/#website","url":"https:\/\/camingredients.com\/","name":"CAM Ingredients","description":"Ingredients to enhance human health and wellbeing","publisher":{"@id":"https:\/\/camingredients.com\/#organization"},"potentialAction":[{"@type":"SearchAction","target":{"@type":"EntryPoint","urlTemplate":"https:\/\/camingredients.com\/?s={search_term_string}"},"query-input":{"@type":"PropertyValueSpecification","valueRequired":true,"valueName":"search_term_string"}}],"inLanguage":"fr-CA"},{"@type":"Organization","@id":"https:\/\/camingredients.com\/#organization","name":"CAM Ingredients","url":"https:\/\/camingredients.com\/","logo":{"@type":"ImageObject","inLanguage":"fr-CA","@id":"https:\/\/camingredients.com\/#\/schema\/logo\/image\/","url":"http:\/\/camingredients.com\/wp-content\/uploads\/2025\/01\/Logo-CAM-Ingredients-WIDE.png","contentUrl":"http:\/\/camingredients.com\/wp-content\/uploads\/2025\/01\/Logo-CAM-Ingredients-WIDE.png","width":354,"height":150,"caption":"CAM Ingredients"},"image":{"@id":"https:\/\/camingredients.com\/#\/schema\/logo\/image\/"}}]}},"jetpack_sharing_enabled":true,"_links":{"self":[{"href":"https:\/\/camingredients.com\/fr\/wp-json\/wp\/v2\/product\/695","targetHints":{"allow":["GET"]}}],"collection":[{"href":"https:\/\/camingredients.com\/fr\/wp-json\/wp\/v2\/product"}],"about":[{"href":"https:\/\/camingredients.com\/fr\/wp-json\/wp\/v2\/types\/product"}],"wp:featuredmedia":[{"embeddable":true,"href":"https:\/\/camingredients.com\/fr\/wp-json\/wp\/v2\/media\/1285"}],"wp:attachment":[{"href":"https:\/\/camingredients.com\/fr\/wp-json\/wp\/v2\/media?parent=695"}],"wp:term":[{"taxonomy":"product_brand","embeddable":true,"href":"https:\/\/camingredients.com\/fr\/wp-json\/wp\/v2\/product_brand?post=695"},{"taxonomy":"product_cat","embeddable":true,"href":"https:\/\/camingredients.com\/fr\/wp-json\/wp\/v2\/product_cat?post=695"},{"taxonomy":"product_tag","embeddable":true,"href":"https:\/\/camingredients.com\/fr\/wp-json\/wp\/v2\/product_tag?post=695"}],"curies":[{"name":"wp","href":"https:\/\/api.w.org\/{rel}","templated":true}]}}