{"id":395,"date":"2025-02-07T10:25:06","date_gmt":"2025-02-07T10:25:06","guid":{"rendered":"https:\/\/camingredients.com\/?post_type=product&#038;p=395"},"modified":"2026-03-22T15:12:37","modified_gmt":"2026-03-22T15:12:37","slug":"dextrose-monohydrate","status":"publish","type":"product","link":"https:\/\/camingredients.com\/fr\/produit\/dextrose-monohydrate\/","title":{"rendered":"Dextrose Monohydrate"},"content":{"rendered":"","protected":false},"excerpt":{"rendered":"<p><span style=\"font-weight: 400;\">Le dextrose est un type de sucre g\u00e9n\u00e9ralement d\u00e9riv\u00e9 du ma\u00efs ou du bl\u00e9. Il est tr\u00e8s similaire au glucose, le sucre naturellement pr\u00e9sent dans le sang. Pour cette raison, il peut \u00eatre rapidement utilis\u00e9 par l\u2019organisme comme source d\u2019\u00e9nergie. Le dextrose est couramment utilis\u00e9 dans l\u2019industrie alimentaire comme \u00e9dulcorant ou agent de conservation.<\/span> <span style=\"font-weight: 400;\">preservative<\/span><\/p>\n<h2><span style=\"font-weight: 400;\">Utilisations du Dextrose :<\/span><\/h2>\n<p><span style=\"font-weight: 400;\">Le dextrose est utilis\u00e9 dans une grande vari\u00e9t\u00e9 de produits en raison de ses propri\u00e9t\u00e9s fonctionnelles et de sa large disponibilit\u00e9. Il est souvent employ\u00e9 comme \u00e9dulcorant, conservateur, ou encore pour neutraliser des pr\u00e9parations alimentaires trop \u00e9pic\u00e9es ou sal\u00e9es.\n\nPoss\u00e9dant un indice glyc\u00e9mique \u00e9lev\u00e9, le dextrose augmente rapidement le taux de sucre dans le sang et constitue une source d\u2019\u00e9nergie rapide.<\/span><\/p>\n<h3><span style=\"font-weight: 400;\">Pays d\u2019origine : Chine<\/span><\/h3>\n<p><span style=\"font-weight: 400;\">Conservation : \u00c0 conserver dans un contenant bien ferm\u00e9, \u00e0 l\u2019abri de l\u2019humidit\u00e9.<\/span><\/p>","protected":false},"featured_media":1287,"template":"","meta":{"_acf_changed":false,"site-sidebar-layout":"default","site-content-layout":"","ast-site-content-layout":"default","site-content-style":"default","site-sidebar-style":"default","ast-global-header-display":"","ast-banner-title-visibility":"","ast-main-header-display":"","ast-hfb-above-header-display":"","ast-hfb-below-header-display":"","ast-hfb-mobile-header-display":"","site-post-title":"","ast-breadcrumbs-content":"","ast-featured-img":"","footer-sml-layout":"","ast-disable-related-posts":"","theme-transparent-header-meta":"default","adv-header-id-meta":"","stick-header-meta":"","header-above-stick-meta":"","header-main-stick-meta":"","header-below-stick-meta":"","astra-migrate-meta-layouts":"set","ast-page-background-enabled":"default","ast-page-background-meta":{"desktop":{"background-color":"var(--ast-global-color-5)","background-image":"","background-repeat":"repeat","background-position":"center center","background-size":"auto","background-attachment":"scroll","background-type":"","background-media":"","overlay-type":"","overlay-color":"","overlay-opacity":"","overlay-gradient":""},"tablet":{"background-color":"","background-image":"","background-repeat":"repeat","background-position":"center center","background-size":"auto","background-attachment":"scroll","background-type":"","background-media":"","overlay-type":"","overlay-color":"","overlay-opacity":"","overlay-gradient":""},"mobile":{"background-color":"","background-image":"","background-repeat":"repeat","background-position":"center center","background-size":"auto","background-attachment":"scroll","background-type":"","background-media":"","overlay-type":"","overlay-color":"","overlay-opacity":"","overlay-gradient":""}},"ast-content-background-meta":{"desktop":{"background-color":"var(--ast-global-color-4)","background-image":"","background-repeat":"repeat","background-position":"center center","background-size":"auto","background-attachment":"scroll","background-type":"","background-media":"","overlay-type":"","overlay-color":"","overlay-opacity":"","overlay-gradient":""},"tablet":{"background-color":"var(--ast-global-color-4)","background-image":"","background-repeat":"repeat","background-position":"center center","background-size":"auto","background-attachment":"scroll","background-type":"","background-media":"","overlay-type":"","overlay-color":"","overlay-opacity":"","overlay-gradient":""},"mobile":{"background-color":"var(--ast-global-color-4)","background-image":"","background-repeat":"repeat","background-position":"center center","background-size":"auto","background-attachment":"scroll","background-type":"","background-media":"","overlay-type":"","overlay-color":"","overlay-opacity":"","overlay-gradient":""}}},"product_brand":[],"product_cat":[17],"product_tag":[43],"class_list":{"0":"post-395","1":"product","2":"type-product","3":"status-publish","4":"has-post-thumbnail","6":"product_cat-uncategorised","7":"product_tag-fcc","8":"desktop-align-center","9":"tablet-align-left","10":"mobile-align-left","12":"first","13":"instock","14":"taxable","15":"shipping-taxable","16":"purchasable","17":"product-type-variable","18":"has-default-attributes"},"acf":[],"yoast_head":"<!-- This site is optimized with the Yoast SEO plugin v27.3 - https:\/\/yoast.com\/product\/yoast-seo-wordpress\/ -->\n<title>Dextrose Monohydrate - CAM Ingredients<\/title>\n<meta name=\"robots\" content=\"index, follow, max-snippet:-1, max-image-preview:large, max-video-preview:-1\" \/>\n<link rel=\"canonical\" href=\"https:\/\/camingredients.com\/fr\/produit\/dextrose-monohydrate\/\" \/>\n<meta property=\"og:locale\" content=\"fr_CA\" \/>\n<meta property=\"og:type\" content=\"article\" \/>\n<meta property=\"og:title\" content=\"Dextrose Monohydrate - CAM Ingredients\" \/>\n<meta property=\"og:description\" content=\"Dextrose is a type of sugar that usually comes from corn or wheat. It is almost identical to glucose, which is the sugar found in the bloodstream. For that reason, it can be quickly used as a source of energy by the human body. Dextrose is often used in foods as an artificial sweetener or a preservative What is Dextrose used for? \u200c\u200cDextrose is used in a wide range of products because it has several useful properties and is widely available. Dextrose is often used as a sweetener or preservative, or to neutralize food that is too spicy or salty. Dextrose has a high glycemic index, which means that it increases blood sugar levels quickly and is a good source of energy.\u200c Country of Origin: China Storage: Store in a well-closed container away from moisture\" \/>\n<meta property=\"og:url\" content=\"https:\/\/camingredients.com\/fr\/produit\/dextrose-monohydrate\/\" \/>\n<meta property=\"og:site_name\" content=\"CAM Ingredients\" \/>\n<meta property=\"article:modified_time\" content=\"2026-03-22T15:12:37+00:00\" \/>\n<meta property=\"og:image\" content=\"https:\/\/camingredients.com\/wp-content\/uploads\/2025\/02\/Dextrose.png\" \/>\n\t<meta property=\"og:image:width\" content=\"1024\" \/>\n\t<meta property=\"og:image:height\" content=\"1024\" \/>\n\t<meta property=\"og:image:type\" content=\"image\/png\" \/>\n<meta name=\"twitter:card\" content=\"summary_large_image\" \/>\n<meta name=\"twitter:label1\" content=\"Estimation du temps de lecture\" \/>\n\t<meta name=\"twitter:data1\" content=\"1 minute\" \/>\n<script type=\"application\/ld+json\" class=\"yoast-schema-graph\">{\"@context\":\"https:\\\/\\\/schema.org\",\"@graph\":[{\"@type\":\"WebPage\",\"@id\":\"https:\\\/\\\/camingredients.com\\\/product\\\/dextrose-monohydrate\\\/\",\"url\":\"https:\\\/\\\/camingredients.com\\\/product\\\/dextrose-monohydrate\\\/\",\"name\":\"Dextrose Monohydrate - CAM Ingredients\",\"isPartOf\":{\"@id\":\"https:\\\/\\\/camingredients.com\\\/#website\"},\"primaryImageOfPage\":{\"@id\":\"https:\\\/\\\/camingredients.com\\\/product\\\/dextrose-monohydrate\\\/#primaryimage\"},\"image\":{\"@id\":\"https:\\\/\\\/camingredients.com\\\/product\\\/dextrose-monohydrate\\\/#primaryimage\"},\"thumbnailUrl\":\"https:\\\/\\\/camingredients.com\\\/wp-content\\\/uploads\\\/2025\\\/02\\\/Dextrose.png\",\"datePublished\":\"2025-02-07T10:25:06+00:00\",\"dateModified\":\"2026-03-22T15:12:37+00:00\",\"breadcrumb\":{\"@id\":\"https:\\\/\\\/camingredients.com\\\/product\\\/dextrose-monohydrate\\\/#breadcrumb\"},\"inLanguage\":\"fr-CA\",\"potentialAction\":[{\"@type\":\"ReadAction\",\"target\":[\"https:\\\/\\\/camingredients.com\\\/product\\\/dextrose-monohydrate\\\/\"]}]},{\"@type\":\"ImageObject\",\"inLanguage\":\"fr-CA\",\"@id\":\"https:\\\/\\\/camingredients.com\\\/product\\\/dextrose-monohydrate\\\/#primaryimage\",\"url\":\"https:\\\/\\\/camingredients.com\\\/wp-content\\\/uploads\\\/2025\\\/02\\\/Dextrose.png\",\"contentUrl\":\"https:\\\/\\\/camingredients.com\\\/wp-content\\\/uploads\\\/2025\\\/02\\\/Dextrose.png\",\"width\":1024,\"height\":1024},{\"@type\":\"BreadcrumbList\",\"@id\":\"https:\\\/\\\/camingredients.com\\\/product\\\/dextrose-monohydrate\\\/#breadcrumb\",\"itemListElement\":[{\"@type\":\"ListItem\",\"position\":1,\"name\":\"Home\",\"item\":\"https:\\\/\\\/camingredients.com\\\/\"},{\"@type\":\"ListItem\",\"position\":2,\"name\":\"Ingredients\",\"item\":\"https:\\\/\\\/camingredients.com\\\/ingredients\\\/\"},{\"@type\":\"ListItem\",\"position\":3,\"name\":\"Dextrose Monohydrate\"}]},{\"@type\":\"WebSite\",\"@id\":\"https:\\\/\\\/camingredients.com\\\/#website\",\"url\":\"https:\\\/\\\/camingredients.com\\\/\",\"name\":\"CAM Ingredients\",\"description\":\"Ingredients to enhance human health and wellbeing\",\"publisher\":{\"@id\":\"https:\\\/\\\/camingredients.com\\\/#organization\"},\"potentialAction\":[{\"@type\":\"SearchAction\",\"target\":{\"@type\":\"EntryPoint\",\"urlTemplate\":\"https:\\\/\\\/camingredients.com\\\/?s={search_term_string}\"},\"query-input\":{\"@type\":\"PropertyValueSpecification\",\"valueRequired\":true,\"valueName\":\"search_term_string\"}}],\"inLanguage\":\"fr-CA\"},{\"@type\":\"Organization\",\"@id\":\"https:\\\/\\\/camingredients.com\\\/#organization\",\"name\":\"CAM Ingredients\",\"url\":\"https:\\\/\\\/camingredients.com\\\/\",\"logo\":{\"@type\":\"ImageObject\",\"inLanguage\":\"fr-CA\",\"@id\":\"https:\\\/\\\/camingredients.com\\\/#\\\/schema\\\/logo\\\/image\\\/\",\"url\":\"http:\\\/\\\/camingredients.com\\\/wp-content\\\/uploads\\\/2025\\\/01\\\/Logo-CAM-Ingredients-WIDE.png\",\"contentUrl\":\"http:\\\/\\\/camingredients.com\\\/wp-content\\\/uploads\\\/2025\\\/01\\\/Logo-CAM-Ingredients-WIDE.png\",\"width\":354,\"height\":150,\"caption\":\"CAM Ingredients\"},\"image\":{\"@id\":\"https:\\\/\\\/camingredients.com\\\/#\\\/schema\\\/logo\\\/image\\\/\"}}]}<\/script>\n<!-- \/ Yoast SEO plugin. -->","yoast_head_json":{"title":"Dextrose Monohydrate - CAM Ingredients","robots":{"index":"index","follow":"follow","max-snippet":"max-snippet:-1","max-image-preview":"max-image-preview:large","max-video-preview":"max-video-preview:-1"},"canonical":"https:\/\/camingredients.com\/fr\/produit\/dextrose-monohydrate\/","og_locale":"fr_CA","og_type":"article","og_title":"Dextrose Monohydrate - CAM Ingredients","og_description":"Dextrose is a type of sugar that usually comes from corn or wheat. It is almost identical to glucose, which is the sugar found in the bloodstream. For that reason, it can be quickly used as a source of energy by the human body. Dextrose is often used in foods as an artificial sweetener or a preservative What is Dextrose used for? \u200c\u200cDextrose is used in a wide range of products because it has several useful properties and is widely available. Dextrose is often used as a sweetener or preservative, or to neutralize food that is too spicy or salty. Dextrose has a high glycemic index, which means that it increases blood sugar levels quickly and is a good source of energy.\u200c Country of Origin: China Storage: Store in a well-closed container away from moisture","og_url":"https:\/\/camingredients.com\/fr\/produit\/dextrose-monohydrate\/","og_site_name":"CAM Ingredients","article_modified_time":"2026-03-22T15:12:37+00:00","og_image":[{"width":1024,"height":1024,"url":"https:\/\/camingredients.com\/wp-content\/uploads\/2025\/02\/Dextrose.png","type":"image\/png"}],"twitter_card":"summary_large_image","twitter_misc":{"Estimation du temps de lecture":"1 minute"},"schema":{"@context":"https:\/\/schema.org","@graph":[{"@type":"WebPage","@id":"https:\/\/camingredients.com\/product\/dextrose-monohydrate\/","url":"https:\/\/camingredients.com\/product\/dextrose-monohydrate\/","name":"Dextrose Monohydrate - CAM Ingredients","isPartOf":{"@id":"https:\/\/camingredients.com\/#website"},"primaryImageOfPage":{"@id":"https:\/\/camingredients.com\/product\/dextrose-monohydrate\/#primaryimage"},"image":{"@id":"https:\/\/camingredients.com\/product\/dextrose-monohydrate\/#primaryimage"},"thumbnailUrl":"https:\/\/camingredients.com\/wp-content\/uploads\/2025\/02\/Dextrose.png","datePublished":"2025-02-07T10:25:06+00:00","dateModified":"2026-03-22T15:12:37+00:00","breadcrumb":{"@id":"https:\/\/camingredients.com\/product\/dextrose-monohydrate\/#breadcrumb"},"inLanguage":"fr-CA","potentialAction":[{"@type":"ReadAction","target":["https:\/\/camingredients.com\/product\/dextrose-monohydrate\/"]}]},{"@type":"ImageObject","inLanguage":"fr-CA","@id":"https:\/\/camingredients.com\/product\/dextrose-monohydrate\/#primaryimage","url":"https:\/\/camingredients.com\/wp-content\/uploads\/2025\/02\/Dextrose.png","contentUrl":"https:\/\/camingredients.com\/wp-content\/uploads\/2025\/02\/Dextrose.png","width":1024,"height":1024},{"@type":"BreadcrumbList","@id":"https:\/\/camingredients.com\/product\/dextrose-monohydrate\/#breadcrumb","itemListElement":[{"@type":"ListItem","position":1,"name":"Home","item":"https:\/\/camingredients.com\/"},{"@type":"ListItem","position":2,"name":"Ingredients","item":"https:\/\/camingredients.com\/ingredients\/"},{"@type":"ListItem","position":3,"name":"Dextrose Monohydrate"}]},{"@type":"WebSite","@id":"https:\/\/camingredients.com\/#website","url":"https:\/\/camingredients.com\/","name":"CAM Ingredients","description":"Ingredients to enhance human health and wellbeing","publisher":{"@id":"https:\/\/camingredients.com\/#organization"},"potentialAction":[{"@type":"SearchAction","target":{"@type":"EntryPoint","urlTemplate":"https:\/\/camingredients.com\/?s={search_term_string}"},"query-input":{"@type":"PropertyValueSpecification","valueRequired":true,"valueName":"search_term_string"}}],"inLanguage":"fr-CA"},{"@type":"Organization","@id":"https:\/\/camingredients.com\/#organization","name":"CAM Ingredients","url":"https:\/\/camingredients.com\/","logo":{"@type":"ImageObject","inLanguage":"fr-CA","@id":"https:\/\/camingredients.com\/#\/schema\/logo\/image\/","url":"http:\/\/camingredients.com\/wp-content\/uploads\/2025\/01\/Logo-CAM-Ingredients-WIDE.png","contentUrl":"http:\/\/camingredients.com\/wp-content\/uploads\/2025\/01\/Logo-CAM-Ingredients-WIDE.png","width":354,"height":150,"caption":"CAM Ingredients"},"image":{"@id":"https:\/\/camingredients.com\/#\/schema\/logo\/image\/"}}]}},"jetpack_sharing_enabled":true,"_links":{"self":[{"href":"https:\/\/camingredients.com\/fr\/wp-json\/wp\/v2\/product\/395","targetHints":{"allow":["GET"]}}],"collection":[{"href":"https:\/\/camingredients.com\/fr\/wp-json\/wp\/v2\/product"}],"about":[{"href":"https:\/\/camingredients.com\/fr\/wp-json\/wp\/v2\/types\/product"}],"wp:featuredmedia":[{"embeddable":true,"href":"https:\/\/camingredients.com\/fr\/wp-json\/wp\/v2\/media\/1287"}],"wp:attachment":[{"href":"https:\/\/camingredients.com\/fr\/wp-json\/wp\/v2\/media?parent=395"}],"wp:term":[{"taxonomy":"product_brand","embeddable":true,"href":"https:\/\/camingredients.com\/fr\/wp-json\/wp\/v2\/product_brand?post=395"},{"taxonomy":"product_cat","embeddable":true,"href":"https:\/\/camingredients.com\/fr\/wp-json\/wp\/v2\/product_cat?post=395"},{"taxonomy":"product_tag","embeddable":true,"href":"https:\/\/camingredients.com\/fr\/wp-json\/wp\/v2\/product_tag?post=395"}],"curies":[{"name":"wp","href":"https:\/\/api.w.org\/{rel}","templated":true}]}}