{"id":375,"date":"2025-02-07T10:00:51","date_gmt":"2025-02-07T10:00:51","guid":{"rendered":"https:\/\/camingredients.com\/?post_type=product&#038;p=375"},"modified":"2026-03-22T15:10:01","modified_gmt":"2026-03-22T15:10:01","slug":"carboxymethyl-cellulose","status":"publish","type":"product","link":"https:\/\/camingredients.com\/fr\/produit\/carboxymethyl-cellulose\/","title":{"rendered":"Carboxym\u00e9thylcellulose Sodique (CMC)"},"content":{"rendered":"","protected":false},"excerpt":{"rendered":"<p><span style=\"font-weight: 400;\">La carboxym\u00e9thylcellulose sodique (CMC) est un d\u00e9riv\u00e9 de la cellulose couramment utilis\u00e9 dans les secteurs de l\u2019alimentation, de la pharmaceutique et des cosm\u00e9tiques. Dans l\u2019industrie alimentaire, elle agit comme modificateur de viscosit\u00e9, \u00e9paississant et stabilisant d\u2019\u00e9mulsion.<\/span><\/p>\n<p><span style=\"font-weight: 400;\">La CMC se pr\u00e9sente sous forme de poudre blanche fibreuse, fluide et non agglom\u00e9rante, et est reconnue par la FDA et Sant\u00e9 Canada comme d\u00e9sint\u00e9grant pour les formulations pharmaceutiques, facilitant la d\u00e9sint\u00e9gration des comprim\u00e9s dans le tractus intestinal apr\u00e8s ingestion.\u00a0<\/span><span style=\"font-weight: 400;\">used commonly as an FDA and Health Canada-approved disintegrant in pharmaceutical manufacturing<\/span><span style=\"font-weight: 400;\">. Disintegrants facilitate the breakup of a tablet in the intestinal tract after oral administration<\/span><\/p>\n<p data-start=\"120\" data-end=\"144\"><strong data-start=\"120\" data-end=\"142\">Applications principales :<\/strong><\/p>\n<ul data-start=\"145\" data-end=\"269\">\n<li data-start=\"145\" data-end=\"187\">\n<p data-start=\"147\" data-end=\"187\">Additif alimentaire (texturant, stabilisant)<\/p>\n<\/li>\n<li data-start=\"188\" data-end=\"231\">\n<p data-start=\"190\" data-end=\"231\">Excipient pharmaceutique (d\u00e9sint\u00e9grant)<\/p>\n<\/li>\n<li data-start=\"232\" data-end=\"269\">\n<p data-start=\"234\" data-end=\"269\">Produits cosm\u00e9tiques et soins personnels<\/p>\n<\/li>\n<\/ul>\n<h3><span style=\"font-weight: 400;\">Pays d\u2019origine : Chine<\/span><\/h3>\n<p>Conservation : \u00c0 conserver dans un contenant bien ferm\u00e9, \u00e0 l\u2019abri de l\u2019humidit\u00e9.<\/p>","protected":false},"featured_media":1281,"template":"","meta":{"_acf_changed":false,"site-sidebar-layout":"default","site-content-layout":"","ast-site-content-layout":"default","site-content-style":"default","site-sidebar-style":"default","ast-global-header-display":"","ast-banner-title-visibility":"","ast-main-header-display":"","ast-hfb-above-header-display":"","ast-hfb-below-header-display":"","ast-hfb-mobile-header-display":"","site-post-title":"","ast-breadcrumbs-content":"","ast-featured-img":"","footer-sml-layout":"","ast-disable-related-posts":"","theme-transparent-header-meta":"default","adv-header-id-meta":"","stick-header-meta":"","header-above-stick-meta":"","header-main-stick-meta":"","header-below-stick-meta":"","astra-migrate-meta-layouts":"set","ast-page-background-enabled":"default","ast-page-background-meta":{"desktop":{"background-color":"var(--ast-global-color-5)","background-image":"","background-repeat":"repeat","background-position":"center center","background-size":"auto","background-attachment":"scroll","background-type":"","background-media":"","overlay-type":"","overlay-color":"","overlay-opacity":"","overlay-gradient":""},"tablet":{"background-color":"","background-image":"","background-repeat":"repeat","background-position":"center center","background-size":"auto","background-attachment":"scroll","background-type":"","background-media":"","overlay-type":"","overlay-color":"","overlay-opacity":"","overlay-gradient":""},"mobile":{"background-color":"","background-image":"","background-repeat":"repeat","background-position":"center center","background-size":"auto","background-attachment":"scroll","background-type":"","background-media":"","overlay-type":"","overlay-color":"","overlay-opacity":"","overlay-gradient":""}},"ast-content-background-meta":{"desktop":{"background-color":"var(--ast-global-color-4)","background-image":"","background-repeat":"repeat","background-position":"center center","background-size":"auto","background-attachment":"scroll","background-type":"","background-media":"","overlay-type":"","overlay-color":"","overlay-opacity":"","overlay-gradient":""},"tablet":{"background-color":"var(--ast-global-color-4)","background-image":"","background-repeat":"repeat","background-position":"center center","background-size":"auto","background-attachment":"scroll","background-type":"","background-media":"","overlay-type":"","overlay-color":"","overlay-opacity":"","overlay-gradient":""},"mobile":{"background-color":"var(--ast-global-color-4)","background-image":"","background-repeat":"repeat","background-position":"center center","background-size":"auto","background-attachment":"scroll","background-type":"","background-media":"","overlay-type":"","overlay-color":"","overlay-opacity":"","overlay-gradient":""}}},"product_brand":[],"product_cat":[24],"product_tag":[42],"class_list":{"0":"post-375","1":"product","2":"type-product","3":"status-publish","4":"has-post-thumbnail","6":"product_cat-carboxymethyl-cellulose","7":"product_tag-usp","8":"desktop-align-center","9":"tablet-align-left","10":"mobile-align-left","12":"first","13":"instock","14":"taxable","15":"shipping-taxable","16":"purchasable","17":"product-type-variable","18":"has-default-attributes"},"acf":[],"yoast_head":"<!-- This site is optimized with the Yoast SEO plugin v27.3 - https:\/\/yoast.com\/product\/yoast-seo-wordpress\/ -->\n<title>Carboxymethyl Cellulose - CAM Ingredients<\/title>\n<meta name=\"robots\" content=\"index, follow, max-snippet:-1, max-image-preview:large, max-video-preview:-1\" \/>\n<link rel=\"canonical\" href=\"https:\/\/camingredients.com\/fr\/produit\/carboxymethyl-cellulose\/\" \/>\n<meta property=\"og:locale\" content=\"fr_CA\" \/>\n<meta property=\"og:type\" content=\"article\" \/>\n<meta property=\"og:title\" content=\"Carboxymethyl Cellulose - CAM Ingredients\" \/>\n<meta property=\"og:description\" content=\"Carboxymethyl Cellulose Sodium is a cellulose derivative often used in food products as a viscosity modifier\/thickener or to stabilize emulsions.  Carboxymethyl cellulose sodium appears as white, fibrous, free-flowing powder, and is\u00a0used commonly as an FDA and Health Canada-approved disintegrant in pharmaceutical manufacturing. Disintegrants facilitate the breakup of a tablet in the intestinal tract after oral administration Main Applications:     Food additive (texturizer, stabilizer)    Pharmaceutical excipient (disintegrant)    Cosmetic and personal care products   Country of Origin: China Storage: Store in a tightly sealed container, away from moisture.\" \/>\n<meta property=\"og:url\" content=\"https:\/\/camingredients.com\/fr\/produit\/carboxymethyl-cellulose\/\" \/>\n<meta property=\"og:site_name\" content=\"CAM Ingredients\" \/>\n<meta property=\"article:modified_time\" content=\"2026-03-22T15:10:01+00:00\" \/>\n<meta property=\"og:image\" content=\"https:\/\/camingredients.com\/wp-content\/uploads\/2025\/02\/Carboxymethyl-Cellulose.png\" \/>\n\t<meta property=\"og:image:width\" content=\"1024\" \/>\n\t<meta property=\"og:image:height\" content=\"1024\" \/>\n\t<meta property=\"og:image:type\" content=\"image\/png\" \/>\n<meta name=\"twitter:card\" content=\"summary_large_image\" \/>\n<meta name=\"twitter:label1\" content=\"Estimation du temps de lecture\" \/>\n\t<meta name=\"twitter:data1\" content=\"1 minute\" \/>\n<script type=\"application\/ld+json\" class=\"yoast-schema-graph\">{\"@context\":\"https:\\\/\\\/schema.org\",\"@graph\":[{\"@type\":\"WebPage\",\"@id\":\"https:\\\/\\\/camingredients.com\\\/product\\\/carboxymethyl-cellulose\\\/\",\"url\":\"https:\\\/\\\/camingredients.com\\\/product\\\/carboxymethyl-cellulose\\\/\",\"name\":\"Carboxymethyl Cellulose - CAM Ingredients\",\"isPartOf\":{\"@id\":\"https:\\\/\\\/camingredients.com\\\/#website\"},\"primaryImageOfPage\":{\"@id\":\"https:\\\/\\\/camingredients.com\\\/product\\\/carboxymethyl-cellulose\\\/#primaryimage\"},\"image\":{\"@id\":\"https:\\\/\\\/camingredients.com\\\/product\\\/carboxymethyl-cellulose\\\/#primaryimage\"},\"thumbnailUrl\":\"https:\\\/\\\/camingredients.com\\\/wp-content\\\/uploads\\\/2025\\\/02\\\/Carboxymethyl-Cellulose.png\",\"datePublished\":\"2025-02-07T10:00:51+00:00\",\"dateModified\":\"2026-03-22T15:10:01+00:00\",\"breadcrumb\":{\"@id\":\"https:\\\/\\\/camingredients.com\\\/product\\\/carboxymethyl-cellulose\\\/#breadcrumb\"},\"inLanguage\":\"fr-CA\",\"potentialAction\":[{\"@type\":\"ReadAction\",\"target\":[\"https:\\\/\\\/camingredients.com\\\/product\\\/carboxymethyl-cellulose\\\/\"]}]},{\"@type\":\"ImageObject\",\"inLanguage\":\"fr-CA\",\"@id\":\"https:\\\/\\\/camingredients.com\\\/product\\\/carboxymethyl-cellulose\\\/#primaryimage\",\"url\":\"https:\\\/\\\/camingredients.com\\\/wp-content\\\/uploads\\\/2025\\\/02\\\/Carboxymethyl-Cellulose.png\",\"contentUrl\":\"https:\\\/\\\/camingredients.com\\\/wp-content\\\/uploads\\\/2025\\\/02\\\/Carboxymethyl-Cellulose.png\",\"width\":1024,\"height\":1024},{\"@type\":\"BreadcrumbList\",\"@id\":\"https:\\\/\\\/camingredients.com\\\/product\\\/carboxymethyl-cellulose\\\/#breadcrumb\",\"itemListElement\":[{\"@type\":\"ListItem\",\"position\":1,\"name\":\"Home\",\"item\":\"https:\\\/\\\/camingredients.com\\\/\"},{\"@type\":\"ListItem\",\"position\":2,\"name\":\"Ingredients\",\"item\":\"https:\\\/\\\/camingredients.com\\\/ingredients\\\/\"},{\"@type\":\"ListItem\",\"position\":3,\"name\":\"Carboxymethyl Cellulose\"}]},{\"@type\":\"WebSite\",\"@id\":\"https:\\\/\\\/camingredients.com\\\/#website\",\"url\":\"https:\\\/\\\/camingredients.com\\\/\",\"name\":\"CAM Ingredients\",\"description\":\"Ingredients to enhance human health and wellbeing\",\"publisher\":{\"@id\":\"https:\\\/\\\/camingredients.com\\\/#organization\"},\"potentialAction\":[{\"@type\":\"SearchAction\",\"target\":{\"@type\":\"EntryPoint\",\"urlTemplate\":\"https:\\\/\\\/camingredients.com\\\/?s={search_term_string}\"},\"query-input\":{\"@type\":\"PropertyValueSpecification\",\"valueRequired\":true,\"valueName\":\"search_term_string\"}}],\"inLanguage\":\"fr-CA\"},{\"@type\":\"Organization\",\"@id\":\"https:\\\/\\\/camingredients.com\\\/#organization\",\"name\":\"CAM Ingredients\",\"url\":\"https:\\\/\\\/camingredients.com\\\/\",\"logo\":{\"@type\":\"ImageObject\",\"inLanguage\":\"fr-CA\",\"@id\":\"https:\\\/\\\/camingredients.com\\\/#\\\/schema\\\/logo\\\/image\\\/\",\"url\":\"http:\\\/\\\/camingredients.com\\\/wp-content\\\/uploads\\\/2025\\\/01\\\/Logo-CAM-Ingredients-WIDE.png\",\"contentUrl\":\"http:\\\/\\\/camingredients.com\\\/wp-content\\\/uploads\\\/2025\\\/01\\\/Logo-CAM-Ingredients-WIDE.png\",\"width\":354,\"height\":150,\"caption\":\"CAM Ingredients\"},\"image\":{\"@id\":\"https:\\\/\\\/camingredients.com\\\/#\\\/schema\\\/logo\\\/image\\\/\"}}]}<\/script>\n<!-- \/ Yoast SEO plugin. -->","yoast_head_json":{"title":"Carboxymethyl Cellulose - CAM Ingredients","robots":{"index":"index","follow":"follow","max-snippet":"max-snippet:-1","max-image-preview":"max-image-preview:large","max-video-preview":"max-video-preview:-1"},"canonical":"https:\/\/camingredients.com\/fr\/produit\/carboxymethyl-cellulose\/","og_locale":"fr_CA","og_type":"article","og_title":"Carboxymethyl Cellulose - CAM Ingredients","og_description":"Carboxymethyl Cellulose Sodium is a cellulose derivative often used in food products as a viscosity modifier\/thickener or to stabilize emulsions.  Carboxymethyl cellulose sodium appears as white, fibrous, free-flowing powder, and is\u00a0used commonly as an FDA and Health Canada-approved disintegrant in pharmaceutical manufacturing. Disintegrants facilitate the breakup of a tablet in the intestinal tract after oral administration Main Applications:     Food additive (texturizer, stabilizer)    Pharmaceutical excipient (disintegrant)    Cosmetic and personal care products   Country of Origin: China Storage: Store in a tightly sealed container, away from moisture.","og_url":"https:\/\/camingredients.com\/fr\/produit\/carboxymethyl-cellulose\/","og_site_name":"CAM Ingredients","article_modified_time":"2026-03-22T15:10:01+00:00","og_image":[{"width":1024,"height":1024,"url":"https:\/\/camingredients.com\/wp-content\/uploads\/2025\/02\/Carboxymethyl-Cellulose.png","type":"image\/png"}],"twitter_card":"summary_large_image","twitter_misc":{"Estimation du temps de lecture":"1 minute"},"schema":{"@context":"https:\/\/schema.org","@graph":[{"@type":"WebPage","@id":"https:\/\/camingredients.com\/product\/carboxymethyl-cellulose\/","url":"https:\/\/camingredients.com\/product\/carboxymethyl-cellulose\/","name":"Carboxymethyl Cellulose - CAM Ingredients","isPartOf":{"@id":"https:\/\/camingredients.com\/#website"},"primaryImageOfPage":{"@id":"https:\/\/camingredients.com\/product\/carboxymethyl-cellulose\/#primaryimage"},"image":{"@id":"https:\/\/camingredients.com\/product\/carboxymethyl-cellulose\/#primaryimage"},"thumbnailUrl":"https:\/\/camingredients.com\/wp-content\/uploads\/2025\/02\/Carboxymethyl-Cellulose.png","datePublished":"2025-02-07T10:00:51+00:00","dateModified":"2026-03-22T15:10:01+00:00","breadcrumb":{"@id":"https:\/\/camingredients.com\/product\/carboxymethyl-cellulose\/#breadcrumb"},"inLanguage":"fr-CA","potentialAction":[{"@type":"ReadAction","target":["https:\/\/camingredients.com\/product\/carboxymethyl-cellulose\/"]}]},{"@type":"ImageObject","inLanguage":"fr-CA","@id":"https:\/\/camingredients.com\/product\/carboxymethyl-cellulose\/#primaryimage","url":"https:\/\/camingredients.com\/wp-content\/uploads\/2025\/02\/Carboxymethyl-Cellulose.png","contentUrl":"https:\/\/camingredients.com\/wp-content\/uploads\/2025\/02\/Carboxymethyl-Cellulose.png","width":1024,"height":1024},{"@type":"BreadcrumbList","@id":"https:\/\/camingredients.com\/product\/carboxymethyl-cellulose\/#breadcrumb","itemListElement":[{"@type":"ListItem","position":1,"name":"Home","item":"https:\/\/camingredients.com\/"},{"@type":"ListItem","position":2,"name":"Ingredients","item":"https:\/\/camingredients.com\/ingredients\/"},{"@type":"ListItem","position":3,"name":"Carboxymethyl Cellulose"}]},{"@type":"WebSite","@id":"https:\/\/camingredients.com\/#website","url":"https:\/\/camingredients.com\/","name":"CAM Ingredients","description":"Ingredients to enhance human health and wellbeing","publisher":{"@id":"https:\/\/camingredients.com\/#organization"},"potentialAction":[{"@type":"SearchAction","target":{"@type":"EntryPoint","urlTemplate":"https:\/\/camingredients.com\/?s={search_term_string}"},"query-input":{"@type":"PropertyValueSpecification","valueRequired":true,"valueName":"search_term_string"}}],"inLanguage":"fr-CA"},{"@type":"Organization","@id":"https:\/\/camingredients.com\/#organization","name":"CAM Ingredients","url":"https:\/\/camingredients.com\/","logo":{"@type":"ImageObject","inLanguage":"fr-CA","@id":"https:\/\/camingredients.com\/#\/schema\/logo\/image\/","url":"http:\/\/camingredients.com\/wp-content\/uploads\/2025\/01\/Logo-CAM-Ingredients-WIDE.png","contentUrl":"http:\/\/camingredients.com\/wp-content\/uploads\/2025\/01\/Logo-CAM-Ingredients-WIDE.png","width":354,"height":150,"caption":"CAM Ingredients"},"image":{"@id":"https:\/\/camingredients.com\/#\/schema\/logo\/image\/"}}]}},"jetpack_sharing_enabled":true,"_links":{"self":[{"href":"https:\/\/camingredients.com\/fr\/wp-json\/wp\/v2\/product\/375","targetHints":{"allow":["GET"]}}],"collection":[{"href":"https:\/\/camingredients.com\/fr\/wp-json\/wp\/v2\/product"}],"about":[{"href":"https:\/\/camingredients.com\/fr\/wp-json\/wp\/v2\/types\/product"}],"wp:featuredmedia":[{"embeddable":true,"href":"https:\/\/camingredients.com\/fr\/wp-json\/wp\/v2\/media\/1281"}],"wp:attachment":[{"href":"https:\/\/camingredients.com\/fr\/wp-json\/wp\/v2\/media?parent=375"}],"wp:term":[{"taxonomy":"product_brand","embeddable":true,"href":"https:\/\/camingredients.com\/fr\/wp-json\/wp\/v2\/product_brand?post=375"},{"taxonomy":"product_cat","embeddable":true,"href":"https:\/\/camingredients.com\/fr\/wp-json\/wp\/v2\/product_cat?post=375"},{"taxonomy":"product_tag","embeddable":true,"href":"https:\/\/camingredients.com\/fr\/wp-json\/wp\/v2\/product_tag?post=375"}],"curies":[{"name":"wp","href":"https:\/\/api.w.org\/{rel}","templated":true}]}}