{"id":236,"date":"2025-02-04T22:42:59","date_gmt":"2025-02-04T22:42:59","guid":{"rendered":"https:\/\/camingredients.com\/?post_type=product&#038;p=236"},"modified":"2026-03-22T15:14:17","modified_gmt":"2026-03-22T15:14:17","slug":"caffeine-anhydrous","status":"publish","type":"product","link":"https:\/\/camingredients.com\/fr\/produit\/caffeine-anhydrous\/","title":{"rendered":"Caf\u00e9ine Anhydre"},"content":{"rendered":"","protected":false},"excerpt":{"rendered":"<p>La caf\u00e9ine anhydre est une forme concentr\u00e9e et en poudre de la caf\u00e9ine, extraite de sources naturelles comme les grains de caf\u00e9 et les feuilles de th\u00e9, puis transform\u00e9e en poudre cristalline en laboratoire. Cela permet un dosage pr\u00e9cis et une utilisation constante dans diverses formulations industrielles.<\/p>\n<p>Tr\u00e8s pris\u00e9e par les athl\u00e8tes, cette forme de caf\u00e9ine est reconnue pour ses effets stimulants sur la performance physique, la concentration et la perte de masse graisseuse.<\/p>\n<p>\u26a0\ufe0f Avertissement : La caf\u00e9ine est hautement toxique en grande quantit\u00e9. Un surdosage, m\u00eame l\u00e9ger (quelques grammes), peut \u00eatre dangereux. Ne pas d\u00e9passer 200 mg par prise ni 600 mg par jour.<\/p>\n<p>Applications :<br \/>\nPour les entreprises d\u00e9veloppant des produits contenant de la caf\u00e9ine<br \/>\nPour les fabricants autoris\u00e9s de formulations approuv\u00e9es<\/p>\n<h3>IMPORTANT<\/h3>\n<p>Ce produit est r\u00e9serv\u00e9 exclusivement aux entreprises v\u00e9rifi\u00e9es op\u00e9rant dans les secteurs suivants : boissons, cosm\u00e9tiques, chimie, pharmaceutique, transformation alimentaire, compl\u00e9ments alimentaires ou recherche. Ces restrictions visent \u00e0 assurer une manipulation s\u00e9curis\u00e9e, \u00e9viter les usages abusifs et respecter les r\u00e9glementations locales et internationales.<\/p>\n<h3><strong>Pays d\u2019origine : Chine<\/strong><\/h3>\n<p><strong>Conservation:<\/strong> Conserver dans un endroit frais et sec, \u00e0 l\u2019abri de la lumi\u00e8re directe du soleil. Temp\u00e9rature de conservation recommand\u00e9e : \u2264 40\u00b0C.<\/p>","protected":false},"featured_media":1280,"template":"","meta":{"_acf_changed":false,"site-sidebar-layout":"default","site-content-layout":"","ast-site-content-layout":"default","site-content-style":"default","site-sidebar-style":"default","ast-global-header-display":"","ast-banner-title-visibility":"","ast-main-header-display":"","ast-hfb-above-header-display":"","ast-hfb-below-header-display":"","ast-hfb-mobile-header-display":"","site-post-title":"","ast-breadcrumbs-content":"","ast-featured-img":"","footer-sml-layout":"","ast-disable-related-posts":"","theme-transparent-header-meta":"default","adv-header-id-meta":"","stick-header-meta":"","header-above-stick-meta":"","header-main-stick-meta":"","header-below-stick-meta":"","astra-migrate-meta-layouts":"set","ast-page-background-enabled":"default","ast-page-background-meta":{"desktop":{"background-color":"var(--ast-global-color-5)","background-image":"","background-repeat":"repeat","background-position":"center center","background-size":"auto","background-attachment":"scroll","background-type":"","background-media":"","overlay-type":"","overlay-color":"","overlay-opacity":"","overlay-gradient":""},"tablet":{"background-color":"","background-image":"","background-repeat":"repeat","background-position":"center center","background-size":"auto","background-attachment":"scroll","background-type":"","background-media":"","overlay-type":"","overlay-color":"","overlay-opacity":"","overlay-gradient":""},"mobile":{"background-color":"","background-image":"","background-repeat":"repeat","background-position":"center center","background-size":"auto","background-attachment":"scroll","background-type":"","background-media":"","overlay-type":"","overlay-color":"","overlay-opacity":"","overlay-gradient":""}},"ast-content-background-meta":{"desktop":{"background-color":"var(--ast-global-color-4)","background-image":"","background-repeat":"repeat","background-position":"center center","background-size":"auto","background-attachment":"scroll","background-type":"","background-media":"","overlay-type":"","overlay-color":"","overlay-opacity":"","overlay-gradient":""},"tablet":{"background-color":"var(--ast-global-color-4)","background-image":"","background-repeat":"repeat","background-position":"center center","background-size":"auto","background-attachment":"scroll","background-type":"","background-media":"","overlay-type":"","overlay-color":"","overlay-opacity":"","overlay-gradient":""},"mobile":{"background-color":"var(--ast-global-color-4)","background-image":"","background-repeat":"repeat","background-position":"center center","background-size":"auto","background-attachment":"scroll","background-type":"","background-media":"","overlay-type":"","overlay-color":"","overlay-opacity":"","overlay-gradient":""}}},"product_brand":[],"product_cat":[22],"product_tag":[42],"class_list":{"0":"post-236","1":"product","2":"type-product","3":"status-publish","4":"has-post-thumbnail","6":"product_cat-caffeine-anhydrous","7":"product_tag-usp","8":"desktop-align-center","9":"tablet-align-left","10":"mobile-align-left","12":"first","13":"instock","14":"taxable","15":"shipping-taxable","16":"purchasable","17":"product-type-variable","18":"has-default-attributes"},"acf":[],"yoast_head":"<!-- This site is optimized with the Yoast SEO plugin v27.3 - https:\/\/yoast.com\/product\/yoast-seo-wordpress\/ -->\n<title>Caffeine Anhydrous - CAM Ingredients<\/title>\n<meta name=\"robots\" content=\"index, follow, max-snippet:-1, max-image-preview:large, max-video-preview:-1\" \/>\n<link rel=\"canonical\" href=\"https:\/\/camingredients.com\/fr\/produit\/caffeine-anhydrous\/\" \/>\n<meta property=\"og:locale\" content=\"fr_CA\" \/>\n<meta property=\"og:type\" content=\"article\" \/>\n<meta property=\"og:title\" content=\"Caffeine Anhydrous - CAM Ingredients\" \/>\n<meta property=\"og:description\" content=\"Caffeine anhydrous is a pure, powdered version of caffeine, which is normally a crystalline-like substance. Caffeine Anhydrous is extracted from natural sources such as coffee beans and tea leaves then modified and broken down in a laboratory into a crystalline powder.  Athletes around the world use caffeine supplements to improve performance and accelerate results. The most common positive effects are increased fat loss, and enhanced power output.  Warning: Caffeine is highly toxic in high quantities. Excess use with as little as a few grams is dangerous. Do not use more than 200 milligrams (mg) of Caffeine in a single serving, or more than 600 milligrams (mg) per day.  This product is available for: Companies developing products that require caffeine as an ingredient. Companies manufacturing approved products. IMPORTANT This product is available exclusively to verified industry-related businesses, including those in beverage, chemical manufacturing, cosmetics, food manufacturing, pharmaceuticals, supplementation, research\/analysis, or other industrial applications. These restrictions are designed to protect public safety, as handling this material requires specialized equipment, prevents misuse, and complies with local or federal regulations specific to the destination country. Country of Origin: China Storage: Store in a cool, dry area and not in direct sunlight. Preferred storage temperature should not exceed 40\u00b0C\" \/>\n<meta property=\"og:url\" content=\"https:\/\/camingredients.com\/fr\/produit\/caffeine-anhydrous\/\" \/>\n<meta property=\"og:site_name\" content=\"CAM Ingredients\" \/>\n<meta property=\"article:modified_time\" content=\"2026-03-22T15:14:17+00:00\" \/>\n<meta property=\"og:image\" content=\"https:\/\/camingredients.com\/wp-content\/uploads\/2025\/02\/Caffeine-Anhydrous.png\" \/>\n\t<meta property=\"og:image:width\" content=\"1024\" \/>\n\t<meta property=\"og:image:height\" content=\"1024\" \/>\n\t<meta property=\"og:image:type\" content=\"image\/png\" \/>\n<meta name=\"twitter:card\" content=\"summary_large_image\" \/>\n<meta name=\"twitter:label1\" content=\"Estimation du temps de lecture\" \/>\n\t<meta name=\"twitter:data1\" content=\"1 minute\" \/>\n<script type=\"application\/ld+json\" class=\"yoast-schema-graph\">{\"@context\":\"https:\\\/\\\/schema.org\",\"@graph\":[{\"@type\":\"WebPage\",\"@id\":\"https:\\\/\\\/camingredients.com\\\/product\\\/caffeine-anhydrous\\\/\",\"url\":\"https:\\\/\\\/camingredients.com\\\/product\\\/caffeine-anhydrous\\\/\",\"name\":\"Caffeine Anhydrous - CAM Ingredients\",\"isPartOf\":{\"@id\":\"https:\\\/\\\/camingredients.com\\\/#website\"},\"primaryImageOfPage\":{\"@id\":\"https:\\\/\\\/camingredients.com\\\/product\\\/caffeine-anhydrous\\\/#primaryimage\"},\"image\":{\"@id\":\"https:\\\/\\\/camingredients.com\\\/product\\\/caffeine-anhydrous\\\/#primaryimage\"},\"thumbnailUrl\":\"https:\\\/\\\/camingredients.com\\\/wp-content\\\/uploads\\\/2025\\\/02\\\/Caffeine-Anhydrous.png\",\"datePublished\":\"2025-02-04T22:42:59+00:00\",\"dateModified\":\"2026-03-22T15:14:17+00:00\",\"breadcrumb\":{\"@id\":\"https:\\\/\\\/camingredients.com\\\/product\\\/caffeine-anhydrous\\\/#breadcrumb\"},\"inLanguage\":\"fr-CA\",\"potentialAction\":[{\"@type\":\"ReadAction\",\"target\":[\"https:\\\/\\\/camingredients.com\\\/product\\\/caffeine-anhydrous\\\/\"]}]},{\"@type\":\"ImageObject\",\"inLanguage\":\"fr-CA\",\"@id\":\"https:\\\/\\\/camingredients.com\\\/product\\\/caffeine-anhydrous\\\/#primaryimage\",\"url\":\"https:\\\/\\\/camingredients.com\\\/wp-content\\\/uploads\\\/2025\\\/02\\\/Caffeine-Anhydrous.png\",\"contentUrl\":\"https:\\\/\\\/camingredients.com\\\/wp-content\\\/uploads\\\/2025\\\/02\\\/Caffeine-Anhydrous.png\",\"width\":1024,\"height\":1024},{\"@type\":\"BreadcrumbList\",\"@id\":\"https:\\\/\\\/camingredients.com\\\/product\\\/caffeine-anhydrous\\\/#breadcrumb\",\"itemListElement\":[{\"@type\":\"ListItem\",\"position\":1,\"name\":\"Home\",\"item\":\"https:\\\/\\\/camingredients.com\\\/\"},{\"@type\":\"ListItem\",\"position\":2,\"name\":\"Ingredients\",\"item\":\"https:\\\/\\\/camingredients.com\\\/ingredients\\\/\"},{\"@type\":\"ListItem\",\"position\":3,\"name\":\"Caffeine Anhydrous\"}]},{\"@type\":\"WebSite\",\"@id\":\"https:\\\/\\\/camingredients.com\\\/#website\",\"url\":\"https:\\\/\\\/camingredients.com\\\/\",\"name\":\"CAM Ingredients\",\"description\":\"Ingredients to enhance human health and wellbeing\",\"publisher\":{\"@id\":\"https:\\\/\\\/camingredients.com\\\/#organization\"},\"potentialAction\":[{\"@type\":\"SearchAction\",\"target\":{\"@type\":\"EntryPoint\",\"urlTemplate\":\"https:\\\/\\\/camingredients.com\\\/?s={search_term_string}\"},\"query-input\":{\"@type\":\"PropertyValueSpecification\",\"valueRequired\":true,\"valueName\":\"search_term_string\"}}],\"inLanguage\":\"fr-CA\"},{\"@type\":\"Organization\",\"@id\":\"https:\\\/\\\/camingredients.com\\\/#organization\",\"name\":\"CAM Ingredients\",\"url\":\"https:\\\/\\\/camingredients.com\\\/\",\"logo\":{\"@type\":\"ImageObject\",\"inLanguage\":\"fr-CA\",\"@id\":\"https:\\\/\\\/camingredients.com\\\/#\\\/schema\\\/logo\\\/image\\\/\",\"url\":\"http:\\\/\\\/camingredients.com\\\/wp-content\\\/uploads\\\/2025\\\/01\\\/Logo-CAM-Ingredients-WIDE.png\",\"contentUrl\":\"http:\\\/\\\/camingredients.com\\\/wp-content\\\/uploads\\\/2025\\\/01\\\/Logo-CAM-Ingredients-WIDE.png\",\"width\":354,\"height\":150,\"caption\":\"CAM Ingredients\"},\"image\":{\"@id\":\"https:\\\/\\\/camingredients.com\\\/#\\\/schema\\\/logo\\\/image\\\/\"}}]}<\/script>\n<!-- \/ Yoast SEO plugin. -->","yoast_head_json":{"title":"Caffeine Anhydrous - CAM Ingredients","robots":{"index":"index","follow":"follow","max-snippet":"max-snippet:-1","max-image-preview":"max-image-preview:large","max-video-preview":"max-video-preview:-1"},"canonical":"https:\/\/camingredients.com\/fr\/produit\/caffeine-anhydrous\/","og_locale":"fr_CA","og_type":"article","og_title":"Caffeine Anhydrous - CAM Ingredients","og_description":"Caffeine anhydrous is a pure, powdered version of caffeine, which is normally a crystalline-like substance. Caffeine Anhydrous is extracted from natural sources such as coffee beans and tea leaves then modified and broken down in a laboratory into a crystalline powder.  Athletes around the world use caffeine supplements to improve performance and accelerate results. The most common positive effects are increased fat loss, and enhanced power output.  Warning: Caffeine is highly toxic in high quantities. Excess use with as little as a few grams is dangerous. Do not use more than 200 milligrams (mg) of Caffeine in a single serving, or more than 600 milligrams (mg) per day.  This product is available for: Companies developing products that require caffeine as an ingredient. Companies manufacturing approved products. IMPORTANT This product is available exclusively to verified industry-related businesses, including those in beverage, chemical manufacturing, cosmetics, food manufacturing, pharmaceuticals, supplementation, research\/analysis, or other industrial applications. These restrictions are designed to protect public safety, as handling this material requires specialized equipment, prevents misuse, and complies with local or federal regulations specific to the destination country. Country of Origin: China Storage: Store in a cool, dry area and not in direct sunlight. Preferred storage temperature should not exceed 40\u00b0C","og_url":"https:\/\/camingredients.com\/fr\/produit\/caffeine-anhydrous\/","og_site_name":"CAM Ingredients","article_modified_time":"2026-03-22T15:14:17+00:00","og_image":[{"width":1024,"height":1024,"url":"https:\/\/camingredients.com\/wp-content\/uploads\/2025\/02\/Caffeine-Anhydrous.png","type":"image\/png"}],"twitter_card":"summary_large_image","twitter_misc":{"Estimation du temps de lecture":"1 minute"},"schema":{"@context":"https:\/\/schema.org","@graph":[{"@type":"WebPage","@id":"https:\/\/camingredients.com\/product\/caffeine-anhydrous\/","url":"https:\/\/camingredients.com\/product\/caffeine-anhydrous\/","name":"Caffeine Anhydrous - CAM Ingredients","isPartOf":{"@id":"https:\/\/camingredients.com\/#website"},"primaryImageOfPage":{"@id":"https:\/\/camingredients.com\/product\/caffeine-anhydrous\/#primaryimage"},"image":{"@id":"https:\/\/camingredients.com\/product\/caffeine-anhydrous\/#primaryimage"},"thumbnailUrl":"https:\/\/camingredients.com\/wp-content\/uploads\/2025\/02\/Caffeine-Anhydrous.png","datePublished":"2025-02-04T22:42:59+00:00","dateModified":"2026-03-22T15:14:17+00:00","breadcrumb":{"@id":"https:\/\/camingredients.com\/product\/caffeine-anhydrous\/#breadcrumb"},"inLanguage":"fr-CA","potentialAction":[{"@type":"ReadAction","target":["https:\/\/camingredients.com\/product\/caffeine-anhydrous\/"]}]},{"@type":"ImageObject","inLanguage":"fr-CA","@id":"https:\/\/camingredients.com\/product\/caffeine-anhydrous\/#primaryimage","url":"https:\/\/camingredients.com\/wp-content\/uploads\/2025\/02\/Caffeine-Anhydrous.png","contentUrl":"https:\/\/camingredients.com\/wp-content\/uploads\/2025\/02\/Caffeine-Anhydrous.png","width":1024,"height":1024},{"@type":"BreadcrumbList","@id":"https:\/\/camingredients.com\/product\/caffeine-anhydrous\/#breadcrumb","itemListElement":[{"@type":"ListItem","position":1,"name":"Home","item":"https:\/\/camingredients.com\/"},{"@type":"ListItem","position":2,"name":"Ingredients","item":"https:\/\/camingredients.com\/ingredients\/"},{"@type":"ListItem","position":3,"name":"Caffeine Anhydrous"}]},{"@type":"WebSite","@id":"https:\/\/camingredients.com\/#website","url":"https:\/\/camingredients.com\/","name":"CAM Ingredients","description":"Ingredients to enhance human health and wellbeing","publisher":{"@id":"https:\/\/camingredients.com\/#organization"},"potentialAction":[{"@type":"SearchAction","target":{"@type":"EntryPoint","urlTemplate":"https:\/\/camingredients.com\/?s={search_term_string}"},"query-input":{"@type":"PropertyValueSpecification","valueRequired":true,"valueName":"search_term_string"}}],"inLanguage":"fr-CA"},{"@type":"Organization","@id":"https:\/\/camingredients.com\/#organization","name":"CAM Ingredients","url":"https:\/\/camingredients.com\/","logo":{"@type":"ImageObject","inLanguage":"fr-CA","@id":"https:\/\/camingredients.com\/#\/schema\/logo\/image\/","url":"http:\/\/camingredients.com\/wp-content\/uploads\/2025\/01\/Logo-CAM-Ingredients-WIDE.png","contentUrl":"http:\/\/camingredients.com\/wp-content\/uploads\/2025\/01\/Logo-CAM-Ingredients-WIDE.png","width":354,"height":150,"caption":"CAM Ingredients"},"image":{"@id":"https:\/\/camingredients.com\/#\/schema\/logo\/image\/"}}]}},"jetpack_sharing_enabled":true,"_links":{"self":[{"href":"https:\/\/camingredients.com\/fr\/wp-json\/wp\/v2\/product\/236","targetHints":{"allow":["GET"]}}],"collection":[{"href":"https:\/\/camingredients.com\/fr\/wp-json\/wp\/v2\/product"}],"about":[{"href":"https:\/\/camingredients.com\/fr\/wp-json\/wp\/v2\/types\/product"}],"wp:featuredmedia":[{"embeddable":true,"href":"https:\/\/camingredients.com\/fr\/wp-json\/wp\/v2\/media\/1280"}],"wp:attachment":[{"href":"https:\/\/camingredients.com\/fr\/wp-json\/wp\/v2\/media?parent=236"}],"wp:term":[{"taxonomy":"product_brand","embeddable":true,"href":"https:\/\/camingredients.com\/fr\/wp-json\/wp\/v2\/product_brand?post=236"},{"taxonomy":"product_cat","embeddable":true,"href":"https:\/\/camingredients.com\/fr\/wp-json\/wp\/v2\/product_cat?post=236"},{"taxonomy":"product_tag","embeddable":true,"href":"https:\/\/camingredients.com\/fr\/wp-json\/wp\/v2\/product_tag?post=236"}],"curies":[{"name":"wp","href":"https:\/\/api.w.org\/{rel}","templated":true}]}}