{"id":90,"date":"2025-01-22T09:00:27","date_gmt":"2025-01-22T09:00:27","guid":{"rendered":"https:\/\/camingredients.com\/?page_id=90"},"modified":"2025-07-03T20:06:55","modified_gmt":"2025-07-03T20:06:55","slug":"shipping","status":"publish","type":"page","link":"https:\/\/camingredients.com\/fr\/shipping\/","title":{"rendered":"Livraison"},"content":{"rendered":"<div data-elementor-type=\"wp-page\" data-elementor-id=\"90\" class=\"elementor elementor-90\" data-elementor-post-type=\"page\">\n\t\t\t\t<div class=\"elementor-element elementor-element-4e8f81d e-flex e-con-boxed e-con e-parent\" data-id=\"4e8f81d\" data-element_type=\"container\" data-e-type=\"container\">\n\t\t\t\t\t<div class=\"e-con-inner\">\n\t\t\t\t<div class=\"elementor-element elementor-element-7ee9d0d elementor-widget elementor-widget-heading\" data-id=\"7ee9d0d\" data-element_type=\"widget\" data-e-type=\"widget\" data-widget_type=\"heading.default\">\n\t\t\t\t<div class=\"elementor-widget-container\">\n\t\t\t\t\t<h1 class=\"elementor-heading-title elementor-size-default\">Informations sur la Livraison<\/h1>\t\t\t\t<\/div>\n\t\t\t\t<\/div>\n\t\t\t\t<div class=\"elementor-element elementor-element-0300d34 elementor-invisible elementor-widget elementor-widget-text-editor\" data-id=\"0300d34\" data-element_type=\"widget\" data-e-type=\"widget\" data-settings=\"{&quot;_animation&quot;:&quot;fadeIn&quot;,&quot;_animation_delay&quot;:200}\" data-widget_type=\"text-editor.default\">\n\t\t\t\t<div class=\"elementor-widget-container\">\n\t\t\t\t\t\t\t\t\t<ul><li><strong>Livraison Gratuite:<\/strong> Disponible pour le Canada et les \u00c9tats-Unis.<\/li><li><strong>Lieu d\u2019exp\u00e9dition:<\/strong> Les commandes sont trait\u00e9es et exp\u00e9di\u00e9es depuis Ch\u00e2teauguay, Qu\u00e9bec, Canada.<\/li><li><strong>Heures de traitement des commandes:<\/strong> Du lundi au vendredi, de 8 h \u00e0 17 h (heure de l\u2019Est).<\/li><li><strong>Exp\u00e9dition rapide:<\/strong> La plupart des commandes pass\u00e9es avant 7 h (HE) sont exp\u00e9di\u00e9es le m\u00eame jour ouvrable. Un lien de suivi est envoy\u00e9 automatiquement par courriel, g\u00e9n\u00e9ralement dans les 24h suivant l\u2019exp\u00e9dition. Les commandes en gros peuvent n\u00e9cessiter quelques jours ouvrables suppl\u00e9mentaires de pr\u00e9paration.<\/li><\/ul><h2>Livraison au Canada:<\/h2><p>Livraison standard gratuite : 2 \u00e0 8 jours ouvrables<\/p><h4><span style=\"font-weight: 400;\">Options de livraison express :<\/span><\/h4><p>Xpresspost : 2 \u00e0 3 jours ouvrables<br \/>Priorit\u00e9<strong>:<\/strong> 1 \u00e0 2 jours ouvrables<br \/>UPS Express<strong>:<\/strong> 1 \u00e0 2 jours ouvrables<br \/>Livraison par fret (palette)<strong>:<\/strong> livraison gratuite en 2 \u00e0 8 jours ouvrables. Le num\u00e9ro de suivi est transmis 1 \u00e0 2 jours apr\u00e8s l\u2019exp\u00e9dition.<br \/>Note<strong>:<\/strong> UPS ne livre pas aux bo\u00eetes postales.<br \/>Des frais suppl\u00e9mentaires peuvent s\u2019appliquer pour certaines r\u00e9gions \u00e9loign\u00e9es, chantiers de construction ou livraisons n\u00e9cessitant un rendez-vous ou un hayon \u00e9l\u00e9vateur.<\/p><h2>Livraison aux \u00c9tats-Unis:<\/h2><p>Livraison gratuite : 4 \u00e0 10 jours ouvrables<\/p><h4><span style=\"font-weight: 400;\">Options de livraison express :<\/span><\/h4><p>Colis acc\u00e9l\u00e9r\u00e9<strong>:<\/strong> 4 \u00e0 8 jours ouvrables<br \/>Xpresspost<strong>:<\/strong> 2 \u00e0 4 jours ouvrables<br \/>Livraison via USPS<strong>:<\/strong> les colis sont confi\u00e9s \u00e0 United States Postal Service (USPS).<br \/>Des frais suppl\u00e9mentaires peuvent s\u2019appliquer pour les r\u00e9gions rurales ou \u00e9loign\u00e9es.<\/p><h2>Restrictions pour les produits chimiques<\/h2><p><span style=\"font-weight: 400;\">Les produits chimiques exp\u00e9di\u00e9s en f\u00fbts, palettes ou conteneurs IBC ne sont pas livr\u00e9s aux \u00c9tats-Unis ni \u00e0 l\u2019international.<\/span><\/p><h2>Conseils pour une livraison plus rapide:<\/h2><ul><li><span style=\"font-weight: 400;\">V\u00e9rifiez attentivement la s\u00e9lection de vos produits, adresse de livraison, courriel et num\u00e9ro de t\u00e9l\u00e9phone.<\/span><\/li><li>\u00c9vitez d\u2019ajouter des notes au transporteur, sauf si cela est essentiel.<\/li><li>Surveillez vos courriels pour suivre les mises \u00e0 jour d\u2019exp\u00e9dition automatiques.<\/li><li>Suivez votre commande en temps r\u00e9el en ligne.<\/li><\/ul><h2>Facturation:<\/h2><ul><li><span style=\"font-weight: 400;\">Une facture papier est incluse dans chaque envoi.<\/span><\/li><li>Pour obtenir une copie \u00e9lectronique (PDF), il suffit de nous transmettre votre num\u00e9ro de commande.<\/li><\/ul>\t\t\t\t\t\t\t\t<\/div>\n\t\t\t\t<\/div>\n\t\t\t\t\t<\/div>\n\t\t\t\t<\/div>\n\t\t\t\t<\/div>","protected":false},"excerpt":{"rendered":"<p>Shipping Details Free Shipping: Available to Canada and the United States. Shipping Location: Orders are processed and shipped from Chateauguay, [&hellip;]<\/p>\n","protected":false},"author":1,"featured_media":0,"parent":0,"menu_order":0,"comment_status":"closed","ping_status":"closed","template":"","meta":{"_acf_changed":false,"site-sidebar-layout":"no-sidebar","site-content-layout":"","ast-site-content-layout":"full-width-container","site-content-style":"default","site-sidebar-style":"default","ast-global-header-display":"","ast-banner-title-visibility":"","ast-main-header-display":"","ast-hfb-above-header-display":"","ast-hfb-below-header-display":"","ast-hfb-mobile-header-display":"","site-post-title":"disabled","ast-breadcrumbs-content":"","ast-featured-img":"disabled","footer-sml-layout":"","ast-disable-related-posts":"","theme-transparent-header-meta":"default","adv-header-id-meta":"","stick-header-meta":"","header-above-stick-meta":"","header-main-stick-meta":"","header-below-stick-meta":"","astra-migrate-meta-layouts":"set","ast-page-background-enabled":"default","ast-page-background-meta":{"desktop":{"background-color":"var(--ast-global-color-5)","background-image":"","background-repeat":"repeat","background-position":"center center","background-size":"auto","background-attachment":"scroll","background-type":"","background-media":"","overlay-type":"","overlay-color":"","overlay-opacity":"","overlay-gradient":""},"tablet":{"background-color":"","background-image":"","background-repeat":"repeat","background-position":"center center","background-size":"auto","background-attachment":"scroll","background-type":"","background-media":"","overlay-type":"","overlay-color":"","overlay-opacity":"","overlay-gradient":""},"mobile":{"background-color":"","background-image":"","background-repeat":"repeat","background-position":"center center","background-size":"auto","background-attachment":"scroll","background-type":"","background-media":"","overlay-type":"","overlay-color":"","overlay-opacity":"","overlay-gradient":""}},"ast-content-background-meta":{"desktop":{"background-color":"var(--ast-global-color-4)","background-image":"","background-repeat":"repeat","background-position":"center center","background-size":"auto","background-attachment":"scroll","background-type":"","background-media":"","overlay-type":"","overlay-color":"","overlay-opacity":"","overlay-gradient":""},"tablet":{"background-color":"var(--ast-global-color-4)","background-image":"","background-repeat":"repeat","background-position":"center center","background-size":"auto","background-attachment":"scroll","background-type":"","background-media":"","overlay-type":"","overlay-color":"","overlay-opacity":"","overlay-gradient":""},"mobile":{"background-color":"var(--ast-global-color-4)","background-image":"","background-repeat":"repeat","background-position":"center center","background-size":"auto","background-attachment":"scroll","background-type":"","background-media":"","overlay-type":"","overlay-color":"","overlay-opacity":"","overlay-gradient":""}},"footnotes":""},"class_list":["post-90","page","type-page","status-publish","hentry"],"acf":[],"yoast_head":"<!-- This site is optimized with the Yoast SEO plugin v27.3 - https:\/\/yoast.com\/product\/yoast-seo-wordpress\/ -->\n<title>Shipping - CAM Ingredients<\/title>\n<meta name=\"robots\" content=\"index, follow, max-snippet:-1, max-image-preview:large, max-video-preview:-1\" \/>\n<link rel=\"canonical\" href=\"https:\/\/camingredients.com\/fr\/shipping\/\" \/>\n<meta property=\"og:locale\" content=\"fr_CA\" \/>\n<meta property=\"og:type\" content=\"article\" \/>\n<meta property=\"og:title\" content=\"Shipping - CAM Ingredients\" \/>\n<meta property=\"og:description\" content=\"Shipping Details Free Shipping: Available to Canada and the United States. Shipping Location: Orders are processed and shipped from Chateauguay, [&hellip;]\" \/>\n<meta property=\"og:url\" content=\"https:\/\/camingredients.com\/fr\/shipping\/\" \/>\n<meta property=\"og:site_name\" content=\"CAM Ingredients\" \/>\n<meta property=\"article:modified_time\" content=\"2025-07-03T20:06:55+00:00\" \/>\n<meta name=\"twitter:card\" content=\"summary_large_image\" \/>\n<meta name=\"twitter:label1\" content=\"Estimation du temps de lecture\" \/>\n\t<meta name=\"twitter:data1\" content=\"2 minutes\" \/>\n<script type=\"application\/ld+json\" class=\"yoast-schema-graph\">{\"@context\":\"https:\\\/\\\/schema.org\",\"@graph\":[{\"@type\":\"WebPage\",\"@id\":\"https:\\\/\\\/camingredients.com\\\/shipping\\\/\",\"url\":\"https:\\\/\\\/camingredients.com\\\/shipping\\\/\",\"name\":\"Shipping - CAM Ingredients\",\"isPartOf\":{\"@id\":\"https:\\\/\\\/camingredients.com\\\/#website\"},\"datePublished\":\"2025-01-22T09:00:27+00:00\",\"dateModified\":\"2025-07-03T20:06:55+00:00\",\"breadcrumb\":{\"@id\":\"https:\\\/\\\/camingredients.com\\\/shipping\\\/#breadcrumb\"},\"inLanguage\":\"fr-CA\",\"potentialAction\":[{\"@type\":\"ReadAction\",\"target\":[\"https:\\\/\\\/camingredients.com\\\/shipping\\\/\"]}]},{\"@type\":\"BreadcrumbList\",\"@id\":\"https:\\\/\\\/camingredients.com\\\/shipping\\\/#breadcrumb\",\"itemListElement\":[{\"@type\":\"ListItem\",\"position\":1,\"name\":\"Home\",\"item\":\"https:\\\/\\\/camingredients.com\\\/\"},{\"@type\":\"ListItem\",\"position\":2,\"name\":\"Shipping\"}]},{\"@type\":\"WebSite\",\"@id\":\"https:\\\/\\\/camingredients.com\\\/#website\",\"url\":\"https:\\\/\\\/camingredients.com\\\/\",\"name\":\"CAM Ingredients\",\"description\":\"Ingredients to enhance human health and wellbeing\",\"publisher\":{\"@id\":\"https:\\\/\\\/camingredients.com\\\/#organization\"},\"potentialAction\":[{\"@type\":\"SearchAction\",\"target\":{\"@type\":\"EntryPoint\",\"urlTemplate\":\"https:\\\/\\\/camingredients.com\\\/?s={search_term_string}\"},\"query-input\":{\"@type\":\"PropertyValueSpecification\",\"valueRequired\":true,\"valueName\":\"search_term_string\"}}],\"inLanguage\":\"fr-CA\"},{\"@type\":\"Organization\",\"@id\":\"https:\\\/\\\/camingredients.com\\\/#organization\",\"name\":\"CAM Ingredients\",\"url\":\"https:\\\/\\\/camingredients.com\\\/\",\"logo\":{\"@type\":\"ImageObject\",\"inLanguage\":\"fr-CA\",\"@id\":\"https:\\\/\\\/camingredients.com\\\/#\\\/schema\\\/logo\\\/image\\\/\",\"url\":\"http:\\\/\\\/camingredients.com\\\/wp-content\\\/uploads\\\/2025\\\/01\\\/Logo-CAM-Ingredients-WIDE.png\",\"contentUrl\":\"http:\\\/\\\/camingredients.com\\\/wp-content\\\/uploads\\\/2025\\\/01\\\/Logo-CAM-Ingredients-WIDE.png\",\"width\":354,\"height\":150,\"caption\":\"CAM Ingredients\"},\"image\":{\"@id\":\"https:\\\/\\\/camingredients.com\\\/#\\\/schema\\\/logo\\\/image\\\/\"}}]}<\/script>\n<!-- \/ Yoast SEO plugin. -->","yoast_head_json":{"title":"Shipping - CAM Ingredients","robots":{"index":"index","follow":"follow","max-snippet":"max-snippet:-1","max-image-preview":"max-image-preview:large","max-video-preview":"max-video-preview:-1"},"canonical":"https:\/\/camingredients.com\/fr\/shipping\/","og_locale":"fr_CA","og_type":"article","og_title":"Shipping - CAM Ingredients","og_description":"Shipping Details Free Shipping: Available to Canada and the United States. Shipping Location: Orders are processed and shipped from Chateauguay, [&hellip;]","og_url":"https:\/\/camingredients.com\/fr\/shipping\/","og_site_name":"CAM Ingredients","article_modified_time":"2025-07-03T20:06:55+00:00","twitter_card":"summary_large_image","twitter_misc":{"Estimation du temps de lecture":"2 minutes"},"schema":{"@context":"https:\/\/schema.org","@graph":[{"@type":"WebPage","@id":"https:\/\/camingredients.com\/shipping\/","url":"https:\/\/camingredients.com\/shipping\/","name":"Shipping - CAM Ingredients","isPartOf":{"@id":"https:\/\/camingredients.com\/#website"},"datePublished":"2025-01-22T09:00:27+00:00","dateModified":"2025-07-03T20:06:55+00:00","breadcrumb":{"@id":"https:\/\/camingredients.com\/shipping\/#breadcrumb"},"inLanguage":"fr-CA","potentialAction":[{"@type":"ReadAction","target":["https:\/\/camingredients.com\/shipping\/"]}]},{"@type":"BreadcrumbList","@id":"https:\/\/camingredients.com\/shipping\/#breadcrumb","itemListElement":[{"@type":"ListItem","position":1,"name":"Home","item":"https:\/\/camingredients.com\/"},{"@type":"ListItem","position":2,"name":"Shipping"}]},{"@type":"WebSite","@id":"https:\/\/camingredients.com\/#website","url":"https:\/\/camingredients.com\/","name":"CAM Ingredients","description":"Ingredients to enhance human health and wellbeing","publisher":{"@id":"https:\/\/camingredients.com\/#organization"},"potentialAction":[{"@type":"SearchAction","target":{"@type":"EntryPoint","urlTemplate":"https:\/\/camingredients.com\/?s={search_term_string}"},"query-input":{"@type":"PropertyValueSpecification","valueRequired":true,"valueName":"search_term_string"}}],"inLanguage":"fr-CA"},{"@type":"Organization","@id":"https:\/\/camingredients.com\/#organization","name":"CAM Ingredients","url":"https:\/\/camingredients.com\/","logo":{"@type":"ImageObject","inLanguage":"fr-CA","@id":"https:\/\/camingredients.com\/#\/schema\/logo\/image\/","url":"http:\/\/camingredients.com\/wp-content\/uploads\/2025\/01\/Logo-CAM-Ingredients-WIDE.png","contentUrl":"http:\/\/camingredients.com\/wp-content\/uploads\/2025\/01\/Logo-CAM-Ingredients-WIDE.png","width":354,"height":150,"caption":"CAM Ingredients"},"image":{"@id":"https:\/\/camingredients.com\/#\/schema\/logo\/image\/"}}]}},"jetpack_sharing_enabled":true,"_links":{"self":[{"href":"https:\/\/camingredients.com\/fr\/wp-json\/wp\/v2\/pages\/90","targetHints":{"allow":["GET"]}}],"collection":[{"href":"https:\/\/camingredients.com\/fr\/wp-json\/wp\/v2\/pages"}],"about":[{"href":"https:\/\/camingredients.com\/fr\/wp-json\/wp\/v2\/types\/page"}],"author":[{"embeddable":true,"href":"https:\/\/camingredients.com\/fr\/wp-json\/wp\/v2\/users\/1"}],"replies":[{"embeddable":true,"href":"https:\/\/camingredients.com\/fr\/wp-json\/wp\/v2\/comments?post=90"}],"version-history":[{"count":25,"href":"https:\/\/camingredients.com\/fr\/wp-json\/wp\/v2\/pages\/90\/revisions"}],"predecessor-version":[{"id":1631,"href":"https:\/\/camingredients.com\/fr\/wp-json\/wp\/v2\/pages\/90\/revisions\/1631"}],"wp:attachment":[{"href":"https:\/\/camingredients.com\/fr\/wp-json\/wp\/v2\/media?parent=90"}],"curies":[{"name":"wp","href":"https:\/\/api.w.org\/{rel}","templated":true}]}}