{"id":84,"date":"2025-01-22T08:59:25","date_gmt":"2025-01-22T08:59:25","guid":{"rendered":"https:\/\/camingredients.com\/?page_id=84"},"modified":"2025-11-01T18:08:03","modified_gmt":"2025-11-01T18:08:03","slug":"about-us","status":"publish","type":"page","link":"https:\/\/camingredients.com\/fr\/about-us\/","title":{"rendered":"\u00c0 propos de nous"},"content":{"rendered":"<div data-elementor-type=\"wp-page\" data-elementor-id=\"84\" class=\"elementor elementor-84\" data-elementor-post-type=\"page\">\n\t\t\t\t<div class=\"elementor-element elementor-element-1fe0f9e8 e-flex e-con-boxed e-con e-parent\" data-id=\"1fe0f9e8\" data-element_type=\"container\" data-e-type=\"container\">\n\t\t\t\t\t<div class=\"e-con-inner\">\n\t\t<div class=\"elementor-element elementor-element-51364d21 e-con-full e-flex e-con e-child\" data-id=\"51364d21\" data-element_type=\"container\" data-e-type=\"container\">\n\t\t\t\t<div class=\"elementor-element elementor-element-18540be6 animated-slow elementor-invisible elementor-widget elementor-widget-heading\" data-id=\"18540be6\" data-element_type=\"widget\" data-e-type=\"widget\" data-settings=\"{&quot;_animation&quot;:&quot;fadeIn&quot;}\" data-widget_type=\"heading.default\">\n\t\t\t\t<div class=\"elementor-widget-container\">\n\t\t\t\t\t<h2 class=\"elementor-heading-title elementor-size-default\">Qui sommes nous<\/h2>\t\t\t\t<\/div>\n\t\t\t\t<\/div>\n\t\t\t\t<div class=\"elementor-element elementor-element-dcb8b09 elementor-widget elementor-widget-text-editor\" data-id=\"dcb8b09\" data-element_type=\"widget\" data-e-type=\"widget\" data-widget_type=\"text-editor.default\">\n\t\t\t\t<div class=\"elementor-widget-container\">\n\t\t\t\t\t\t\t\t\t<p>Chez CAM Ingr\u00e9dients, nous sommes sp\u00e9cialis\u00e9s dans la fourniture d'ingr\u00e9dients bruts de haute qualit\u00e9 pour l'industrie de la m\u00e9decine compl\u00e9mentaire et alternative, les soins personnels et l'entretien domestique. Nous nous engageons \u00e0 offrir des produits abordables, durables et \u00e0 garantir le succ\u00e8s de nos clients. Nous sommes un fournisseur de mati\u00e8res premi\u00e8res de haute qualit\u00e9 pour les secteurs des soins personnels, de la sant\u00e9 naturelle, de la beaut\u00e9 et de l'entretien domestique, tant au Canada qu'aux \u00c9tats-Unis.Nous aidons nos clients \u00e0 cr\u00e9er des produits innovants et passionnants qui am\u00e9liorent et prot\u00e8gent notre quotidien.<\/p>\t\t\t\t\t\t\t\t<\/div>\n\t\t\t\t<\/div>\n\t\t\t\t<\/div>\n\t\t<div class=\"elementor-element elementor-element-52a1fe52 e-con-full e-flex e-con e-child\" data-id=\"52a1fe52\" data-element_type=\"container\" data-e-type=\"container\">\n\t\t\t\t<div class=\"elementor-element elementor-element-1383a10a elementor-widget elementor-widget-image\" data-id=\"1383a10a\" data-element_type=\"widget\" data-e-type=\"widget\" data-widget_type=\"image.default\">\n\t\t\t\t<div class=\"elementor-widget-container\">\n\t\t\t\t\t\t\t\t\t\t\t\t\t\t\t<img fetchpriority=\"high\" decoding=\"async\" width=\"1024\" height=\"683\" src=\"https:\/\/camingredients.com\/wp-content\/uploads\/2025\/06\/who-we-are-1024x683.png\" class=\"attachment-large size-large wp-image-1462\" alt=\"\" srcset=\"https:\/\/camingredients.com\/wp-content\/uploads\/2025\/06\/who-we-are-1024x683.png 1024w, https:\/\/camingredients.com\/wp-content\/uploads\/2025\/06\/who-we-are-300x200.png 300w, https:\/\/camingredients.com\/wp-content\/uploads\/2025\/06\/who-we-are-768x512.png 768w, https:\/\/camingredients.com\/wp-content\/uploads\/2025\/06\/who-we-are-900x600.png 900w, https:\/\/camingredients.com\/wp-content\/uploads\/2025\/06\/who-we-are.png 1536w\" sizes=\"(max-width: 1024px) 100vw, 1024px\" \/>\t\t\t\t\t\t\t\t\t\t\t\t\t\t\t<\/div>\n\t\t\t\t<\/div>\n\t\t\t\t<\/div>\n\t\t\t\t\t<\/div>\n\t\t\t\t<\/div>\n\t\t<div class=\"elementor-element elementor-element-bc24088 e-flex e-con-boxed e-con e-parent\" data-id=\"bc24088\" data-element_type=\"container\" data-e-type=\"container\">\n\t\t\t\t\t<div class=\"e-con-inner\">\n\t\t<div class=\"elementor-element elementor-element-fb6e20e e-con-full e-flex e-con e-child\" data-id=\"fb6e20e\" data-element_type=\"container\" data-e-type=\"container\">\n\t\t\t\t<div class=\"elementor-element elementor-element-468b24c elementor-widget elementor-widget-image\" data-id=\"468b24c\" data-element_type=\"widget\" data-e-type=\"widget\" data-widget_type=\"image.default\">\n\t\t\t\t<div class=\"elementor-widget-container\">\n\t\t\t\t\t\t\t\t\t\t\t\t\t\t\t<img decoding=\"async\" width=\"1024\" height=\"683\" data-src=\"https:\/\/camingredients.com\/wp-content\/uploads\/2025\/04\/About-Us-1024x683.png\" class=\"attachment-large size-large wp-image-1360 lazyload\" alt=\"\" data-srcset=\"https:\/\/camingredients.com\/wp-content\/uploads\/2025\/04\/About-Us-1024x683.png 1024w, https:\/\/camingredients.com\/wp-content\/uploads\/2025\/04\/About-Us-300x200.png 300w, https:\/\/camingredients.com\/wp-content\/uploads\/2025\/04\/About-Us-768x512.png 768w, https:\/\/camingredients.com\/wp-content\/uploads\/2025\/04\/About-Us-900x600.png 900w, https:\/\/camingredients.com\/wp-content\/uploads\/2025\/04\/About-Us.png 1054w\" data-sizes=\"(max-width: 1024px) 100vw, 1024px\" src=\"data:image\/svg+xml;base64,PHN2ZyB3aWR0aD0iMSIgaGVpZ2h0PSIxIiB4bWxucz0iaHR0cDovL3d3dy53My5vcmcvMjAwMC9zdmciPjwvc3ZnPg==\" style=\"--smush-placeholder-width: 1024px; --smush-placeholder-aspect-ratio: 1024\/683;\" \/>\t\t\t\t\t\t\t\t\t\t\t\t\t\t\t<\/div>\n\t\t\t\t<\/div>\n\t\t\t\t<\/div>\n\t\t<div class=\"elementor-element elementor-element-5e9a880 e-con-full e-flex e-con e-child\" data-id=\"5e9a880\" data-element_type=\"container\" data-e-type=\"container\">\n\t\t\t\t<div class=\"elementor-element elementor-element-5420bd6 animated-slow elementor-invisible elementor-widget elementor-widget-heading\" data-id=\"5420bd6\" data-element_type=\"widget\" data-e-type=\"widget\" data-settings=\"{&quot;_animation&quot;:&quot;fadeIn&quot;}\" data-widget_type=\"heading.default\">\n\t\t\t\t<div class=\"elementor-widget-container\">\n\t\t\t\t\t<h2 class=\"elementor-heading-title elementor-size-default\">\u00c0 propos de CAM Ingr\u00e9dients<\/h2>\t\t\t\t<\/div>\n\t\t\t\t<\/div>\n\t\t\t\t<div class=\"elementor-element elementor-element-dc28cfa elementor-widget elementor-widget-text-editor\" data-id=\"dc28cfa\" data-element_type=\"widget\" data-e-type=\"widget\" data-widget_type=\"text-editor.default\">\n\t\t\t\t<div class=\"elementor-widget-container\">\n\t\t\t\t\t\t\t\t\t<div dir=\"auto\">L'\u00e9quipe de gestion de CAM Ingr\u00e9dients apporte plus de deux d\u00e9cennies d'exp\u00e9rience. CAM Ingr\u00e9dients est un fournisseur reconnu d\u2019ingr\u00e9dients bruts de haute qualit\u00e9 pour les secteurs de la sant\u00e9 naturelle, des soins personnels, de la beaut\u00e9 et de l\u2019entretien m\u00e9nager.<\/div><p>Notre priorit\u00e9 : offrir \u00e0 nos clients des ingr\u00e9dients fiables, abordables et durables, tout en assurant un service personnalis\u00e9. Nos relations solides avec nos clients et nos partenaires fournisseurs sont au c\u0153ur de notre mission. Gr\u00e2ce \u00e0 notre plateforme e-commerce d\u00e9di\u00e9e, nous facilitons l\u2019achat en vrac et en gros d\u2019ingr\u00e9dients. La plupart de nos produits sont propos\u00e9s en plusieurs formats, ce qui nous permet de r\u00e9pondre aux besoins de toutes les entreprises : des start-ups innovantes aux grandes marques internationales. Avec des quantit\u00e9s minimales r\u00e9duites, des d\u00e9lais de livraison courts et une grande flexibilit\u00e9 d\u2019approvisionnement, nous \u00e9liminons les barri\u00e8res classiques du march\u00e9 pour vous permettre de cr\u00e9er sans limites.<\/p>\t\t\t\t\t\t\t\t<\/div>\n\t\t\t\t<\/div>\n\t\t\t\t<\/div>\n\t\t\t\t\t<\/div>\n\t\t\t\t<\/div>\n\t\t\t\t<\/div>","protected":false},"excerpt":{"rendered":"<p>Who we are At CAM Ingredients, we specialize in supplying high-quality raw ingredients for the complementary and alternative medicine industry, [&hellip;]<\/p>\n","protected":false},"author":1,"featured_media":0,"parent":0,"menu_order":0,"comment_status":"closed","ping_status":"closed","template":"","meta":{"_acf_changed":false,"site-sidebar-layout":"no-sidebar","site-content-layout":"","ast-site-content-layout":"full-width-container","site-content-style":"default","site-sidebar-style":"default","ast-global-header-display":"","ast-banner-title-visibility":"","ast-main-header-display":"","ast-hfb-above-header-display":"","ast-hfb-below-header-display":"","ast-hfb-mobile-header-display":"","site-post-title":"disabled","ast-breadcrumbs-content":"","ast-featured-img":"disabled","footer-sml-layout":"","ast-disable-related-posts":"","theme-transparent-header-meta":"default","adv-header-id-meta":"","stick-header-meta":"","header-above-stick-meta":"","header-main-stick-meta":"","header-below-stick-meta":"","astra-migrate-meta-layouts":"set","ast-page-background-enabled":"default","ast-page-background-meta":{"desktop":{"background-color":"var(--ast-global-color-5)","background-image":"","background-repeat":"repeat","background-position":"center center","background-size":"auto","background-attachment":"scroll","background-type":"","background-media":"","overlay-type":"","overlay-color":"","overlay-opacity":"","overlay-gradient":""},"tablet":{"background-color":"","background-image":"","background-repeat":"repeat","background-position":"center center","background-size":"auto","background-attachment":"scroll","background-type":"","background-media":"","overlay-type":"","overlay-color":"","overlay-opacity":"","overlay-gradient":""},"mobile":{"background-color":"","background-image":"","background-repeat":"repeat","background-position":"center center","background-size":"auto","background-attachment":"scroll","background-type":"","background-media":"","overlay-type":"","overlay-color":"","overlay-opacity":"","overlay-gradient":""}},"ast-content-background-meta":{"desktop":{"background-color":"var(--ast-global-color-4)","background-image":"","background-repeat":"repeat","background-position":"center center","background-size":"auto","background-attachment":"scroll","background-type":"","background-media":"","overlay-type":"","overlay-color":"","overlay-opacity":"","overlay-gradient":""},"tablet":{"background-color":"var(--ast-global-color-4)","background-image":"","background-repeat":"repeat","background-position":"center center","background-size":"auto","background-attachment":"scroll","background-type":"","background-media":"","overlay-type":"","overlay-color":"","overlay-opacity":"","overlay-gradient":""},"mobile":{"background-color":"var(--ast-global-color-4)","background-image":"","background-repeat":"repeat","background-position":"center center","background-size":"auto","background-attachment":"scroll","background-type":"","background-media":"","overlay-type":"","overlay-color":"","overlay-opacity":"","overlay-gradient":""}},"footnotes":""},"class_list":["post-84","page","type-page","status-publish","hentry"],"acf":[],"yoast_head":"<!-- This site is optimized with the Yoast SEO plugin v27.3 - https:\/\/yoast.com\/product\/yoast-seo-wordpress\/ -->\n<title>About Us - CAM Ingredients<\/title>\n<meta name=\"description\" content=\"Fuel your workouts with Instant Whey Protein Concentrate\u2014boost recovery, strength, and energy in every scoop. Perfect for daily fitness goals!\" \/>\n<meta name=\"robots\" content=\"index, follow, max-snippet:-1, max-image-preview:large, max-video-preview:-1\" \/>\n<link rel=\"canonical\" href=\"https:\/\/camingredients.com\/fr\/about-us\/\" \/>\n<meta property=\"og:locale\" content=\"fr_CA\" \/>\n<meta property=\"og:type\" content=\"article\" \/>\n<meta property=\"og:title\" content=\"About Us - CAM Ingredients\" \/>\n<meta property=\"og:description\" content=\"Fuel your workouts with Instant Whey Protein Concentrate\u2014boost recovery, strength, and energy in every scoop. Perfect for daily fitness goals!\" \/>\n<meta property=\"og:url\" content=\"https:\/\/camingredients.com\/fr\/about-us\/\" \/>\n<meta property=\"og:site_name\" content=\"CAM Ingredients\" \/>\n<meta property=\"article:modified_time\" content=\"2025-11-01T18:08:03+00:00\" \/>\n<meta property=\"og:image\" content=\"http:\/\/camingredients.com\/wp-content\/uploads\/2025\/06\/who-we-are-1024x683.png\" \/>\n<meta name=\"twitter:card\" content=\"summary_large_image\" \/>\n<meta name=\"twitter:label1\" content=\"Estimation du temps de lecture\" \/>\n\t<meta name=\"twitter:data1\" content=\"2 minutes\" \/>\n<script type=\"application\/ld+json\" class=\"yoast-schema-graph\">{\"@context\":\"https:\\\/\\\/schema.org\",\"@graph\":[{\"@type\":\"WebPage\",\"@id\":\"https:\\\/\\\/camingredients.com\\\/about-us\\\/\",\"url\":\"https:\\\/\\\/camingredients.com\\\/about-us\\\/\",\"name\":\"About Us - CAM Ingredients\",\"isPartOf\":{\"@id\":\"https:\\\/\\\/camingredients.com\\\/#website\"},\"primaryImageOfPage\":{\"@id\":\"https:\\\/\\\/camingredients.com\\\/about-us\\\/#primaryimage\"},\"image\":{\"@id\":\"https:\\\/\\\/camingredients.com\\\/about-us\\\/#primaryimage\"},\"thumbnailUrl\":\"http:\\\/\\\/camingredients.com\\\/wp-content\\\/uploads\\\/2025\\\/06\\\/who-we-are-1024x683.png\",\"datePublished\":\"2025-01-22T08:59:25+00:00\",\"dateModified\":\"2025-11-01T18:08:03+00:00\",\"description\":\"Fuel your workouts with Instant Whey Protein Concentrate\u2014boost recovery, strength, and energy in every scoop. Perfect for daily fitness goals!\",\"breadcrumb\":{\"@id\":\"https:\\\/\\\/camingredients.com\\\/about-us\\\/#breadcrumb\"},\"inLanguage\":\"fr-CA\",\"potentialAction\":[{\"@type\":\"ReadAction\",\"target\":[\"https:\\\/\\\/camingredients.com\\\/about-us\\\/\"]}]},{\"@type\":\"ImageObject\",\"inLanguage\":\"fr-CA\",\"@id\":\"https:\\\/\\\/camingredients.com\\\/about-us\\\/#primaryimage\",\"url\":\"http:\\\/\\\/camingredients.com\\\/wp-content\\\/uploads\\\/2025\\\/06\\\/who-we-are-1024x683.png\",\"contentUrl\":\"http:\\\/\\\/camingredients.com\\\/wp-content\\\/uploads\\\/2025\\\/06\\\/who-we-are-1024x683.png\"},{\"@type\":\"BreadcrumbList\",\"@id\":\"https:\\\/\\\/camingredients.com\\\/about-us\\\/#breadcrumb\",\"itemListElement\":[{\"@type\":\"ListItem\",\"position\":1,\"name\":\"Home\",\"item\":\"https:\\\/\\\/camingredients.com\\\/\"},{\"@type\":\"ListItem\",\"position\":2,\"name\":\"About Us\"}]},{\"@type\":\"WebSite\",\"@id\":\"https:\\\/\\\/camingredients.com\\\/#website\",\"url\":\"https:\\\/\\\/camingredients.com\\\/\",\"name\":\"CAM Ingredients\",\"description\":\"Ingredients to enhance human health and wellbeing\",\"publisher\":{\"@id\":\"https:\\\/\\\/camingredients.com\\\/#organization\"},\"potentialAction\":[{\"@type\":\"SearchAction\",\"target\":{\"@type\":\"EntryPoint\",\"urlTemplate\":\"https:\\\/\\\/camingredients.com\\\/?s={search_term_string}\"},\"query-input\":{\"@type\":\"PropertyValueSpecification\",\"valueRequired\":true,\"valueName\":\"search_term_string\"}}],\"inLanguage\":\"fr-CA\"},{\"@type\":\"Organization\",\"@id\":\"https:\\\/\\\/camingredients.com\\\/#organization\",\"name\":\"CAM Ingredients\",\"url\":\"https:\\\/\\\/camingredients.com\\\/\",\"logo\":{\"@type\":\"ImageObject\",\"inLanguage\":\"fr-CA\",\"@id\":\"https:\\\/\\\/camingredients.com\\\/#\\\/schema\\\/logo\\\/image\\\/\",\"url\":\"http:\\\/\\\/camingredients.com\\\/wp-content\\\/uploads\\\/2025\\\/01\\\/Logo-CAM-Ingredients-WIDE.png\",\"contentUrl\":\"http:\\\/\\\/camingredients.com\\\/wp-content\\\/uploads\\\/2025\\\/01\\\/Logo-CAM-Ingredients-WIDE.png\",\"width\":354,\"height\":150,\"caption\":\"CAM Ingredients\"},\"image\":{\"@id\":\"https:\\\/\\\/camingredients.com\\\/#\\\/schema\\\/logo\\\/image\\\/\"}}]}<\/script>\n<!-- \/ Yoast SEO plugin. -->","yoast_head_json":{"title":"About Us - CAM Ingredients","description":"Fuel your workouts with Instant Whey Protein Concentrate\u2014boost recovery, strength, and energy in every scoop. Perfect for daily fitness goals!","robots":{"index":"index","follow":"follow","max-snippet":"max-snippet:-1","max-image-preview":"max-image-preview:large","max-video-preview":"max-video-preview:-1"},"canonical":"https:\/\/camingredients.com\/fr\/about-us\/","og_locale":"fr_CA","og_type":"article","og_title":"About Us - CAM Ingredients","og_description":"Fuel your workouts with Instant Whey Protein Concentrate\u2014boost recovery, strength, and energy in every scoop. Perfect for daily fitness goals!","og_url":"https:\/\/camingredients.com\/fr\/about-us\/","og_site_name":"CAM Ingredients","article_modified_time":"2025-11-01T18:08:03+00:00","og_image":[{"url":"http:\/\/camingredients.com\/wp-content\/uploads\/2025\/06\/who-we-are-1024x683.png","type":"","width":"","height":""}],"twitter_card":"summary_large_image","twitter_misc":{"Estimation du temps de lecture":"2 minutes"},"schema":{"@context":"https:\/\/schema.org","@graph":[{"@type":"WebPage","@id":"https:\/\/camingredients.com\/about-us\/","url":"https:\/\/camingredients.com\/about-us\/","name":"About Us - CAM Ingredients","isPartOf":{"@id":"https:\/\/camingredients.com\/#website"},"primaryImageOfPage":{"@id":"https:\/\/camingredients.com\/about-us\/#primaryimage"},"image":{"@id":"https:\/\/camingredients.com\/about-us\/#primaryimage"},"thumbnailUrl":"http:\/\/camingredients.com\/wp-content\/uploads\/2025\/06\/who-we-are-1024x683.png","datePublished":"2025-01-22T08:59:25+00:00","dateModified":"2025-11-01T18:08:03+00:00","description":"Fuel your workouts with Instant Whey Protein Concentrate\u2014boost recovery, strength, and energy in every scoop. Perfect for daily fitness goals!","breadcrumb":{"@id":"https:\/\/camingredients.com\/about-us\/#breadcrumb"},"inLanguage":"fr-CA","potentialAction":[{"@type":"ReadAction","target":["https:\/\/camingredients.com\/about-us\/"]}]},{"@type":"ImageObject","inLanguage":"fr-CA","@id":"https:\/\/camingredients.com\/about-us\/#primaryimage","url":"http:\/\/camingredients.com\/wp-content\/uploads\/2025\/06\/who-we-are-1024x683.png","contentUrl":"http:\/\/camingredients.com\/wp-content\/uploads\/2025\/06\/who-we-are-1024x683.png"},{"@type":"BreadcrumbList","@id":"https:\/\/camingredients.com\/about-us\/#breadcrumb","itemListElement":[{"@type":"ListItem","position":1,"name":"Home","item":"https:\/\/camingredients.com\/"},{"@type":"ListItem","position":2,"name":"About Us"}]},{"@type":"WebSite","@id":"https:\/\/camingredients.com\/#website","url":"https:\/\/camingredients.com\/","name":"CAM Ingredients","description":"Ingredients to enhance human health and wellbeing","publisher":{"@id":"https:\/\/camingredients.com\/#organization"},"potentialAction":[{"@type":"SearchAction","target":{"@type":"EntryPoint","urlTemplate":"https:\/\/camingredients.com\/?s={search_term_string}"},"query-input":{"@type":"PropertyValueSpecification","valueRequired":true,"valueName":"search_term_string"}}],"inLanguage":"fr-CA"},{"@type":"Organization","@id":"https:\/\/camingredients.com\/#organization","name":"CAM Ingredients","url":"https:\/\/camingredients.com\/","logo":{"@type":"ImageObject","inLanguage":"fr-CA","@id":"https:\/\/camingredients.com\/#\/schema\/logo\/image\/","url":"http:\/\/camingredients.com\/wp-content\/uploads\/2025\/01\/Logo-CAM-Ingredients-WIDE.png","contentUrl":"http:\/\/camingredients.com\/wp-content\/uploads\/2025\/01\/Logo-CAM-Ingredients-WIDE.png","width":354,"height":150,"caption":"CAM Ingredients"},"image":{"@id":"https:\/\/camingredients.com\/#\/schema\/logo\/image\/"}}]}},"jetpack_sharing_enabled":true,"_links":{"self":[{"href":"https:\/\/camingredients.com\/fr\/wp-json\/wp\/v2\/pages\/84","targetHints":{"allow":["GET"]}}],"collection":[{"href":"https:\/\/camingredients.com\/fr\/wp-json\/wp\/v2\/pages"}],"about":[{"href":"https:\/\/camingredients.com\/fr\/wp-json\/wp\/v2\/types\/page"}],"author":[{"embeddable":true,"href":"https:\/\/camingredients.com\/fr\/wp-json\/wp\/v2\/users\/1"}],"replies":[{"embeddable":true,"href":"https:\/\/camingredients.com\/fr\/wp-json\/wp\/v2\/comments?post=84"}],"version-history":[{"count":29,"href":"https:\/\/camingredients.com\/fr\/wp-json\/wp\/v2\/pages\/84\/revisions"}],"predecessor-version":[{"id":1582,"href":"https:\/\/camingredients.com\/fr\/wp-json\/wp\/v2\/pages\/84\/revisions\/1582"}],"wp:attachment":[{"href":"https:\/\/camingredients.com\/fr\/wp-json\/wp\/v2\/media?parent=84"}],"curies":[{"name":"wp","href":"https:\/\/api.w.org\/{rel}","templated":true}]}}