{"id":165,"date":"2025-01-23T19:23:57","date_gmt":"2025-01-23T19:23:57","guid":{"rendered":"https:\/\/camingredients.com\/?page_id=165"},"modified":"2025-03-21T19:12:48","modified_gmt":"2025-03-21T19:12:48","slug":"privacy-security","status":"publish","type":"page","link":"https:\/\/camingredients.com\/fr\/privacy-security\/","title":{"rendered":"Confidentialit\u00e9 &amp; S\u00e9curit\u00e9"},"content":{"rendered":"<div data-elementor-type=\"wp-page\" data-elementor-id=\"165\" class=\"elementor elementor-165\" data-elementor-post-type=\"page\">\n\t\t\t\t<div class=\"elementor-element elementor-element-4c199bd e-flex e-con-boxed e-con e-parent\" data-id=\"4c199bd\" data-element_type=\"container\" data-e-type=\"container\">\n\t\t\t\t\t<div class=\"e-con-inner\">\n\t\t\t\t<div class=\"elementor-element elementor-element-002f354 elementor-widget elementor-widget-heading\" data-id=\"002f354\" data-element_type=\"widget\" data-e-type=\"widget\" data-widget_type=\"heading.default\">\n\t\t\t\t<div class=\"elementor-widget-container\">\n\t\t\t\t\t<h1 class=\"elementor-heading-title elementor-size-default\">Privacy &amp; Security Policy<\/h1>\t\t\t\t<\/div>\n\t\t\t\t<\/div>\n\t\t\t\t<div class=\"elementor-element elementor-element-cd0cff0 elementor-invisible elementor-widget elementor-widget-text-editor\" data-id=\"cd0cff0\" data-element_type=\"widget\" data-e-type=\"widget\" data-settings=\"{&quot;_animation&quot;:&quot;fadeIn&quot;,&quot;_animation_delay&quot;:200}\" data-widget_type=\"text-editor.default\">\n\t\t\t\t<div class=\"elementor-widget-container\">\n\t\t\t\t\t\t\t\t\t<p data-start=\"149\" data-end=\"292\">At CAM INGREDIENTS, we prioritize your privacy and security. This policy outlines how we collect, use, and protect your personal information.<\/p><h3 data-start=\"294\" data-end=\"322\"><strong data-start=\"298\" data-end=\"320\">1. Data Collection<\/strong><\/h3><p data-start=\"323\" data-end=\"382\">When you purchase or register on our website, we collect:<\/p><ul data-start=\"383\" data-end=\"559\"><li data-start=\"383\" data-end=\"465\">Personal details: Name, address, phone number, email, and account information.<\/li><li data-start=\"466\" data-end=\"559\">Web settings &amp; usage data: Collected through cookies to enhance your shopping experience.<\/li><\/ul><h3 data-start=\"561\" data-end=\"601\"><strong data-start=\"565\" data-end=\"599\">2. How We Use Your Information<\/strong><\/h3><ul data-start=\"602\" data-end=\"822\"><li data-start=\"602\" data-end=\"746\">We do <strong data-start=\"610\" data-end=\"617\">not<\/strong> sell or share your personal information except when necessary to complete orders (e.g., with delivery companies or suppliers).<\/li><li data-start=\"747\" data-end=\"822\">We may send occasional emails regarding product updates and promotions.<\/li><\/ul><h3 data-start=\"824\" data-end=\"863\"><strong data-start=\"828\" data-end=\"861\">3. Links to External Websites<\/strong><\/h3><p data-start=\"864\" data-end=\"1011\">Our website may contain links to third-party websites. Once you leave our site, we are <strong data-start=\"951\" data-end=\"970\">not responsible<\/strong> for their privacy policies or content.<\/p><h3 data-start=\"1013\" data-end=\"1044\"><strong data-start=\"1017\" data-end=\"1042\">4. Cookies &amp; Tracking<\/strong><\/h3><ul data-start=\"1045\" data-end=\"1153\"><li data-start=\"1045\" data-end=\"1153\">We use cookies to enhance your experience, keeping you logged in and saving your shopping cart contents.<\/li><\/ul><h3 data-start=\"1155\" data-end=\"1188\"><strong data-start=\"1159\" data-end=\"1186\">5. Website Traffic Data<\/strong><\/h3><ul data-start=\"1189\" data-end=\"1324\"><li data-start=\"1189\" data-end=\"1324\">General traffic data (browser type, visited pages) is collected for performance analysis but is <strong data-start=\"1287\" data-end=\"1294\">not<\/strong> linked to personal details.<\/li><\/ul><h3 data-start=\"1326\" data-end=\"1356\"><strong data-start=\"1330\" data-end=\"1354\">6. Security Measures<\/strong><\/h3><ul data-start=\"1357\" data-end=\"1524\"><li data-start=\"1357\" data-end=\"1414\">Your data is stored securely in protected facilities.<\/li><li data-start=\"1415\" data-end=\"1524\">Our website undergoes <strong data-start=\"1439\" data-end=\"1467\">regular security testing<\/strong>, and transactions are secured with <strong data-start=\"1503\" data-end=\"1521\">SSL technology<\/strong>.<\/li><\/ul><h3 data-start=\"1526\" data-end=\"1552\"><strong data-start=\"1530\" data-end=\"1550\">7. SMS Marketing<\/strong><\/h3><ul data-start=\"1553\" data-end=\"1725\"><li data-start=\"1553\" data-end=\"1613\">If you opt in, we may send promotional messages via SMS.<\/li><li data-start=\"1614\" data-end=\"1725\">Your information is shared <strong data-start=\"1643\" data-end=\"1651\">only<\/strong> with trusted partners for message delivery\u2014never for any other purpose.<\/li><\/ul><h3 data-start=\"1727\" data-end=\"1754\"><strong data-start=\"1731\" data-end=\"1752\">8. Policy Updates<\/strong><\/h3><ul data-start=\"1755\" data-end=\"1867\"><li data-start=\"1755\" data-end=\"1867\">CAM INGREDIENTS reserves the right to update this policy at any time. Changes will be posted on our website.<\/li><\/ul><p data-start=\"1869\" data-end=\"1945\">For any questions, feel free to contact us at <strong data-start=\"1915\" data-end=\"1942\"><a href=\"mailto:info@camingredients.com\" rel=\"noopener\" data-start=\"1917\" data-end=\"1940\">info@camingredients.com<\/a><\/strong>.<\/p>\t\t\t\t\t\t\t\t<\/div>\n\t\t\t\t<\/div>\n\t\t\t\t\t<\/div>\n\t\t\t\t<\/div>\n\t\t\t\t<\/div>","protected":false},"excerpt":{"rendered":"<p>Privacy &#038; Security Policy At CAM INGREDIENTS, we prioritize your privacy and security. This policy outlines how we collect, use, [&hellip;]<\/p>\n","protected":false},"author":1,"featured_media":0,"parent":0,"menu_order":0,"comment_status":"closed","ping_status":"closed","template":"","meta":{"_acf_changed":false,"site-sidebar-layout":"no-sidebar","site-content-layout":"","ast-site-content-layout":"full-width-container","site-content-style":"default","site-sidebar-style":"default","ast-global-header-display":"","ast-banner-title-visibility":"","ast-main-header-display":"","ast-hfb-above-header-display":"","ast-hfb-below-header-display":"","ast-hfb-mobile-header-display":"","site-post-title":"disabled","ast-breadcrumbs-content":"","ast-featured-img":"disabled","footer-sml-layout":"","ast-disable-related-posts":"","theme-transparent-header-meta":"default","adv-header-id-meta":"","stick-header-meta":"","header-above-stick-meta":"","header-main-stick-meta":"","header-below-stick-meta":"","astra-migrate-meta-layouts":"set","ast-page-background-enabled":"default","ast-page-background-meta":{"desktop":{"background-color":"var(--ast-global-color-5)","background-image":"","background-repeat":"repeat","background-position":"center center","background-size":"auto","background-attachment":"scroll","background-type":"","background-media":"","overlay-type":"","overlay-color":"","overlay-opacity":"","overlay-gradient":""},"tablet":{"background-color":"","background-image":"","background-repeat":"repeat","background-position":"center center","background-size":"auto","background-attachment":"scroll","background-type":"","background-media":"","overlay-type":"","overlay-color":"","overlay-opacity":"","overlay-gradient":""},"mobile":{"background-color":"","background-image":"","background-repeat":"repeat","background-position":"center center","background-size":"auto","background-attachment":"scroll","background-type":"","background-media":"","overlay-type":"","overlay-color":"","overlay-opacity":"","overlay-gradient":""}},"ast-content-background-meta":{"desktop":{"background-color":"var(--ast-global-color-4)","background-image":"","background-repeat":"repeat","background-position":"center center","background-size":"auto","background-attachment":"scroll","background-type":"","background-media":"","overlay-type":"","overlay-color":"","overlay-opacity":"","overlay-gradient":""},"tablet":{"background-color":"var(--ast-global-color-4)","background-image":"","background-repeat":"repeat","background-position":"center center","background-size":"auto","background-attachment":"scroll","background-type":"","background-media":"","overlay-type":"","overlay-color":"","overlay-opacity":"","overlay-gradient":""},"mobile":{"background-color":"var(--ast-global-color-4)","background-image":"","background-repeat":"repeat","background-position":"center center","background-size":"auto","background-attachment":"scroll","background-type":"","background-media":"","overlay-type":"","overlay-color":"","overlay-opacity":"","overlay-gradient":""}},"footnotes":""},"class_list":["post-165","page","type-page","status-publish","hentry"],"acf":[],"yoast_head":"<!-- This site is optimized with the Yoast SEO plugin v27.3 - https:\/\/yoast.com\/product\/yoast-seo-wordpress\/ -->\n<title>Privacy &amp; Security - CAM Ingredients<\/title>\n<meta name=\"robots\" content=\"index, follow, max-snippet:-1, max-image-preview:large, max-video-preview:-1\" \/>\n<link rel=\"canonical\" href=\"https:\/\/camingredients.com\/fr\/privacy-security\/\" \/>\n<meta property=\"og:locale\" content=\"fr_CA\" \/>\n<meta property=\"og:type\" content=\"article\" \/>\n<meta property=\"og:title\" content=\"Privacy &amp; Security - CAM Ingredients\" \/>\n<meta property=\"og:description\" content=\"Privacy &#038; Security Policy At CAM INGREDIENTS, we prioritize your privacy and security. This policy outlines how we collect, use, [&hellip;]\" \/>\n<meta property=\"og:url\" content=\"https:\/\/camingredients.com\/fr\/privacy-security\/\" \/>\n<meta property=\"og:site_name\" content=\"CAM Ingredients\" \/>\n<meta property=\"article:modified_time\" content=\"2025-03-21T19:12:48+00:00\" \/>\n<meta name=\"twitter:card\" content=\"summary_large_image\" \/>\n<meta name=\"twitter:label1\" content=\"Estimation du temps de lecture\" \/>\n\t<meta name=\"twitter:data1\" content=\"2 minutes\" \/>\n<script type=\"application\/ld+json\" class=\"yoast-schema-graph\">{\"@context\":\"https:\\\/\\\/schema.org\",\"@graph\":[{\"@type\":\"WebPage\",\"@id\":\"https:\\\/\\\/camingredients.com\\\/privacy-security\\\/\",\"url\":\"https:\\\/\\\/camingredients.com\\\/privacy-security\\\/\",\"name\":\"Privacy & Security - CAM Ingredients\",\"isPartOf\":{\"@id\":\"https:\\\/\\\/camingredients.com\\\/#website\"},\"datePublished\":\"2025-01-23T19:23:57+00:00\",\"dateModified\":\"2025-03-21T19:12:48+00:00\",\"breadcrumb\":{\"@id\":\"https:\\\/\\\/camingredients.com\\\/privacy-security\\\/#breadcrumb\"},\"inLanguage\":\"fr-CA\",\"potentialAction\":[{\"@type\":\"ReadAction\",\"target\":[\"https:\\\/\\\/camingredients.com\\\/privacy-security\\\/\"]}]},{\"@type\":\"BreadcrumbList\",\"@id\":\"https:\\\/\\\/camingredients.com\\\/privacy-security\\\/#breadcrumb\",\"itemListElement\":[{\"@type\":\"ListItem\",\"position\":1,\"name\":\"Home\",\"item\":\"https:\\\/\\\/camingredients.com\\\/\"},{\"@type\":\"ListItem\",\"position\":2,\"name\":\"Privacy &#038; Security\"}]},{\"@type\":\"WebSite\",\"@id\":\"https:\\\/\\\/camingredients.com\\\/#website\",\"url\":\"https:\\\/\\\/camingredients.com\\\/\",\"name\":\"CAM Ingredients\",\"description\":\"Ingredients to enhance human health and wellbeing\",\"publisher\":{\"@id\":\"https:\\\/\\\/camingredients.com\\\/#organization\"},\"potentialAction\":[{\"@type\":\"SearchAction\",\"target\":{\"@type\":\"EntryPoint\",\"urlTemplate\":\"https:\\\/\\\/camingredients.com\\\/?s={search_term_string}\"},\"query-input\":{\"@type\":\"PropertyValueSpecification\",\"valueRequired\":true,\"valueName\":\"search_term_string\"}}],\"inLanguage\":\"fr-CA\"},{\"@type\":\"Organization\",\"@id\":\"https:\\\/\\\/camingredients.com\\\/#organization\",\"name\":\"CAM Ingredients\",\"url\":\"https:\\\/\\\/camingredients.com\\\/\",\"logo\":{\"@type\":\"ImageObject\",\"inLanguage\":\"fr-CA\",\"@id\":\"https:\\\/\\\/camingredients.com\\\/#\\\/schema\\\/logo\\\/image\\\/\",\"url\":\"http:\\\/\\\/camingredients.com\\\/wp-content\\\/uploads\\\/2025\\\/01\\\/Logo-CAM-Ingredients-WIDE.png\",\"contentUrl\":\"http:\\\/\\\/camingredients.com\\\/wp-content\\\/uploads\\\/2025\\\/01\\\/Logo-CAM-Ingredients-WIDE.png\",\"width\":354,\"height\":150,\"caption\":\"CAM Ingredients\"},\"image\":{\"@id\":\"https:\\\/\\\/camingredients.com\\\/#\\\/schema\\\/logo\\\/image\\\/\"}}]}<\/script>\n<!-- \/ Yoast SEO plugin. -->","yoast_head_json":{"title":"Privacy & Security - CAM Ingredients","robots":{"index":"index","follow":"follow","max-snippet":"max-snippet:-1","max-image-preview":"max-image-preview:large","max-video-preview":"max-video-preview:-1"},"canonical":"https:\/\/camingredients.com\/fr\/privacy-security\/","og_locale":"fr_CA","og_type":"article","og_title":"Privacy & Security - CAM Ingredients","og_description":"Privacy &#038; Security Policy At CAM INGREDIENTS, we prioritize your privacy and security. This policy outlines how we collect, use, [&hellip;]","og_url":"https:\/\/camingredients.com\/fr\/privacy-security\/","og_site_name":"CAM Ingredients","article_modified_time":"2025-03-21T19:12:48+00:00","twitter_card":"summary_large_image","twitter_misc":{"Estimation du temps de lecture":"2 minutes"},"schema":{"@context":"https:\/\/schema.org","@graph":[{"@type":"WebPage","@id":"https:\/\/camingredients.com\/privacy-security\/","url":"https:\/\/camingredients.com\/privacy-security\/","name":"Privacy & Security - CAM Ingredients","isPartOf":{"@id":"https:\/\/camingredients.com\/#website"},"datePublished":"2025-01-23T19:23:57+00:00","dateModified":"2025-03-21T19:12:48+00:00","breadcrumb":{"@id":"https:\/\/camingredients.com\/privacy-security\/#breadcrumb"},"inLanguage":"fr-CA","potentialAction":[{"@type":"ReadAction","target":["https:\/\/camingredients.com\/privacy-security\/"]}]},{"@type":"BreadcrumbList","@id":"https:\/\/camingredients.com\/privacy-security\/#breadcrumb","itemListElement":[{"@type":"ListItem","position":1,"name":"Home","item":"https:\/\/camingredients.com\/"},{"@type":"ListItem","position":2,"name":"Privacy &#038; Security"}]},{"@type":"WebSite","@id":"https:\/\/camingredients.com\/#website","url":"https:\/\/camingredients.com\/","name":"CAM Ingredients","description":"Ingredients to enhance human health and wellbeing","publisher":{"@id":"https:\/\/camingredients.com\/#organization"},"potentialAction":[{"@type":"SearchAction","target":{"@type":"EntryPoint","urlTemplate":"https:\/\/camingredients.com\/?s={search_term_string}"},"query-input":{"@type":"PropertyValueSpecification","valueRequired":true,"valueName":"search_term_string"}}],"inLanguage":"fr-CA"},{"@type":"Organization","@id":"https:\/\/camingredients.com\/#organization","name":"CAM Ingredients","url":"https:\/\/camingredients.com\/","logo":{"@type":"ImageObject","inLanguage":"fr-CA","@id":"https:\/\/camingredients.com\/#\/schema\/logo\/image\/","url":"http:\/\/camingredients.com\/wp-content\/uploads\/2025\/01\/Logo-CAM-Ingredients-WIDE.png","contentUrl":"http:\/\/camingredients.com\/wp-content\/uploads\/2025\/01\/Logo-CAM-Ingredients-WIDE.png","width":354,"height":150,"caption":"CAM Ingredients"},"image":{"@id":"https:\/\/camingredients.com\/#\/schema\/logo\/image\/"}}]}},"jetpack_sharing_enabled":true,"_links":{"self":[{"href":"https:\/\/camingredients.com\/fr\/wp-json\/wp\/v2\/pages\/165","targetHints":{"allow":["GET"]}}],"collection":[{"href":"https:\/\/camingredients.com\/fr\/wp-json\/wp\/v2\/pages"}],"about":[{"href":"https:\/\/camingredients.com\/fr\/wp-json\/wp\/v2\/types\/page"}],"author":[{"embeddable":true,"href":"https:\/\/camingredients.com\/fr\/wp-json\/wp\/v2\/users\/1"}],"replies":[{"embeddable":true,"href":"https:\/\/camingredients.com\/fr\/wp-json\/wp\/v2\/comments?post=165"}],"version-history":[{"count":8,"href":"https:\/\/camingredients.com\/fr\/wp-json\/wp\/v2\/pages\/165\/revisions"}],"predecessor-version":[{"id":1060,"href":"https:\/\/camingredients.com\/fr\/wp-json\/wp\/v2\/pages\/165\/revisions\/1060"}],"wp:attachment":[{"href":"https:\/\/camingredients.com\/fr\/wp-json\/wp\/v2\/media?parent=165"}],"curies":[{"name":"wp","href":"https:\/\/api.w.org\/{rel}","templated":true}]}}